{"id":2662,"date":"2023-04-27T08:02:14","date_gmt":"2023-04-27T08:02:14","guid":{"rendered":"https:\/\/traditionundmarkt.com\/?page_id=2662"},"modified":"2023-07-13T13:02:36","modified_gmt":"2023-07-13T13:02:36","slug":"politique-en-matiere-de-cookies","status":"publish","type":"page","link":"https:\/\/traditionundmarkt.com\/fr\/politique-en-matiere-de-cookies\/","title":{"rendered":"Politique en mati\u00e8re de cookies"},"content":{"rendered":"\n<p>Vous \u00eates venu sur cette page parce que vous semblez vouloir obtenir plus de d\u00e9tails sur le message concernant les cookies que vous avez vu sur notre site, et conform\u00e9ment \u00e0 la directive europ\u00e9enne 2009\/136 \/ CE &#8211; article 5 (3), nous sommes tenus de l&rsquo;afficher pour tous les visiteurs.<\/p>\n\n\n\n<p>L&rsquo;objectif de la politique en mati\u00e8re de cookies est d&rsquo;expliquer ce que sont les cookies et \u00e0 quoi ils servent, mais aussi de fournir des indications sur la mani\u00e8re dont vous pouvez refuser ou supprimer les cookies g\u00e9n\u00e9r\u00e9s par ce site web si vous le souhaitez.<\/p>\n\n\n\n<h3 class=\"wp-block-heading\">Que sont les cookies ?<\/h3>\n\n\n\n<p>Les cookies sont de petits fichiers texte qui sont stock\u00e9s sur votre ordinateur, votre tablette ou votre t\u00e9l\u00e9phone portable lorsque vous visitez un site web. En g\u00e9n\u00e9rant des cookies, le site web se souvient de vos visites et de la mani\u00e8re dont vous avez utilis\u00e9 le site web lorsque vous y revenez. Le cookie est totalement \u00ab\u00a0passif\u00a0\u00bb, c&rsquo;est-\u00e0-dire qu&rsquo;il ne contient aucun logiciel et ne peut en aucun cas acc\u00e9der aux informations stock\u00e9es sur le disque dur de l&rsquo;utilisateur.<\/p>\n\n\n\n<p>Les cookies du site www.traditionundmarkt.com n&rsquo;enregistrent pas de donn\u00e9es personnelles. En effet, pour voir toutes les informations disponibles (texte, photos ou vid\u00e9os), vous n&rsquo;avez pas besoin de vous connecter avec votre nom d&rsquo;utilisateur\/mot de passe et vous n&rsquo;avez pas besoin de nous communiquer vos donn\u00e9es personnelles.<\/p>\n\n\n\n<h3 class=\"wp-block-heading\">Cookies de tiers<\/h3>\n\n\n\n<p>Le site www.traditionundmarkt.com utilise des cookies de tiers (Google Adsense, Google Analytics, Facebook, Google+, Twitter, etc.) afin de personnaliser le contenu et les annonces affich\u00e9s, de fournir des fonctionnalit\u00e9s de m\u00e9dias sociaux et d&rsquo;analyser le trafic g\u00e9n\u00e9r\u00e9 par le site.<\/p>\n\n\n\n<p>Les publicit\u00e9s que vous trouvez sur ce site appartiennent \u00e0 des tiers. Certaines de ces parties utilisent leurs propres cookies anonymes pour analyser le nombre de personnes qui ont vu une publicit\u00e9 ou pour voir combien de personnes ont vu la m\u00eame publicit\u00e9 plusieurs fois. Les soci\u00e9t\u00e9s qui g\u00e9n\u00e8rent ces cookies ont leur propre politique de confidentialit\u00e9, et le site www.traditionundmarkt.com n&rsquo;a pas acc\u00e8s \u00e0 la lecture ou \u00e0 l&rsquo;\u00e9criture de ces cookies.<\/p>\n\n\n\n<p>Par exemple, lorsque vous partagez un article via les boutons de m\u00e9dias sociaux (Facebook, Google+ ou Twitter) sur ce site, ces r\u00e9seaux sociaux enregistrent \u00e0 chaque fois votre activit\u00e9.<\/p>\n\n\n\n<h3 class=\"wp-block-heading\">Pourquoi les cookies sont-ils importants pour Internet ?<\/h3>\n\n\n\n<p>Les cookies sont au c\u0153ur du fonctionnement efficace d&rsquo;Internet et contribuent \u00e0 garantir une exp\u00e9rience de navigation conviviale, adapt\u00e9e aux pr\u00e9f\u00e9rences et aux int\u00e9r\u00eats de chaque utilisateur. Le refus ou la d\u00e9sactivation des cookies peut rendre impossible l&rsquo;utilisation de certains sites web. Le refus ou la d\u00e9sactivation des cookies ne signifie pas que vous ne recevrez plus de publicit\u00e9 en ligne. Cela signifie que les publicit\u00e9s qui vous sont pr\u00e9sent\u00e9es ne tiennent plus compte de vos pr\u00e9f\u00e9rences et de vos int\u00e9r\u00eats, tels qu&rsquo;ils ressortent de votre comportement de navigation.<\/p>\n\n\n\n<p>Exemples d&rsquo;utilisation de cookies :<\/p>\n\n\n\n<ul class=\"wp-block-list\">\n<li>Services adapt\u00e9s aux pr\u00e9f\u00e9rences de l&rsquo;utilisateur : Actualit\u00e9s, m\u00e9t\u00e9o, sport, cartes, services publics, services gouvernementaux, services de voyage.<\/li>\n\n\n\n<li>Pr\u00e9f\u00e9rences linguistiques, par exemple affichage des r\u00e9sultats de recherche en roumain.<\/li>\n\n\n\n<li>Maintenir les filtres de protection des enfants pour les contenus Internet (options telles que \u00ab\u00a0mode famille\u00a0\u00bb ou \u00ab\u00a0recherche s\u00e9curis\u00e9e\u00a0\u00bb).<\/li>\n\n\n\n<li>Limiter le nombre d&rsquo;affichages d&rsquo;annonces pour un utilisateur donn\u00e9 sur un site web.<\/li>\n\n\n\n<li>fournir des publicit\u00e9s plus pertinentes pour un utilisateur donn\u00e9.<\/li>\n\n\n\n<li>des fonctions de mesure, d&rsquo;optimisation et d&rsquo;analyse &#8211; telles que la confirmation d&rsquo;un certain niveau de trafic sur un site web, le type de contenu consult\u00e9 et la mani\u00e8re dont un utilisateur acc\u00e8de \u00e0 un site web (via des moteurs de recherche, directement par des liens provenant d&rsquo;autres sites web, etc.)<\/li>\n<\/ul>\n\n\n\n<p>Afin de garantir une plus grande transparence, nous avons s\u00e9lectionn\u00e9 ci-dessous quelques adresses web pour vous permettre d&rsquo;en savoir plus sur la gestion des cookies par des tiers :<\/p>\n\n\n\n<p><a href=\"http:\/\/facebook.com\/help\/cookies\/\">Facebook<\/a><br><a href=\"https:\/\/support.twitter.com\/articles\/20170514\">Twitter<\/a><br><a href=\"https:\/\/policies.google.com\/technologies\/cookies\">Google<\/a><br><a href=\"https:\/\/policies.google.com\/technologies\/partner-sites\">Partenaire Google<\/a><\/p>\n\n\n\n<h3 class=\"wp-block-heading\">S\u00e9curit\u00e9 et protection des donn\u00e9es<\/h3>\n\n\n\n<p>Les cookies ne sont PAS des virus, des logiciels espions ou des logiciels malveillants ! Ils utilisent des formats de texte simples. Ils ne sont pas constitu\u00e9s de code dans un langage de programmation, ils ne peuvent donc pas \u00eatre ex\u00e9cut\u00e9s ou auto-ex\u00e9cut\u00e9s, ils ne peuvent pas \u00eatre dupliqu\u00e9s ou reproduits sur d&rsquo;autres r\u00e9seaux pour \u00eatre ex\u00e9cut\u00e9s ou reproduits \u00e0 nouveau. Comme ils ne remplissent pas ces fonctions, les cookies ne peuvent pas infecter votre syst\u00e8me\/appareil.<\/p>\n\n\n\n<h3 class=\"wp-block-heading\">Comment puis-je arr\u00eater les cookies ?<\/h3>\n\n\n\n<p>Attention ! La d\u00e9sactivation et le refus des cookies peuvent rendre la visite et l&rsquo;utilisation de certains sites web impossibles ou difficiles ! Le refus des cookies ne signifie pas non plus que vous ne pourrez plus recevoir ou voir de publicit\u00e9 en ligne.<\/p>\n\n\n\n<p>Tous les navigateurs modernes offrent la possibilit\u00e9 de modifier les param\u00e8tres des cookies. Ces param\u00e8tres se trouvent g\u00e9n\u00e9ralement dans la section \u00ab\u00a0Options\u00a0\u00bb ou dans le menu \u00ab\u00a0Pr\u00e9f\u00e9rences\u00a0\u00bb du navigateur utilis\u00e9. Utilisez l&rsquo;option d&rsquo;aide du navigateur concern\u00e9 pour obtenir plus de d\u00e9tails.<\/p>\n\n\n\n<p>Param\u00e8tres des cookies dans Internet Explorer : Outils-&gt;Options Internet-&gt;Protection des donn\u00e9es<br>Param\u00e8tres des cookies dans Firefox : Outils-&gt;Options-&gt;Protection des donn\u00e9es-&gt;Cookies<br>Param\u00e8tres des cookies dans Chrome : Outils-&gt;Avanc\u00e9-&gt;Param\u00e8tres de contenu-&gt;Cookies<br>Param\u00e8tres des cookies dans Opera : Param\u00e8tres-&gt;Param\u00e8tres-&gt;Avanc\u00e9-&gt;Cookies<\/p>\n","protected":false},"excerpt":{"rendered":"<p>Vous \u00eates venu sur cette page parce que vous semblez vouloir obtenir plus de d\u00e9tails sur le message concernant les cookies que vous avez vu sur notre site, et conform\u00e9ment \u00e0 la directive europ\u00e9enne 2009\/136 \/ CE &#8211; article 5 (3), nous sommes tenus de l&rsquo;afficher pour tous les visiteurs. L&rsquo;objectif de la politique en [&hellip;]<\/p>\n","protected":false},"author":1,"featured_media":0,"parent":0,"menu_order":99,"comment_status":"closed","ping_status":"closed","template":"","meta":{"_uag_custom_page_level_css":"","site-sidebar-layout":"default","site-content-layout":"","ast-site-content-layout":"default","site-content-style":"default","site-sidebar-style":"default","ast-global-header-display":"","ast-banner-title-visibility":"","ast-main-header-display":"","ast-hfb-above-header-display":"","ast-hfb-below-header-display":"","ast-hfb-mobile-header-display":"","site-post-title":"","ast-breadcrumbs-content":"","ast-featured-img":"","footer-sml-layout":"","ast-disable-related-posts":"","theme-transparent-header-meta":"","adv-header-id-meta":"","stick-header-meta":"","header-above-stick-meta":"","header-main-stick-meta":"","header-below-stick-meta":"","astra-migrate-meta-layouts":"default","ast-page-background-enabled":"default","ast-page-background-meta":{"desktop":{"background-color":"var(--ast-global-color-4)","background-image":"","background-repeat":"repeat","background-position":"center center","background-size":"auto","background-attachment":"scroll","background-type":"","background-media":"","overlay-type":"","overlay-color":"","overlay-opacity":"","overlay-gradient":""},"tablet":{"background-color":"","background-image":"","background-repeat":"repeat","background-position":"center center","background-size":"auto","background-attachment":"scroll","background-type":"","background-media":"","overlay-type":"","overlay-color":"","overlay-opacity":"","overlay-gradient":""},"mobile":{"background-color":"","background-image":"","background-repeat":"repeat","background-position":"center center","background-size":"auto","background-attachment":"scroll","background-type":"","background-media":"","overlay-type":"","overlay-color":"","overlay-opacity":"","overlay-gradient":""}},"ast-content-background-meta":{"desktop":{"background-color":"var(--ast-global-color-5)","background-image":"","background-repeat":"repeat","background-position":"center center","background-size":"auto","background-attachment":"scroll","background-type":"","background-media":"","overlay-type":"","overlay-color":"","overlay-opacity":"","overlay-gradient":""},"tablet":{"background-color":"var(--ast-global-color-5)","background-image":"","background-repeat":"repeat","background-position":"center center","background-size":"auto","background-attachment":"scroll","background-type":"","background-media":"","overlay-type":"","overlay-color":"","overlay-opacity":"","overlay-gradient":""},"mobile":{"background-color":"var(--ast-global-color-5)","background-image":"","background-repeat":"repeat","background-position":"center center","background-size":"auto","background-attachment":"scroll","background-type":"","background-media":"","overlay-type":"","overlay-color":"","overlay-opacity":"","overlay-gradient":""}},"footnotes":""},"class_list":["post-2662","page","type-page","status-publish","hentry"],"yoast_head":"<!-- This site is optimized with the Yoast SEO plugin v27.5 - https:\/\/yoast.com\/product\/yoast-seo-wordpress\/ -->\n<title>Politique en mati\u00e8re de cookies &#8226; Tradition und Markt<\/title>\n<meta name=\"robots\" content=\"index, follow, max-snippet:-1, max-image-preview:large, max-video-preview:-1\" \/>\n<link rel=\"canonical\" href=\"https:\/\/traditionundmarkt.com\/fr\/politique-en-matiere-de-cookies\/\" \/>\n<meta property=\"og:locale\" content=\"fr_FR\" \/>\n<meta property=\"og:type\" content=\"article\" \/>\n<meta property=\"og:title\" content=\"Politique en mati\u00e8re de cookies &#8226; Tradition und Markt\" \/>\n<meta property=\"og:description\" content=\"Vous \u00eates venu sur cette page parce que vous semblez vouloir obtenir plus de d\u00e9tails sur le message concernant les cookies que vous avez vu sur notre site, et conform\u00e9ment \u00e0 la directive europ\u00e9enne 2009\/136 \/ CE &#8211; article 5 (3), nous sommes tenus de l&rsquo;afficher pour tous les visiteurs. L&rsquo;objectif de la politique en [&hellip;]\" \/>\n<meta property=\"og:url\" content=\"https:\/\/traditionundmarkt.com\/fr\/politique-en-matiere-de-cookies\/\" \/>\n<meta property=\"og:site_name\" content=\"Tradition und Markt\" \/>\n<meta property=\"article:publisher\" content=\"https:\/\/www.facebook.com\/Tradition-und-Markt-Franchise-107325457788905\" \/>\n<meta property=\"article:modified_time\" content=\"2023-07-13T13:02:36+00:00\" \/>\n<meta name=\"twitter:card\" content=\"summary_large_image\" \/>\n<script type=\"application\/ld+json\" class=\"yoast-schema-graph\">{\"@context\":\"https:\\\/\\\/schema.org\",\"@graph\":[{\"@type\":\"WebPage\",\"@id\":\"https:\\\/\\\/traditionundmarkt.com\\\/fr\\\/politique-en-matiere-de-cookies\\\/\",\"url\":\"https:\\\/\\\/traditionundmarkt.com\\\/fr\\\/politique-en-matiere-de-cookies\\\/\",\"name\":\"Politique en mati\u00e8re de cookies &#8226; Tradition und Markt\",\"isPartOf\":{\"@id\":\"https:\\\/\\\/traditionundmarkt.com\\\/fr\\\/#website\"},\"datePublished\":\"2023-04-27T08:02:14+00:00\",\"dateModified\":\"2023-07-13T13:02:36+00:00\",\"breadcrumb\":{\"@id\":\"https:\\\/\\\/traditionundmarkt.com\\\/fr\\\/politique-en-matiere-de-cookies\\\/#breadcrumb\"},\"inLanguage\":\"fr-FR\",\"potentialAction\":[{\"@type\":\"ReadAction\",\"target\":[\"https:\\\/\\\/traditionundmarkt.com\\\/fr\\\/politique-en-matiere-de-cookies\\\/\"]}]},{\"@type\":\"BreadcrumbList\",\"@id\":\"https:\\\/\\\/traditionundmarkt.com\\\/fr\\\/politique-en-matiere-de-cookies\\\/#breadcrumb\",\"itemListElement\":[{\"@type\":\"ListItem\",\"position\":1,\"name\":\"Startseite\",\"item\":\"https:\\\/\\\/traditionundmarkt.com\\\/fr\\\/accueil\\\/\"},{\"@type\":\"ListItem\",\"position\":2,\"name\":\"Politique en mati\u00e8re de cookies\"}]},{\"@type\":\"WebSite\",\"@id\":\"https:\\\/\\\/traditionundmarkt.com\\\/fr\\\/#website\",\"url\":\"https:\\\/\\\/traditionundmarkt.com\\\/fr\\\/\",\"name\":\"Tradition und Markt\",\"description\":\"\",\"publisher\":{\"@id\":\"https:\\\/\\\/traditionundmarkt.com\\\/fr\\\/#organization\"},\"potentialAction\":[{\"@type\":\"SearchAction\",\"target\":{\"@type\":\"EntryPoint\",\"urlTemplate\":\"https:\\\/\\\/traditionundmarkt.com\\\/fr\\\/?s={search_term_string}\"},\"query-input\":{\"@type\":\"PropertyValueSpecification\",\"valueRequired\":true,\"valueName\":\"search_term_string\"}}],\"inLanguage\":\"fr-FR\"},{\"@type\":\"Organization\",\"@id\":\"https:\\\/\\\/traditionundmarkt.com\\\/fr\\\/#organization\",\"name\":\"Tradition und Markt\",\"url\":\"https:\\\/\\\/traditionundmarkt.com\\\/fr\\\/\",\"logo\":{\"@type\":\"ImageObject\",\"inLanguage\":\"fr-FR\",\"@id\":\"https:\\\/\\\/traditionundmarkt.com\\\/fr\\\/#\\\/schema\\\/logo\\\/image\\\/\",\"url\":\"https:\\\/\\\/traditionundmarkt.com\\\/wp-content\\\/uploads\\\/2023\\\/02\\\/Logo-Tradtion-und-Markt-1.webp\",\"contentUrl\":\"https:\\\/\\\/traditionundmarkt.com\\\/wp-content\\\/uploads\\\/2023\\\/02\\\/Logo-Tradtion-und-Markt-1.webp\",\"width\":240,\"height\":239,\"caption\":\"Tradition und Markt\"},\"image\":{\"@id\":\"https:\\\/\\\/traditionundmarkt.com\\\/fr\\\/#\\\/schema\\\/logo\\\/image\\\/\"},\"sameAs\":[\"https:\\\/\\\/www.facebook.com\\\/Tradition-und-Markt-Franchise-107325457788905\",\"https:\\\/\\\/www.instagram.com\\\/tradition_und_markt\\\/\",\"https:\\\/\\\/www.youtube.com\\\/channel\\\/UCW4qQf3iVy3suXbbHzK5_dw\",\"https:\\\/\\\/www.linkedin.com\\\/company\\\/tradition-und-markt-franchise\\\/\"]}]}<\/script>\n<!-- \/ Yoast SEO plugin. -->","yoast_head_json":{"title":"Politique en mati\u00e8re de cookies &#8226; Tradition und Markt","robots":{"index":"index","follow":"follow","max-snippet":"max-snippet:-1","max-image-preview":"max-image-preview:large","max-video-preview":"max-video-preview:-1"},"canonical":"https:\/\/traditionundmarkt.com\/fr\/politique-en-matiere-de-cookies\/","og_locale":"fr_FR","og_type":"article","og_title":"Politique en mati\u00e8re de cookies &#8226; Tradition und Markt","og_description":"Vous \u00eates venu sur cette page parce que vous semblez vouloir obtenir plus de d\u00e9tails sur le message concernant les cookies que vous avez vu sur notre site, et conform\u00e9ment \u00e0 la directive europ\u00e9enne 2009\/136 \/ CE &#8211; article 5 (3), nous sommes tenus de l&rsquo;afficher pour tous les visiteurs. L&rsquo;objectif de la politique en [&hellip;]","og_url":"https:\/\/traditionundmarkt.com\/fr\/politique-en-matiere-de-cookies\/","og_site_name":"Tradition und Markt","article_publisher":"https:\/\/www.facebook.com\/Tradition-und-Markt-Franchise-107325457788905","article_modified_time":"2023-07-13T13:02:36+00:00","twitter_card":"summary_large_image","schema":{"@context":"https:\/\/schema.org","@graph":[{"@type":"WebPage","@id":"https:\/\/traditionundmarkt.com\/fr\/politique-en-matiere-de-cookies\/","url":"https:\/\/traditionundmarkt.com\/fr\/politique-en-matiere-de-cookies\/","name":"Politique en mati\u00e8re de cookies &#8226; Tradition und Markt","isPartOf":{"@id":"https:\/\/traditionundmarkt.com\/fr\/#website"},"datePublished":"2023-04-27T08:02:14+00:00","dateModified":"2023-07-13T13:02:36+00:00","breadcrumb":{"@id":"https:\/\/traditionundmarkt.com\/fr\/politique-en-matiere-de-cookies\/#breadcrumb"},"inLanguage":"fr-FR","potentialAction":[{"@type":"ReadAction","target":["https:\/\/traditionundmarkt.com\/fr\/politique-en-matiere-de-cookies\/"]}]},{"@type":"BreadcrumbList","@id":"https:\/\/traditionundmarkt.com\/fr\/politique-en-matiere-de-cookies\/#breadcrumb","itemListElement":[{"@type":"ListItem","position":1,"name":"Startseite","item":"https:\/\/traditionundmarkt.com\/fr\/accueil\/"},{"@type":"ListItem","position":2,"name":"Politique en mati\u00e8re de cookies"}]},{"@type":"WebSite","@id":"https:\/\/traditionundmarkt.com\/fr\/#website","url":"https:\/\/traditionundmarkt.com\/fr\/","name":"Tradition und Markt","description":"","publisher":{"@id":"https:\/\/traditionundmarkt.com\/fr\/#organization"},"potentialAction":[{"@type":"SearchAction","target":{"@type":"EntryPoint","urlTemplate":"https:\/\/traditionundmarkt.com\/fr\/?s={search_term_string}"},"query-input":{"@type":"PropertyValueSpecification","valueRequired":true,"valueName":"search_term_string"}}],"inLanguage":"fr-FR"},{"@type":"Organization","@id":"https:\/\/traditionundmarkt.com\/fr\/#organization","name":"Tradition und Markt","url":"https:\/\/traditionundmarkt.com\/fr\/","logo":{"@type":"ImageObject","inLanguage":"fr-FR","@id":"https:\/\/traditionundmarkt.com\/fr\/#\/schema\/logo\/image\/","url":"https:\/\/traditionundmarkt.com\/wp-content\/uploads\/2023\/02\/Logo-Tradtion-und-Markt-1.webp","contentUrl":"https:\/\/traditionundmarkt.com\/wp-content\/uploads\/2023\/02\/Logo-Tradtion-und-Markt-1.webp","width":240,"height":239,"caption":"Tradition und Markt"},"image":{"@id":"https:\/\/traditionundmarkt.com\/fr\/#\/schema\/logo\/image\/"},"sameAs":["https:\/\/www.facebook.com\/Tradition-und-Markt-Franchise-107325457788905","https:\/\/www.instagram.com\/tradition_und_markt\/","https:\/\/www.youtube.com\/channel\/UCW4qQf3iVy3suXbbHzK5_dw","https:\/\/www.linkedin.com\/company\/tradition-und-markt-franchise\/"]}]}},"uagb_featured_image_src":{"full":false,"thumbnail":false,"medium":false,"medium_large":false,"large":false,"1536x1536":false,"2048x2048":false},"uagb_author_info":{"display_name":"ImpactPro","author_link":"https:\/\/traditionundmarkt.com\/fr\/author\/d549d4ea637b0b33\/"},"uagb_comment_info":0,"uagb_excerpt":"Vous \u00eates venu sur cette page parce que vous semblez vouloir obtenir plus de d\u00e9tails sur le message concernant les cookies que vous avez vu sur notre site, et conform\u00e9ment \u00e0 la directive europ\u00e9enne 2009\/136 \/ CE &#8211; article 5 (3), nous sommes tenus de l&rsquo;afficher pour tous les visiteurs. L&rsquo;objectif de la politique en\u2026","_links":{"self":[{"href":"https:\/\/traditionundmarkt.com\/fr\/wp-json\/wp\/v2\/pages\/2662","targetHints":{"allow":["GET"]}}],"collection":[{"href":"https:\/\/traditionundmarkt.com\/fr\/wp-json\/wp\/v2\/pages"}],"about":[{"href":"https:\/\/traditionundmarkt.com\/fr\/wp-json\/wp\/v2\/types\/page"}],"author":[{"embeddable":true,"href":"https:\/\/traditionundmarkt.com\/fr\/wp-json\/wp\/v2\/users\/1"}],"replies":[{"embeddable":true,"href":"https:\/\/traditionundmarkt.com\/fr\/wp-json\/wp\/v2\/comments?post=2662"}],"version-history":[{"count":2,"href":"https:\/\/traditionundmarkt.com\/fr\/wp-json\/wp\/v2\/pages\/2662\/revisions"}],"predecessor-version":[{"id":2673,"href":"https:\/\/traditionundmarkt.com\/fr\/wp-json\/wp\/v2\/pages\/2662\/revisions\/2673"}],"wp:attachment":[{"href":"https:\/\/traditionundmarkt.com\/fr\/wp-json\/wp\/v2\/media?parent=2662"}],"curies":[{"name":"wp","href":"https:\/\/api.w.org\/{rel}","templated":true}]}}