{"id":2666,"date":"2023-04-27T08:33:05","date_gmt":"2023-04-27T06:33:05","guid":{"rendered":"https:\/\/traditionundmarkt.com\/?page_id=2666"},"modified":"2024-11-22T10:39:15","modified_gmt":"2024-11-22T09:39:15","slug":"impressum","status":"publish","type":"page","link":"https:\/\/traditionundmarkt.com\/fr\/impressum\/","title":{"rendered":"Impressum"},"content":{"rendered":"\n<p>TraditionundMarkt.com est une offre de :<\/p>\n\n\n\n<p>CTC Tradition et March\u00e9 SRL<br>Com. Ciugud Sat. Dr\u00e2mbar str. Nicolae Giosan Nr.126 Jud.Alba<br>J1\/56\/25.01.2012<br>T\u00e9l. : 0040744399487<\/p>\n\n\n\n<p>Responsable du contenu : Cosmin Campean<br>Num\u00e9ro de TVA : RO 29591894<\/p>\n\n\n\n<p>Courrier \u00e9lectronique : office@traditionundmarkt.com<\/p>\n\n\n\n<p>Cr\u00e9dit photo<\/p>\n\n\n\n<p>Les images utilis\u00e9es sur ce site proviennent de :<\/p>\n\n\n\n<ul class=\"wp-block-list\">\n<li>de catalogues d&rsquo;images AdobeStock achet\u00e9s<\/li>\n\n\n\n<li>ou ont \u00e9t\u00e9 photographi\u00e9es par nous-m\u00eames (CTC Tradition et Markt SRL).<\/li>\n<\/ul>\n\n\n\n<p>Les mentions l\u00e9gales sont \u00e9galement valables pour les profils de m\u00e9dias sociaux suivants :<\/p>\n\n\n\n<p>Facebook : https:\/\/www.facebook.com\/Tradition-und-Markt-Franchise-107325457788905<br>Instagram : https:\/\/www.instagram.com\/tradition_und_markt\/<br>Youtube : https:\/\/www.youtube.com\/channel\/UCW4qQf3iVy3suXbbHzK5_dw<br>LinkedIn : https:\/\/www.linkedin.com\/company\/tradition-und-markt-franchise\/<\/p>\n\n\n\n<p>Plateforme de r\u00e8glement des litiges de l&rsquo;UE<\/p>\n\n\n\n<p>Informations sur le r\u00e8glement en ligne des litiges : La Commission europ\u00e9enne a cr\u00e9\u00e9 une plateforme Internet pour le r\u00e8glement en ligne des litiges (appel\u00e9e \u00ab\u00a0plateforme de RLL\u00a0\u00bb). La plateforme d&rsquo;OSP sert de point de contact pour le r\u00e8glement extrajudiciaire de litiges concernant des obligations contractuelles d\u00e9coulant de contrats de vente en ligne. La plateforme de RLL est accessible via le lien suivant : http:\/\/ec.europa.eu\/consumers\/odr.<\/p>\n\n\n\n<p>Informations sur l&rsquo;utilisation de notre site web et sur la protection des donn\u00e9es<br>Pour toute question relative \u00e0 l&rsquo;utilisation de notre site Internet et \u00e0 la protection des donn\u00e9es, nous vous renvoyons \u00e0 nos conditions d&rsquo;utilisation ainsi qu&rsquo;\u00e0 notre directive sur la protection des donn\u00e9es conform\u00e9ment au RGPD.<\/p>\n","protected":false},"excerpt":{"rendered":"<p>TraditionundMarkt.com est une offre de : CTC Tradition et March\u00e9 SRLCom. Ciugud Sat. Dr\u00e2mbar str. Nicolae Giosan Nr.126 Jud.AlbaJ1\/56\/25.01.2012T\u00e9l. : 0040744399487 Responsable du contenu : Cosmin CampeanNum\u00e9ro de TVA : RO 29591894 Courrier \u00e9lectronique : office@traditionundmarkt.com Cr\u00e9dit photo Les images utilis\u00e9es sur ce site proviennent de : Les mentions l\u00e9gales sont \u00e9galement valables pour les [&hellip;]<\/p>\n","protected":false},"author":1,"featured_media":0,"parent":0,"menu_order":99,"comment_status":"closed","ping_status":"closed","template":"","meta":{"_uag_custom_page_level_css":"","site-sidebar-layout":"default","site-content-layout":"","ast-site-content-layout":"default","site-content-style":"default","site-sidebar-style":"default","ast-global-header-display":"","ast-banner-title-visibility":"","ast-main-header-display":"","ast-hfb-above-header-display":"","ast-hfb-below-header-display":"","ast-hfb-mobile-header-display":"","site-post-title":"","ast-breadcrumbs-content":"","ast-featured-img":"","footer-sml-layout":"","ast-disable-related-posts":"","theme-transparent-header-meta":"","adv-header-id-meta":"","stick-header-meta":"","header-above-stick-meta":"","header-main-stick-meta":"","header-below-stick-meta":"","astra-migrate-meta-layouts":"set","ast-page-background-enabled":"default","ast-page-background-meta":{"desktop":{"background-color":"var(--ast-global-color-4)","background-image":"","background-repeat":"repeat","background-position":"center center","background-size":"auto","background-attachment":"scroll","background-type":"","background-media":"","overlay-type":"","overlay-color":"","overlay-opacity":"","overlay-gradient":""},"tablet":{"background-color":"","background-image":"","background-repeat":"repeat","background-position":"center center","background-size":"auto","background-attachment":"scroll","background-type":"","background-media":"","overlay-type":"","overlay-color":"","overlay-opacity":"","overlay-gradient":""},"mobile":{"background-color":"","background-image":"","background-repeat":"repeat","background-position":"center center","background-size":"auto","background-attachment":"scroll","background-type":"","background-media":"","overlay-type":"","overlay-color":"","overlay-opacity":"","overlay-gradient":""}},"ast-content-background-meta":{"desktop":{"background-color":"var(--ast-global-color-5)","background-image":"","background-repeat":"repeat","background-position":"center center","background-size":"auto","background-attachment":"scroll","background-type":"","background-media":"","overlay-type":"","overlay-color":"","overlay-opacity":"","overlay-gradient":""},"tablet":{"background-color":"var(--ast-global-color-5)","background-image":"","background-repeat":"repeat","background-position":"center center","background-size":"auto","background-attachment":"scroll","background-type":"","background-media":"","overlay-type":"","overlay-color":"","overlay-opacity":"","overlay-gradient":""},"mobile":{"background-color":"var(--ast-global-color-5)","background-image":"","background-repeat":"repeat","background-position":"center center","background-size":"auto","background-attachment":"scroll","background-type":"","background-media":"","overlay-type":"","overlay-color":"","overlay-opacity":"","overlay-gradient":""}},"footnotes":""},"class_list":["post-2666","page","type-page","status-publish","hentry"],"yoast_head":"<!-- This site is optimized with the Yoast SEO plugin v27.6 - https:\/\/yoast.com\/product\/yoast-seo-wordpress\/ -->\n<title>Impressum &#8226; Tradition und Markt<\/title>\n<meta name=\"robots\" content=\"index, follow, max-snippet:-1, max-image-preview:large, max-video-preview:-1\" \/>\n<link rel=\"canonical\" href=\"https:\/\/traditionundmarkt.com\/fr\/impressum\/\" \/>\n<meta property=\"og:locale\" content=\"fr_FR\" \/>\n<meta property=\"og:type\" content=\"article\" \/>\n<meta property=\"og:title\" content=\"Impressum &#8226; Tradition und Markt\" \/>\n<meta property=\"og:description\" content=\"TraditionundMarkt.com est une offre de : CTC Tradition et March\u00e9 SRLCom. Ciugud Sat. Dr\u00e2mbar str. Nicolae Giosan Nr.126 Jud.AlbaJ1\/56\/25.01.2012T\u00e9l. : 0040744399487 Responsable du contenu : Cosmin CampeanNum\u00e9ro de TVA : RO 29591894 Courrier \u00e9lectronique : office@traditionundmarkt.com Cr\u00e9dit photo Les images utilis\u00e9es sur ce site proviennent de : Les mentions l\u00e9gales sont \u00e9galement valables pour les [&hellip;]\" \/>\n<meta property=\"og:url\" content=\"https:\/\/traditionundmarkt.com\/fr\/impressum\/\" \/>\n<meta property=\"og:site_name\" content=\"Tradition und Markt\" \/>\n<meta property=\"article:publisher\" content=\"https:\/\/www.facebook.com\/Tradition-und-Markt-Franchise-107325457788905\" \/>\n<meta property=\"article:modified_time\" content=\"2024-11-22T09:39:15+00:00\" \/>\n<meta name=\"twitter:card\" content=\"summary_large_image\" \/>\n<script type=\"application\/ld+json\" class=\"yoast-schema-graph\">{\"@context\":\"https:\\\/\\\/schema.org\",\"@graph\":[{\"@type\":\"WebPage\",\"@id\":\"https:\\\/\\\/traditionundmarkt.com\\\/fr\\\/impressum\\\/\",\"url\":\"https:\\\/\\\/traditionundmarkt.com\\\/fr\\\/impressum\\\/\",\"name\":\"Impressum &#8226; Tradition und Markt\",\"isPartOf\":{\"@id\":\"https:\\\/\\\/traditionundmarkt.com\\\/fr\\\/#website\"},\"datePublished\":\"2023-04-27T06:33:05+00:00\",\"dateModified\":\"2024-11-22T09:39:15+00:00\",\"breadcrumb\":{\"@id\":\"https:\\\/\\\/traditionundmarkt.com\\\/fr\\\/impressum\\\/#breadcrumb\"},\"inLanguage\":\"fr-FR\",\"potentialAction\":[{\"@type\":\"ReadAction\",\"target\":[\"https:\\\/\\\/traditionundmarkt.com\\\/fr\\\/impressum\\\/\"]}]},{\"@type\":\"BreadcrumbList\",\"@id\":\"https:\\\/\\\/traditionundmarkt.com\\\/fr\\\/impressum\\\/#breadcrumb\",\"itemListElement\":[{\"@type\":\"ListItem\",\"position\":1,\"name\":\"Startseite\",\"item\":\"https:\\\/\\\/traditionundmarkt.com\\\/fr\\\/accueil\\\/\"},{\"@type\":\"ListItem\",\"position\":2,\"name\":\"Impressum\"}]},{\"@type\":\"WebSite\",\"@id\":\"https:\\\/\\\/traditionundmarkt.com\\\/fr\\\/#website\",\"url\":\"https:\\\/\\\/traditionundmarkt.com\\\/fr\\\/\",\"name\":\"Tradition und Markt\",\"description\":\"\",\"publisher\":{\"@id\":\"https:\\\/\\\/traditionundmarkt.com\\\/fr\\\/#organization\"},\"potentialAction\":[{\"@type\":\"SearchAction\",\"target\":{\"@type\":\"EntryPoint\",\"urlTemplate\":\"https:\\\/\\\/traditionundmarkt.com\\\/fr\\\/?s={search_term_string}\"},\"query-input\":{\"@type\":\"PropertyValueSpecification\",\"valueRequired\":true,\"valueName\":\"search_term_string\"}}],\"inLanguage\":\"fr-FR\"},{\"@type\":\"Organization\",\"@id\":\"https:\\\/\\\/traditionundmarkt.com\\\/fr\\\/#organization\",\"name\":\"Tradition und Markt\",\"url\":\"https:\\\/\\\/traditionundmarkt.com\\\/fr\\\/\",\"logo\":{\"@type\":\"ImageObject\",\"inLanguage\":\"fr-FR\",\"@id\":\"https:\\\/\\\/traditionundmarkt.com\\\/fr\\\/#\\\/schema\\\/logo\\\/image\\\/\",\"url\":\"https:\\\/\\\/traditionundmarkt.com\\\/wp-content\\\/uploads\\\/2023\\\/02\\\/Logo-Tradtion-und-Markt-1.webp\",\"contentUrl\":\"https:\\\/\\\/traditionundmarkt.com\\\/wp-content\\\/uploads\\\/2023\\\/02\\\/Logo-Tradtion-und-Markt-1.webp\",\"width\":240,\"height\":239,\"caption\":\"Tradition und Markt\"},\"image\":{\"@id\":\"https:\\\/\\\/traditionundmarkt.com\\\/fr\\\/#\\\/schema\\\/logo\\\/image\\\/\"},\"sameAs\":[\"https:\\\/\\\/www.facebook.com\\\/Tradition-und-Markt-Franchise-107325457788905\",\"https:\\\/\\\/www.instagram.com\\\/tradition_und_markt\\\/\",\"https:\\\/\\\/www.youtube.com\\\/channel\\\/UCW4qQf3iVy3suXbbHzK5_dw\",\"https:\\\/\\\/www.linkedin.com\\\/company\\\/tradition-und-markt-franchise\\\/\"]}]}<\/script>\n<!-- \/ Yoast SEO plugin. -->","yoast_head_json":{"title":"Impressum &#8226; Tradition und Markt","robots":{"index":"index","follow":"follow","max-snippet":"max-snippet:-1","max-image-preview":"max-image-preview:large","max-video-preview":"max-video-preview:-1"},"canonical":"https:\/\/traditionundmarkt.com\/fr\/impressum\/","og_locale":"fr_FR","og_type":"article","og_title":"Impressum &#8226; Tradition und Markt","og_description":"TraditionundMarkt.com est une offre de : CTC Tradition et March\u00e9 SRLCom. Ciugud Sat. Dr\u00e2mbar str. Nicolae Giosan Nr.126 Jud.AlbaJ1\/56\/25.01.2012T\u00e9l. : 0040744399487 Responsable du contenu : Cosmin CampeanNum\u00e9ro de TVA : RO 29591894 Courrier \u00e9lectronique : office@traditionundmarkt.com Cr\u00e9dit photo Les images utilis\u00e9es sur ce site proviennent de : Les mentions l\u00e9gales sont \u00e9galement valables pour les [&hellip;]","og_url":"https:\/\/traditionundmarkt.com\/fr\/impressum\/","og_site_name":"Tradition und Markt","article_publisher":"https:\/\/www.facebook.com\/Tradition-und-Markt-Franchise-107325457788905","article_modified_time":"2024-11-22T09:39:15+00:00","twitter_card":"summary_large_image","schema":{"@context":"https:\/\/schema.org","@graph":[{"@type":"WebPage","@id":"https:\/\/traditionundmarkt.com\/fr\/impressum\/","url":"https:\/\/traditionundmarkt.com\/fr\/impressum\/","name":"Impressum &#8226; Tradition und Markt","isPartOf":{"@id":"https:\/\/traditionundmarkt.com\/fr\/#website"},"datePublished":"2023-04-27T06:33:05+00:00","dateModified":"2024-11-22T09:39:15+00:00","breadcrumb":{"@id":"https:\/\/traditionundmarkt.com\/fr\/impressum\/#breadcrumb"},"inLanguage":"fr-FR","potentialAction":[{"@type":"ReadAction","target":["https:\/\/traditionundmarkt.com\/fr\/impressum\/"]}]},{"@type":"BreadcrumbList","@id":"https:\/\/traditionundmarkt.com\/fr\/impressum\/#breadcrumb","itemListElement":[{"@type":"ListItem","position":1,"name":"Startseite","item":"https:\/\/traditionundmarkt.com\/fr\/accueil\/"},{"@type":"ListItem","position":2,"name":"Impressum"}]},{"@type":"WebSite","@id":"https:\/\/traditionundmarkt.com\/fr\/#website","url":"https:\/\/traditionundmarkt.com\/fr\/","name":"Tradition und Markt","description":"","publisher":{"@id":"https:\/\/traditionundmarkt.com\/fr\/#organization"},"potentialAction":[{"@type":"SearchAction","target":{"@type":"EntryPoint","urlTemplate":"https:\/\/traditionundmarkt.com\/fr\/?s={search_term_string}"},"query-input":{"@type":"PropertyValueSpecification","valueRequired":true,"valueName":"search_term_string"}}],"inLanguage":"fr-FR"},{"@type":"Organization","@id":"https:\/\/traditionundmarkt.com\/fr\/#organization","name":"Tradition und Markt","url":"https:\/\/traditionundmarkt.com\/fr\/","logo":{"@type":"ImageObject","inLanguage":"fr-FR","@id":"https:\/\/traditionundmarkt.com\/fr\/#\/schema\/logo\/image\/","url":"https:\/\/traditionundmarkt.com\/wp-content\/uploads\/2023\/02\/Logo-Tradtion-und-Markt-1.webp","contentUrl":"https:\/\/traditionundmarkt.com\/wp-content\/uploads\/2023\/02\/Logo-Tradtion-und-Markt-1.webp","width":240,"height":239,"caption":"Tradition und Markt"},"image":{"@id":"https:\/\/traditionundmarkt.com\/fr\/#\/schema\/logo\/image\/"},"sameAs":["https:\/\/www.facebook.com\/Tradition-und-Markt-Franchise-107325457788905","https:\/\/www.instagram.com\/tradition_und_markt\/","https:\/\/www.youtube.com\/channel\/UCW4qQf3iVy3suXbbHzK5_dw","https:\/\/www.linkedin.com\/company\/tradition-und-markt-franchise\/"]}]}},"uagb_featured_image_src":{"full":false,"thumbnail":false,"medium":false,"medium_large":false,"large":false,"1536x1536":false,"2048x2048":false},"uagb_author_info":{"display_name":"ImpactPro","author_link":"https:\/\/traditionundmarkt.com\/fr\/author\/d549d4ea637b0b33\/"},"uagb_comment_info":0,"uagb_excerpt":"TraditionundMarkt.com est une offre de : CTC Tradition et March\u00e9 SRLCom. Ciugud Sat. Dr\u00e2mbar str. Nicolae Giosan Nr.126 Jud.AlbaJ1\/56\/25.01.2012T\u00e9l. : 0040744399487 Responsable du contenu : Cosmin CampeanNum\u00e9ro de TVA : RO 29591894 Courrier \u00e9lectronique : office@traditionundmarkt.com Cr\u00e9dit photo Les images utilis\u00e9es sur ce site proviennent de : Les mentions l\u00e9gales sont \u00e9galement valables pour les\u2026","_links":{"self":[{"href":"https:\/\/traditionundmarkt.com\/fr\/wp-json\/wp\/v2\/pages\/2666","targetHints":{"allow":["GET"]}}],"collection":[{"href":"https:\/\/traditionundmarkt.com\/fr\/wp-json\/wp\/v2\/pages"}],"about":[{"href":"https:\/\/traditionundmarkt.com\/fr\/wp-json\/wp\/v2\/types\/page"}],"author":[{"embeddable":true,"href":"https:\/\/traditionundmarkt.com\/fr\/wp-json\/wp\/v2\/users\/1"}],"replies":[{"embeddable":true,"href":"https:\/\/traditionundmarkt.com\/fr\/wp-json\/wp\/v2\/comments?post=2666"}],"version-history":[{"count":3,"href":"https:\/\/traditionundmarkt.com\/fr\/wp-json\/wp\/v2\/pages\/2666\/revisions"}],"predecessor-version":[{"id":4696,"href":"https:\/\/traditionundmarkt.com\/fr\/wp-json\/wp\/v2\/pages\/2666\/revisions\/4696"}],"wp:attachment":[{"href":"https:\/\/traditionundmarkt.com\/fr\/wp-json\/wp\/v2\/media?parent=2666"}],"curies":[{"name":"wp","href":"https:\/\/api.w.org\/{rel}","templated":true}]}}