{"id":2747,"date":"2023-07-13T13:53:48","date_gmt":"2023-07-13T13:53:48","guid":{"rendered":"https:\/\/traditionundmarkt.com\/marche-de-noel-et-marche-dhiver-de-heinsberg\/jobs-heinsberg\/"},"modified":"2023-07-17T09:41:52","modified_gmt":"2023-07-17T09:41:52","slug":"jobs-heinsberg","status":"publish","type":"page","link":"https:\/\/traditionundmarkt.com\/fr\/marche-de-noel-et-marche-dhiver-de-heinsberg\/jobs-heinsberg\/","title":{"rendered":"Jobs Heinsberg"},"content":{"rendered":"\n<div class=\"wp-block-uagb-advanced-heading uagb-block-5d866ae3\"><h2 class=\"uagb-heading-text\">Jobs &#8211; Tradition und Markt Heinsberg<\/h2><\/div>\n\n<div class=\"wp-block-uagb-separator uagb-block-695d4c1f\"><div class=\"wp-block-uagb-separator__inner\" style=\"--my-background-image:\"><\/div><\/div>\n\n<div class=\"wp-block-uagb-container uagb-block-051b1e73 alignfull uagb-is-root-container\"><div class=\"uagb-container-inner-blocks-wrap\">\n<div class=\"wp-block-uagb-container uagb-block-7bf3c488\">\n<p>Cher coll\u00e8gue,<\/p>\n\n\n\n<p>Nous avons le plaisir de vous annoncer que nous avons des offres d&#8217;emploi pour nos stands de snacks et notre taverne lors du magnifique march\u00e9 de No\u00ebl de Heinsberg. Nous vous offrons des opportunit\u00e9s d&#8217;emploi \u00e0 temps partiel ou \u00e0 temps plein dans un environnement de travail attrayant. <\/p>\n\n\n\n<p>La p\u00e9riode d&#8217;emploi s&rsquo;\u00e9tend du 15 novembre au 31 d\u00e9cembre de cette ann\u00e9e, vous offrant ainsi une exp\u00e9rience de travail exceptionnelle pendant la p\u00e9riode festive de No\u00ebl.<\/p>\n\n\n\n<p>\u00c9tant l&rsquo;un des plus beaux march\u00e9s de No\u00ebl en Allemagne, vous aurez l&rsquo;occasion de travailler dans un cadre pittoresque et plein de charme. Le march\u00e9 de No\u00ebl Tradition und Markt de Heinsberg est connu pour son atmosph\u00e8re magique et sa vari\u00e9t\u00e9 de plats et de boissons traditionnels.<\/p>\n<\/div>\n<\/div><\/div>\n\n<div class=\"wp-block-uagb-container uagb-block-8710843a alignfull uagb-is-root-container\"><div class=\"uagb-container-inner-blocks-wrap\">\n<div class=\"wp-block-uagb-container uagb-block-f86d9027\">\n<p>Si vous \u00eates int\u00e9ress\u00e9 et souhaitez rejoindre notre \u00e9quipe enthousiaste, veuillez postuler par e-mail \u00e0 l&rsquo;adresse <a href=\"mailto:office.heinsberg@traditionundmarkt.com\" target=\"_blank\" rel=\"noreferrer noopener\">office.heinsberg@traditionundmarkt.com<\/a> ou nous contacter par t\u00e9l\u00e9phone au num\u00e9ro <a href=\"tel:004915209249446\" target=\"_blank\" rel=\"noreferrer noopener\">004915209249446<\/a>. Nous sommes impatients de recevoir votre candidature et de discuter de plus amples d\u00e9tails.<\/p>\n\n\n\n<p>En rejoignant notre \u00e9quipe, vous aurez l&rsquo;opportunit\u00e9 d&rsquo;interagir avec de nouvelles personnes, d&rsquo;apprendre sur la culture et les traditions locales, et de cr\u00e9er des souvenirs inoubliables pendant la saison festive.<\/p>\n\n\n\n<p>Ne manquez pas l&rsquo;occasion de faire partie d&rsquo;une exp\u00e9rience unique de No\u00ebl dans un endroit magnifique. Nous avons h\u00e2te de vous accueillir dans notre \u00e9quipe !<\/p>\n\n\n\n<p class=\"has-text-align-left\">Avec nos meilleurs v\u0153ux,<\/p>\n\n\n\n<p>L&rsquo;\u00e9quipe de Tradition und Markt Heinsberg<\/p>\n<\/div>\n<\/div><\/div>\n","protected":false},"excerpt":{"rendered":"<p>Jobs &#8211; Tradition und Markt Heinsberg Cher coll\u00e8gue, Nous avons le plaisir de vous annoncer que nous avons des offres d&#8217;emploi pour nos stands de snacks et notre taverne lors du magnifique march\u00e9 de No\u00ebl de Heinsberg. Nous vous offrons des opportunit\u00e9s d&#8217;emploi \u00e0 temps partiel ou \u00e0 temps plein dans un environnement de travail [&hellip;]<\/p>\n","protected":false},"author":1,"featured_media":0,"parent":2674,"menu_order":0,"comment_status":"closed","ping_status":"closed","template":"","meta":{"_uag_custom_page_level_css":"","site-sidebar-layout":"default","site-content-layout":"","ast-site-content-layout":"default","site-content-style":"default","site-sidebar-style":"default","ast-global-header-display":"","ast-banner-title-visibility":"","ast-main-header-display":"","ast-hfb-above-header-display":"","ast-hfb-below-header-display":"","ast-hfb-mobile-header-display":"","site-post-title":"disabled","ast-breadcrumbs-content":"","ast-featured-img":"","footer-sml-layout":"","ast-disable-related-posts":"","theme-transparent-header-meta":"","adv-header-id-meta":"","stick-header-meta":"","header-above-stick-meta":"","header-main-stick-meta":"","header-below-stick-meta":"","astra-migrate-meta-layouts":"default","ast-page-background-enabled":"default","ast-page-background-meta":{"desktop":{"background-color":"var(--ast-global-color-4)","background-image":"","background-repeat":"repeat","background-position":"center center","background-size":"auto","background-attachment":"scroll","background-type":"","background-media":"","overlay-type":"","overlay-color":"","overlay-opacity":"","overlay-gradient":""},"tablet":{"background-color":"","background-image":"","background-repeat":"repeat","background-position":"center center","background-size":"auto","background-attachment":"scroll","background-type":"","background-media":"","overlay-type":"","overlay-color":"","overlay-opacity":"","overlay-gradient":""},"mobile":{"background-color":"","background-image":"","background-repeat":"repeat","background-position":"center center","background-size":"auto","background-attachment":"scroll","background-type":"","background-media":"","overlay-type":"","overlay-color":"","overlay-opacity":"","overlay-gradient":""}},"ast-content-background-meta":{"desktop":{"background-color":"var(--ast-global-color-5)","background-image":"","background-repeat":"repeat","background-position":"center center","background-size":"auto","background-attachment":"scroll","background-type":"","background-media":"","overlay-type":"","overlay-color":"","overlay-opacity":"","overlay-gradient":""},"tablet":{"background-color":"var(--ast-global-color-5)","background-image":"","background-repeat":"repeat","background-position":"center center","background-size":"auto","background-attachment":"scroll","background-type":"","background-media":"","overlay-type":"","overlay-color":"","overlay-opacity":"","overlay-gradient":""},"mobile":{"background-color":"var(--ast-global-color-5)","background-image":"","background-repeat":"repeat","background-position":"center center","background-size":"auto","background-attachment":"scroll","background-type":"","background-media":"","overlay-type":"","overlay-color":"","overlay-opacity":"","overlay-gradient":""}},"footnotes":""},"class_list":["post-2747","page","type-page","status-publish","hentry"],"yoast_head":"<!-- This site is optimized with the Yoast SEO plugin v27.4 - https:\/\/yoast.com\/product\/yoast-seo-wordpress\/ -->\n<title>Jobs Heinsberg &#8226; Tradition und Markt<\/title>\n<meta name=\"robots\" content=\"index, follow, max-snippet:-1, max-image-preview:large, max-video-preview:-1\" \/>\n<link rel=\"canonical\" href=\"https:\/\/traditionundmarkt.com\/fr\/marche-de-noel-et-marche-dhiver-de-heinsberg\/jobs-heinsberg\/\" \/>\n<meta property=\"og:locale\" content=\"fr_FR\" \/>\n<meta property=\"og:type\" content=\"article\" \/>\n<meta property=\"og:title\" content=\"Jobs Heinsberg &#8226; Tradition und Markt\" \/>\n<meta property=\"og:description\" content=\"Jobs &#8211; Tradition und Markt Heinsberg Cher coll\u00e8gue, Nous avons le plaisir de vous annoncer que nous avons des offres d&#8217;emploi pour nos stands de snacks et notre taverne lors du magnifique march\u00e9 de No\u00ebl de Heinsberg. Nous vous offrons des opportunit\u00e9s d&#8217;emploi \u00e0 temps partiel ou \u00e0 temps plein dans un environnement de travail [&hellip;]\" \/>\n<meta property=\"og:url\" content=\"https:\/\/traditionundmarkt.com\/fr\/marche-de-noel-et-marche-dhiver-de-heinsberg\/jobs-heinsberg\/\" \/>\n<meta property=\"og:site_name\" content=\"Tradition und Markt\" \/>\n<meta property=\"article:publisher\" content=\"https:\/\/www.facebook.com\/Tradition-und-Markt-Franchise-107325457788905\" \/>\n<meta property=\"article:modified_time\" content=\"2023-07-17T09:41:52+00:00\" \/>\n<meta name=\"twitter:card\" content=\"summary_large_image\" \/>\n<script type=\"application\/ld+json\" class=\"yoast-schema-graph\">{\"@context\":\"https:\\\/\\\/schema.org\",\"@graph\":[{\"@type\":\"WebPage\",\"@id\":\"https:\\\/\\\/traditionundmarkt.com\\\/fr\\\/marche-de-noel-et-marche-dhiver-de-heinsberg\\\/jobs-heinsberg\\\/\",\"url\":\"https:\\\/\\\/traditionundmarkt.com\\\/fr\\\/marche-de-noel-et-marche-dhiver-de-heinsberg\\\/jobs-heinsberg\\\/\",\"name\":\"Jobs Heinsberg &#8226; Tradition und Markt\",\"isPartOf\":{\"@id\":\"https:\\\/\\\/traditionundmarkt.com\\\/fr\\\/#website\"},\"datePublished\":\"2023-07-13T13:53:48+00:00\",\"dateModified\":\"2023-07-17T09:41:52+00:00\",\"breadcrumb\":{\"@id\":\"https:\\\/\\\/traditionundmarkt.com\\\/fr\\\/marche-de-noel-et-marche-dhiver-de-heinsberg\\\/jobs-heinsberg\\\/#breadcrumb\"},\"inLanguage\":\"fr-FR\",\"potentialAction\":[{\"@type\":\"ReadAction\",\"target\":[\"https:\\\/\\\/traditionundmarkt.com\\\/fr\\\/marche-de-noel-et-marche-dhiver-de-heinsberg\\\/jobs-heinsberg\\\/\"]}]},{\"@type\":\"BreadcrumbList\",\"@id\":\"https:\\\/\\\/traditionundmarkt.com\\\/fr\\\/marche-de-noel-et-marche-dhiver-de-heinsberg\\\/jobs-heinsberg\\\/#breadcrumb\",\"itemListElement\":[{\"@type\":\"ListItem\",\"position\":1,\"name\":\"Startseite\",\"item\":\"https:\\\/\\\/traditionundmarkt.com\\\/fr\\\/accueil\\\/\"},{\"@type\":\"ListItem\",\"position\":2,\"name\":\"March\u00e9 de No\u00ebl Tradition und Markt Heinsberg\",\"item\":\"https:\\\/\\\/traditionundmarkt.com\\\/fr\\\/marche-de-noel-et-marche-dhiver-de-heinsberg\\\/\"},{\"@type\":\"ListItem\",\"position\":3,\"name\":\"Jobs Heinsberg\"}]},{\"@type\":\"WebSite\",\"@id\":\"https:\\\/\\\/traditionundmarkt.com\\\/fr\\\/#website\",\"url\":\"https:\\\/\\\/traditionundmarkt.com\\\/fr\\\/\",\"name\":\"Tradition und Markt\",\"description\":\"\",\"publisher\":{\"@id\":\"https:\\\/\\\/traditionundmarkt.com\\\/fr\\\/#organization\"},\"potentialAction\":[{\"@type\":\"SearchAction\",\"target\":{\"@type\":\"EntryPoint\",\"urlTemplate\":\"https:\\\/\\\/traditionundmarkt.com\\\/fr\\\/?s={search_term_string}\"},\"query-input\":{\"@type\":\"PropertyValueSpecification\",\"valueRequired\":true,\"valueName\":\"search_term_string\"}}],\"inLanguage\":\"fr-FR\"},{\"@type\":\"Organization\",\"@id\":\"https:\\\/\\\/traditionundmarkt.com\\\/fr\\\/#organization\",\"name\":\"Tradition und Markt\",\"url\":\"https:\\\/\\\/traditionundmarkt.com\\\/fr\\\/\",\"logo\":{\"@type\":\"ImageObject\",\"inLanguage\":\"fr-FR\",\"@id\":\"https:\\\/\\\/traditionundmarkt.com\\\/fr\\\/#\\\/schema\\\/logo\\\/image\\\/\",\"url\":\"https:\\\/\\\/traditionundmarkt.com\\\/wp-content\\\/uploads\\\/2023\\\/02\\\/Logo-Tradtion-und-Markt-1.webp\",\"contentUrl\":\"https:\\\/\\\/traditionundmarkt.com\\\/wp-content\\\/uploads\\\/2023\\\/02\\\/Logo-Tradtion-und-Markt-1.webp\",\"width\":240,\"height\":239,\"caption\":\"Tradition und Markt\"},\"image\":{\"@id\":\"https:\\\/\\\/traditionundmarkt.com\\\/fr\\\/#\\\/schema\\\/logo\\\/image\\\/\"},\"sameAs\":[\"https:\\\/\\\/www.facebook.com\\\/Tradition-und-Markt-Franchise-107325457788905\",\"https:\\\/\\\/www.instagram.com\\\/tradition_und_markt\\\/\",\"https:\\\/\\\/www.youtube.com\\\/channel\\\/UCW4qQf3iVy3suXbbHzK5_dw\",\"https:\\\/\\\/www.linkedin.com\\\/company\\\/tradition-und-markt-franchise\\\/\"]}]}<\/script>\n<!-- \/ Yoast SEO plugin. -->","yoast_head_json":{"title":"Jobs Heinsberg &#8226; Tradition und Markt","robots":{"index":"index","follow":"follow","max-snippet":"max-snippet:-1","max-image-preview":"max-image-preview:large","max-video-preview":"max-video-preview:-1"},"canonical":"https:\/\/traditionundmarkt.com\/fr\/marche-de-noel-et-marche-dhiver-de-heinsberg\/jobs-heinsberg\/","og_locale":"fr_FR","og_type":"article","og_title":"Jobs Heinsberg &#8226; Tradition und Markt","og_description":"Jobs &#8211; Tradition und Markt Heinsberg Cher coll\u00e8gue, Nous avons le plaisir de vous annoncer que nous avons des offres d&#8217;emploi pour nos stands de snacks et notre taverne lors du magnifique march\u00e9 de No\u00ebl de Heinsberg. Nous vous offrons des opportunit\u00e9s d&#8217;emploi \u00e0 temps partiel ou \u00e0 temps plein dans un environnement de travail [&hellip;]","og_url":"https:\/\/traditionundmarkt.com\/fr\/marche-de-noel-et-marche-dhiver-de-heinsberg\/jobs-heinsberg\/","og_site_name":"Tradition und Markt","article_publisher":"https:\/\/www.facebook.com\/Tradition-und-Markt-Franchise-107325457788905","article_modified_time":"2023-07-17T09:41:52+00:00","twitter_card":"summary_large_image","schema":{"@context":"https:\/\/schema.org","@graph":[{"@type":"WebPage","@id":"https:\/\/traditionundmarkt.com\/fr\/marche-de-noel-et-marche-dhiver-de-heinsberg\/jobs-heinsberg\/","url":"https:\/\/traditionundmarkt.com\/fr\/marche-de-noel-et-marche-dhiver-de-heinsberg\/jobs-heinsberg\/","name":"Jobs Heinsberg &#8226; Tradition und Markt","isPartOf":{"@id":"https:\/\/traditionundmarkt.com\/fr\/#website"},"datePublished":"2023-07-13T13:53:48+00:00","dateModified":"2023-07-17T09:41:52+00:00","breadcrumb":{"@id":"https:\/\/traditionundmarkt.com\/fr\/marche-de-noel-et-marche-dhiver-de-heinsberg\/jobs-heinsberg\/#breadcrumb"},"inLanguage":"fr-FR","potentialAction":[{"@type":"ReadAction","target":["https:\/\/traditionundmarkt.com\/fr\/marche-de-noel-et-marche-dhiver-de-heinsberg\/jobs-heinsberg\/"]}]},{"@type":"BreadcrumbList","@id":"https:\/\/traditionundmarkt.com\/fr\/marche-de-noel-et-marche-dhiver-de-heinsberg\/jobs-heinsberg\/#breadcrumb","itemListElement":[{"@type":"ListItem","position":1,"name":"Startseite","item":"https:\/\/traditionundmarkt.com\/fr\/accueil\/"},{"@type":"ListItem","position":2,"name":"March\u00e9 de No\u00ebl Tradition und Markt Heinsberg","item":"https:\/\/traditionundmarkt.com\/fr\/marche-de-noel-et-marche-dhiver-de-heinsberg\/"},{"@type":"ListItem","position":3,"name":"Jobs Heinsberg"}]},{"@type":"WebSite","@id":"https:\/\/traditionundmarkt.com\/fr\/#website","url":"https:\/\/traditionundmarkt.com\/fr\/","name":"Tradition und Markt","description":"","publisher":{"@id":"https:\/\/traditionundmarkt.com\/fr\/#organization"},"potentialAction":[{"@type":"SearchAction","target":{"@type":"EntryPoint","urlTemplate":"https:\/\/traditionundmarkt.com\/fr\/?s={search_term_string}"},"query-input":{"@type":"PropertyValueSpecification","valueRequired":true,"valueName":"search_term_string"}}],"inLanguage":"fr-FR"},{"@type":"Organization","@id":"https:\/\/traditionundmarkt.com\/fr\/#organization","name":"Tradition und Markt","url":"https:\/\/traditionundmarkt.com\/fr\/","logo":{"@type":"ImageObject","inLanguage":"fr-FR","@id":"https:\/\/traditionundmarkt.com\/fr\/#\/schema\/logo\/image\/","url":"https:\/\/traditionundmarkt.com\/wp-content\/uploads\/2023\/02\/Logo-Tradtion-und-Markt-1.webp","contentUrl":"https:\/\/traditionundmarkt.com\/wp-content\/uploads\/2023\/02\/Logo-Tradtion-und-Markt-1.webp","width":240,"height":239,"caption":"Tradition und Markt"},"image":{"@id":"https:\/\/traditionundmarkt.com\/fr\/#\/schema\/logo\/image\/"},"sameAs":["https:\/\/www.facebook.com\/Tradition-und-Markt-Franchise-107325457788905","https:\/\/www.instagram.com\/tradition_und_markt\/","https:\/\/www.youtube.com\/channel\/UCW4qQf3iVy3suXbbHzK5_dw","https:\/\/www.linkedin.com\/company\/tradition-und-markt-franchise\/"]}]}},"uagb_featured_image_src":{"full":false,"thumbnail":false,"medium":false,"medium_large":false,"large":false,"1536x1536":false,"2048x2048":false},"uagb_author_info":{"display_name":"ImpactPro","author_link":"https:\/\/traditionundmarkt.com\/fr\/author\/d549d4ea637b0b33\/"},"uagb_comment_info":0,"uagb_excerpt":"Jobs &#8211; Tradition und Markt Heinsberg Cher coll\u00e8gue, Nous avons le plaisir de vous annoncer que nous avons des offres d&#8217;emploi pour nos stands de snacks et notre taverne lors du magnifique march\u00e9 de No\u00ebl de Heinsberg. Nous vous offrons des opportunit\u00e9s d&#8217;emploi \u00e0 temps partiel ou \u00e0 temps plein dans un environnement de travail\u2026","_links":{"self":[{"href":"https:\/\/traditionundmarkt.com\/fr\/wp-json\/wp\/v2\/pages\/2747","targetHints":{"allow":["GET"]}}],"collection":[{"href":"https:\/\/traditionundmarkt.com\/fr\/wp-json\/wp\/v2\/pages"}],"about":[{"href":"https:\/\/traditionundmarkt.com\/fr\/wp-json\/wp\/v2\/types\/page"}],"author":[{"embeddable":true,"href":"https:\/\/traditionundmarkt.com\/fr\/wp-json\/wp\/v2\/users\/1"}],"replies":[{"embeddable":true,"href":"https:\/\/traditionundmarkt.com\/fr\/wp-json\/wp\/v2\/comments?post=2747"}],"version-history":[{"count":5,"href":"https:\/\/traditionundmarkt.com\/fr\/wp-json\/wp\/v2\/pages\/2747\/revisions"}],"predecessor-version":[{"id":2864,"href":"https:\/\/traditionundmarkt.com\/fr\/wp-json\/wp\/v2\/pages\/2747\/revisions\/2864"}],"up":[{"embeddable":true,"href":"https:\/\/traditionundmarkt.com\/fr\/wp-json\/wp\/v2\/pages\/2674"}],"wp:attachment":[{"href":"https:\/\/traditionundmarkt.com\/fr\/wp-json\/wp\/v2\/media?parent=2747"}],"curies":[{"name":"wp","href":"https:\/\/api.w.org\/{rel}","templated":true}]}}