{"id":5440,"date":"2025-09-04T11:45:28","date_gmt":"2025-09-04T09:45:28","guid":{"rendered":"https:\/\/traditionundmarkt.com\/jobs-eschweiler\/"},"modified":"2025-09-06T11:46:25","modified_gmt":"2025-09-06T09:46:25","slug":"jobs-eschweiler","status":"publish","type":"page","link":"https:\/\/traditionundmarkt.com\/fr\/marche-de-noel-adventsdorf-eschweiler\/jobs-eschweiler\/","title":{"rendered":"Jobs Eschweiler"},"content":{"rendered":"\n<div class=\"wp-block-uagb-advanced-heading uagb-block-9e1dc364\"><h2 class=\"uagb-heading-text\">Jobs &#8211; Tradition und Markt Eschweiler<\/h2><\/div>\n\n<div class=\"wp-block-uagb-separator uagb-block-00e9e35b\"><div class=\"wp-block-uagb-separator__inner\" style=\"--my-background-image:\"><\/div><\/div>\n\n<div class=\"wp-block-uagb-container uagb-block-a3b6540f alignfull uagb-is-root-container\"><div class=\"uagb-container-inner-blocks-wrap\">\n<div class=\"wp-block-uagb-container uagb-block-7f4d1305\">\n<p>Chers coll\u00e8gues,<\/p>\n\n\n\n<p>Nous avons le plaisir de vous annoncer que nous avons des offres d\u2019emploi pour nos stands de snacks et notre taverne lors du magnifique march\u00e9 de No\u00ebl de Eschweiler. Nous offrons des opportunit\u00e9s d&#8217;emploi temporaires ou \u00e0 temps plein dans un environnement de travail attrayant. La p\u00e9riode d&#8217;embauche s&rsquo;\u00e9tend du 10 novembre au 23 d\u00e9cembre de cette ann\u00e9e, vous offrant ainsi une exp\u00e9rience de travail exceptionnelle pendant la p\u00e9riode festive de No\u00ebl.<\/p>\n\n\n\n<p>\u00c9tant donn\u00e9 que nous sommes l&rsquo;un des plus beaux march\u00e9s de No\u00ebl en Allemagne, vous aurez l&rsquo;occasion de travailler dans un cadre pittoresque et charmant. Le march\u00e9 de No\u00ebl Tradition und Markt de Eschweiler est connu pour son atmosph\u00e8re magique et sa vari\u00e9t\u00e9 de plats et de boissons traditionnels.<\/p>\n<\/div>\n\n\n\n<div class=\"wp-block-uagb-container uagb-block-6b205d77\">\n<div class=\"wp-block-uagb-image aligncenter uagb-block-42d731cb wp-block-uagb-image--layout-default wp-block-uagb-image--effect-zoomin wp-block-uagb-image--align-center\"><figure class=\"wp-block-uagb-image__figure\"><img loading=\"lazy\" decoding=\"async\" srcset=\"https:\/\/traditionundmarkt.com\/wp-content\/uploads\/2023\/02\/Tradition-und-markt-21-1024x768.webp\n \" sizes=\"auto, (max-width: 480px) 150px\" src=\"https:\/\/traditionundmarkt.com\/wp-content\/uploads\/2023\/02\/Tradition-und-markt-21-1024x768.webp\" alt=\"\" class=\"uag-image-445\" width=\"1024\" height=\"768\" title=\"\" loading=\"lazy\" role=\"img\"><\/figure><\/div>\n<\/div>\n<\/div><\/div>\n\n<div class=\"wp-block-uagb-container uagb-block-d960906f alignfull uagb-is-root-container\"><div class=\"uagb-container-inner-blocks-wrap\">\n<div class=\"wp-block-uagb-container uagb-block-86f62ba5\">\n<div class=\"wp-block-uagb-image uagb-block-66f82e21 wp-block-uagb-image--layout-default wp-block-uagb-image--effect-zoomin wp-block-uagb-image--align-none\"><figure class=\"wp-block-uagb-image__figure\"><img loading=\"lazy\" decoding=\"async\" srcset=\"https:\/\/traditionundmarkt.com\/wp-content\/uploads\/2023\/02\/Tradition-und-markt-20-1024x768.webp ,https:\/\/traditionundmarkt.com\/wp-content\/uploads\/2023\/02\/Tradition-und-markt-20-1024x768.webp 780w\" sizes=\"auto, (max-width: 480px) 150px\" src=\"https:\/\/traditionundmarkt.com\/wp-content\/uploads\/2023\/02\/Tradition-und-markt-20-1024x768.webp\" alt=\"\" class=\"uag-image-427\" width=\"1024\" height=\"768\" title=\"\" loading=\"lazy\" role=\"img\"><\/figure><\/div>\n<\/div>\n\n\n\n<div class=\"wp-block-uagb-container uagb-block-bbe54f44\">\n<p>Si vous \u00eates int\u00e9ress\u00e9(e) et souhaitez faire partie de notre \u00e9quipe enthousiaste, veuillez envoyer votre candidature par e-mail \u00e0 <a href=\"mailto:adventsdorf.eschweiler@traditionundmarkt.com\" target=\"_blank\" rel=\"noreferrer noopener\">adventsdorf.eschweiler@traditionundmarkt.com<\/a> ou nous contacter par t\u00e9l\u00e9phone au num\u00e9ro <a href=\"tel:00491777163377\" target=\"_blank\" rel=\"noreferrer noopener\">00491777163377.<\/a> Nous sommes impatients de recevoir votre candidature et de discuter de plus amples d\u00e9tails.<\/p>\n\n\n\n<p>En rejoignant notre \u00e9quipe, vous aurez l&rsquo;occasion d&rsquo;interagir avec de nouvelles personnes, d&rsquo;apprendre sur la culture et les traditions locales, et de cr\u00e9er des souvenirs inoubliables pendant la saison festive.<\/p>\n\n\n\n<p>Ne manquez pas l&rsquo;opportunit\u00e9 de faire partie d&rsquo;une exp\u00e9rience de No\u00ebl unique dans un endroit magnifique. Nous sommes impatients de vous accueillir dans notre \u00e9quipe !<\/p>\n\n\n\n<p class=\"has-text-align-left\">Meilleures salutations,<\/p>\n\n\n\n<p class=\"has-text-align-left\">L\u2019\u00e9quipe de Tradition und Markt Eschweiler<\/p>\n<\/div>\n<\/div><\/div>\n\n<p><\/p>\n","protected":false},"excerpt":{"rendered":"<p>Jobs &#8211; Tradition und Markt Eschweiler Chers coll\u00e8gues, Nous avons le plaisir de vous annoncer que nous avons des offres d\u2019emploi pour nos stands de snacks et notre taverne lors du magnifique march\u00e9 de No\u00ebl de Eschweiler. Nous offrons des opportunit\u00e9s d&#8217;emploi temporaires ou \u00e0 temps plein dans un environnement de travail attrayant. La p\u00e9riode [&hellip;]<\/p>\n","protected":false},"author":1,"featured_media":0,"parent":5485,"menu_order":0,"comment_status":"closed","ping_status":"closed","template":"","meta":{"_uag_custom_page_level_css":"","site-sidebar-layout":"default","site-content-layout":"","ast-site-content-layout":"default","site-content-style":"default","site-sidebar-style":"default","ast-global-header-display":"","ast-banner-title-visibility":"","ast-main-header-display":"","ast-hfb-above-header-display":"","ast-hfb-below-header-display":"","ast-hfb-mobile-header-display":"","site-post-title":"disabled","ast-breadcrumbs-content":"","ast-featured-img":"","footer-sml-layout":"","ast-disable-related-posts":"","theme-transparent-header-meta":"","adv-header-id-meta":"","stick-header-meta":"","header-above-stick-meta":"","header-main-stick-meta":"","header-below-stick-meta":"","astra-migrate-meta-layouts":"default","ast-page-background-enabled":"default","ast-page-background-meta":{"desktop":{"background-color":"var(--ast-global-color-4)","background-image":"","background-repeat":"repeat","background-position":"center center","background-size":"auto","background-attachment":"scroll","background-type":"","background-media":"","overlay-type":"","overlay-color":"","overlay-opacity":"","overlay-gradient":""},"tablet":{"background-color":"","background-image":"","background-repeat":"repeat","background-position":"center center","background-size":"auto","background-attachment":"scroll","background-type":"","background-media":"","overlay-type":"","overlay-color":"","overlay-opacity":"","overlay-gradient":""},"mobile":{"background-color":"","background-image":"","background-repeat":"repeat","background-position":"center center","background-size":"auto","background-attachment":"scroll","background-type":"","background-media":"","overlay-type":"","overlay-color":"","overlay-opacity":"","overlay-gradient":""}},"ast-content-background-meta":{"desktop":{"background-color":"var(--ast-global-color-5)","background-image":"","background-repeat":"repeat","background-position":"center center","background-size":"auto","background-attachment":"scroll","background-type":"","background-media":"","overlay-type":"","overlay-color":"","overlay-opacity":"","overlay-gradient":""},"tablet":{"background-color":"var(--ast-global-color-5)","background-image":"","background-repeat":"repeat","background-position":"center center","background-size":"auto","background-attachment":"scroll","background-type":"","background-media":"","overlay-type":"","overlay-color":"","overlay-opacity":"","overlay-gradient":""},"mobile":{"background-color":"var(--ast-global-color-5)","background-image":"","background-repeat":"repeat","background-position":"center center","background-size":"auto","background-attachment":"scroll","background-type":"","background-media":"","overlay-type":"","overlay-color":"","overlay-opacity":"","overlay-gradient":""}},"footnotes":""},"class_list":["post-5440","page","type-page","status-publish","hentry"],"yoast_head":"<!-- This site is optimized with the Yoast SEO plugin v27.4 - https:\/\/yoast.com\/product\/yoast-seo-wordpress\/ -->\n<title>Jobs Eschweiler &#8226; Tradition und Markt<\/title>\n<meta name=\"robots\" content=\"index, follow, max-snippet:-1, max-image-preview:large, max-video-preview:-1\" \/>\n<link rel=\"canonical\" href=\"https:\/\/traditionundmarkt.com\/fr\/marche-de-noel-adventsdorf-eschweiler\/jobs-eschweiler\/\" \/>\n<meta property=\"og:locale\" content=\"fr_FR\" \/>\n<meta property=\"og:type\" content=\"article\" \/>\n<meta property=\"og:title\" content=\"Jobs Eschweiler &#8226; Tradition und Markt\" \/>\n<meta property=\"og:description\" content=\"Jobs &#8211; Tradition und Markt Eschweiler Chers coll\u00e8gues, Nous avons le plaisir de vous annoncer que nous avons des offres d\u2019emploi pour nos stands de snacks et notre taverne lors du magnifique march\u00e9 de No\u00ebl de Eschweiler. Nous offrons des opportunit\u00e9s d&#8217;emploi temporaires ou \u00e0 temps plein dans un environnement de travail attrayant. La p\u00e9riode [&hellip;]\" \/>\n<meta property=\"og:url\" content=\"https:\/\/traditionundmarkt.com\/fr\/marche-de-noel-adventsdorf-eschweiler\/jobs-eschweiler\/\" \/>\n<meta property=\"og:site_name\" content=\"Tradition und Markt\" \/>\n<meta property=\"article:publisher\" content=\"https:\/\/www.facebook.com\/Tradition-und-Markt-Franchise-107325457788905\" \/>\n<meta property=\"article:modified_time\" content=\"2025-09-06T09:46:25+00:00\" \/>\n<meta property=\"og:image\" content=\"https:\/\/traditionundmarkt.com\/wp-content\/uploads\/2023\/02\/Tradition-und-markt-21-1024x768.webp\" \/>\n<meta name=\"twitter:card\" content=\"summary_large_image\" \/>\n<script type=\"application\/ld+json\" class=\"yoast-schema-graph\">{\"@context\":\"https:\\\/\\\/schema.org\",\"@graph\":[{\"@type\":\"WebPage\",\"@id\":\"https:\\\/\\\/traditionundmarkt.com\\\/fr\\\/marche-de-noel-adventsdorf-eschweiler\\\/jobs-eschweiler\\\/\",\"url\":\"https:\\\/\\\/traditionundmarkt.com\\\/fr\\\/marche-de-noel-adventsdorf-eschweiler\\\/jobs-eschweiler\\\/\",\"name\":\"Jobs Eschweiler &#8226; Tradition und Markt\",\"isPartOf\":{\"@id\":\"https:\\\/\\\/traditionundmarkt.com\\\/fr\\\/#website\"},\"primaryImageOfPage\":{\"@id\":\"https:\\\/\\\/traditionundmarkt.com\\\/fr\\\/marche-de-noel-adventsdorf-eschweiler\\\/jobs-eschweiler\\\/#primaryimage\"},\"image\":{\"@id\":\"https:\\\/\\\/traditionundmarkt.com\\\/fr\\\/marche-de-noel-adventsdorf-eschweiler\\\/jobs-eschweiler\\\/#primaryimage\"},\"thumbnailUrl\":\"https:\\\/\\\/traditionundmarkt.com\\\/wp-content\\\/uploads\\\/2023\\\/02\\\/Tradition-und-markt-21-1024x768.webp\",\"datePublished\":\"2025-09-04T09:45:28+00:00\",\"dateModified\":\"2025-09-06T09:46:25+00:00\",\"breadcrumb\":{\"@id\":\"https:\\\/\\\/traditionundmarkt.com\\\/fr\\\/marche-de-noel-adventsdorf-eschweiler\\\/jobs-eschweiler\\\/#breadcrumb\"},\"inLanguage\":\"fr-FR\",\"potentialAction\":[{\"@type\":\"ReadAction\",\"target\":[\"https:\\\/\\\/traditionundmarkt.com\\\/fr\\\/marche-de-noel-adventsdorf-eschweiler\\\/jobs-eschweiler\\\/\"]}]},{\"@type\":\"ImageObject\",\"inLanguage\":\"fr-FR\",\"@id\":\"https:\\\/\\\/traditionundmarkt.com\\\/fr\\\/marche-de-noel-adventsdorf-eschweiler\\\/jobs-eschweiler\\\/#primaryimage\",\"url\":\"https:\\\/\\\/traditionundmarkt.com\\\/wp-content\\\/uploads\\\/2023\\\/02\\\/Tradition-und-markt-21-1024x768.webp\",\"contentUrl\":\"https:\\\/\\\/traditionundmarkt.com\\\/wp-content\\\/uploads\\\/2023\\\/02\\\/Tradition-und-markt-21-1024x768.webp\"},{\"@type\":\"BreadcrumbList\",\"@id\":\"https:\\\/\\\/traditionundmarkt.com\\\/fr\\\/marche-de-noel-adventsdorf-eschweiler\\\/jobs-eschweiler\\\/#breadcrumb\",\"itemListElement\":[{\"@type\":\"ListItem\",\"position\":1,\"name\":\"Startseite\",\"item\":\"https:\\\/\\\/traditionundmarkt.com\\\/fr\\\/accueil\\\/\"},{\"@type\":\"ListItem\",\"position\":2,\"name\":\"March\u00e9 de No\u00ebl Adventsdorf Eschweiler\",\"item\":\"https:\\\/\\\/traditionundmarkt.com\\\/fr\\\/marche-de-noel-adventsdorf-eschweiler\\\/\"},{\"@type\":\"ListItem\",\"position\":3,\"name\":\"Jobs Eschweiler\"}]},{\"@type\":\"WebSite\",\"@id\":\"https:\\\/\\\/traditionundmarkt.com\\\/fr\\\/#website\",\"url\":\"https:\\\/\\\/traditionundmarkt.com\\\/fr\\\/\",\"name\":\"Tradition und Markt\",\"description\":\"\",\"publisher\":{\"@id\":\"https:\\\/\\\/traditionundmarkt.com\\\/fr\\\/#organization\"},\"potentialAction\":[{\"@type\":\"SearchAction\",\"target\":{\"@type\":\"EntryPoint\",\"urlTemplate\":\"https:\\\/\\\/traditionundmarkt.com\\\/fr\\\/?s={search_term_string}\"},\"query-input\":{\"@type\":\"PropertyValueSpecification\",\"valueRequired\":true,\"valueName\":\"search_term_string\"}}],\"inLanguage\":\"fr-FR\"},{\"@type\":\"Organization\",\"@id\":\"https:\\\/\\\/traditionundmarkt.com\\\/fr\\\/#organization\",\"name\":\"Tradition und Markt\",\"url\":\"https:\\\/\\\/traditionundmarkt.com\\\/fr\\\/\",\"logo\":{\"@type\":\"ImageObject\",\"inLanguage\":\"fr-FR\",\"@id\":\"https:\\\/\\\/traditionundmarkt.com\\\/fr\\\/#\\\/schema\\\/logo\\\/image\\\/\",\"url\":\"https:\\\/\\\/traditionundmarkt.com\\\/wp-content\\\/uploads\\\/2023\\\/02\\\/Logo-Tradtion-und-Markt-1.webp\",\"contentUrl\":\"https:\\\/\\\/traditionundmarkt.com\\\/wp-content\\\/uploads\\\/2023\\\/02\\\/Logo-Tradtion-und-Markt-1.webp\",\"width\":240,\"height\":239,\"caption\":\"Tradition und Markt\"},\"image\":{\"@id\":\"https:\\\/\\\/traditionundmarkt.com\\\/fr\\\/#\\\/schema\\\/logo\\\/image\\\/\"},\"sameAs\":[\"https:\\\/\\\/www.facebook.com\\\/Tradition-und-Markt-Franchise-107325457788905\",\"https:\\\/\\\/www.instagram.com\\\/tradition_und_markt\\\/\",\"https:\\\/\\\/www.youtube.com\\\/channel\\\/UCW4qQf3iVy3suXbbHzK5_dw\",\"https:\\\/\\\/www.linkedin.com\\\/company\\\/tradition-und-markt-franchise\\\/\"]}]}<\/script>\n<!-- \/ Yoast SEO plugin. -->","yoast_head_json":{"title":"Jobs Eschweiler &#8226; Tradition und Markt","robots":{"index":"index","follow":"follow","max-snippet":"max-snippet:-1","max-image-preview":"max-image-preview:large","max-video-preview":"max-video-preview:-1"},"canonical":"https:\/\/traditionundmarkt.com\/fr\/marche-de-noel-adventsdorf-eschweiler\/jobs-eschweiler\/","og_locale":"fr_FR","og_type":"article","og_title":"Jobs Eschweiler &#8226; Tradition und Markt","og_description":"Jobs &#8211; Tradition und Markt Eschweiler Chers coll\u00e8gues, Nous avons le plaisir de vous annoncer que nous avons des offres d\u2019emploi pour nos stands de snacks et notre taverne lors du magnifique march\u00e9 de No\u00ebl de Eschweiler. Nous offrons des opportunit\u00e9s d&#8217;emploi temporaires ou \u00e0 temps plein dans un environnement de travail attrayant. La p\u00e9riode [&hellip;]","og_url":"https:\/\/traditionundmarkt.com\/fr\/marche-de-noel-adventsdorf-eschweiler\/jobs-eschweiler\/","og_site_name":"Tradition und Markt","article_publisher":"https:\/\/www.facebook.com\/Tradition-und-Markt-Franchise-107325457788905","article_modified_time":"2025-09-06T09:46:25+00:00","og_image":[{"url":"https:\/\/traditionundmarkt.com\/wp-content\/uploads\/2023\/02\/Tradition-und-markt-21-1024x768.webp","type":"","width":"","height":""}],"twitter_card":"summary_large_image","schema":{"@context":"https:\/\/schema.org","@graph":[{"@type":"WebPage","@id":"https:\/\/traditionundmarkt.com\/fr\/marche-de-noel-adventsdorf-eschweiler\/jobs-eschweiler\/","url":"https:\/\/traditionundmarkt.com\/fr\/marche-de-noel-adventsdorf-eschweiler\/jobs-eschweiler\/","name":"Jobs Eschweiler &#8226; Tradition und Markt","isPartOf":{"@id":"https:\/\/traditionundmarkt.com\/fr\/#website"},"primaryImageOfPage":{"@id":"https:\/\/traditionundmarkt.com\/fr\/marche-de-noel-adventsdorf-eschweiler\/jobs-eschweiler\/#primaryimage"},"image":{"@id":"https:\/\/traditionundmarkt.com\/fr\/marche-de-noel-adventsdorf-eschweiler\/jobs-eschweiler\/#primaryimage"},"thumbnailUrl":"https:\/\/traditionundmarkt.com\/wp-content\/uploads\/2023\/02\/Tradition-und-markt-21-1024x768.webp","datePublished":"2025-09-04T09:45:28+00:00","dateModified":"2025-09-06T09:46:25+00:00","breadcrumb":{"@id":"https:\/\/traditionundmarkt.com\/fr\/marche-de-noel-adventsdorf-eschweiler\/jobs-eschweiler\/#breadcrumb"},"inLanguage":"fr-FR","potentialAction":[{"@type":"ReadAction","target":["https:\/\/traditionundmarkt.com\/fr\/marche-de-noel-adventsdorf-eschweiler\/jobs-eschweiler\/"]}]},{"@type":"ImageObject","inLanguage":"fr-FR","@id":"https:\/\/traditionundmarkt.com\/fr\/marche-de-noel-adventsdorf-eschweiler\/jobs-eschweiler\/#primaryimage","url":"https:\/\/traditionundmarkt.com\/wp-content\/uploads\/2023\/02\/Tradition-und-markt-21-1024x768.webp","contentUrl":"https:\/\/traditionundmarkt.com\/wp-content\/uploads\/2023\/02\/Tradition-und-markt-21-1024x768.webp"},{"@type":"BreadcrumbList","@id":"https:\/\/traditionundmarkt.com\/fr\/marche-de-noel-adventsdorf-eschweiler\/jobs-eschweiler\/#breadcrumb","itemListElement":[{"@type":"ListItem","position":1,"name":"Startseite","item":"https:\/\/traditionundmarkt.com\/fr\/accueil\/"},{"@type":"ListItem","position":2,"name":"March\u00e9 de No\u00ebl Adventsdorf Eschweiler","item":"https:\/\/traditionundmarkt.com\/fr\/marche-de-noel-adventsdorf-eschweiler\/"},{"@type":"ListItem","position":3,"name":"Jobs Eschweiler"}]},{"@type":"WebSite","@id":"https:\/\/traditionundmarkt.com\/fr\/#website","url":"https:\/\/traditionundmarkt.com\/fr\/","name":"Tradition und Markt","description":"","publisher":{"@id":"https:\/\/traditionundmarkt.com\/fr\/#organization"},"potentialAction":[{"@type":"SearchAction","target":{"@type":"EntryPoint","urlTemplate":"https:\/\/traditionundmarkt.com\/fr\/?s={search_term_string}"},"query-input":{"@type":"PropertyValueSpecification","valueRequired":true,"valueName":"search_term_string"}}],"inLanguage":"fr-FR"},{"@type":"Organization","@id":"https:\/\/traditionundmarkt.com\/fr\/#organization","name":"Tradition und Markt","url":"https:\/\/traditionundmarkt.com\/fr\/","logo":{"@type":"ImageObject","inLanguage":"fr-FR","@id":"https:\/\/traditionundmarkt.com\/fr\/#\/schema\/logo\/image\/","url":"https:\/\/traditionundmarkt.com\/wp-content\/uploads\/2023\/02\/Logo-Tradtion-und-Markt-1.webp","contentUrl":"https:\/\/traditionundmarkt.com\/wp-content\/uploads\/2023\/02\/Logo-Tradtion-und-Markt-1.webp","width":240,"height":239,"caption":"Tradition und Markt"},"image":{"@id":"https:\/\/traditionundmarkt.com\/fr\/#\/schema\/logo\/image\/"},"sameAs":["https:\/\/www.facebook.com\/Tradition-und-Markt-Franchise-107325457788905","https:\/\/www.instagram.com\/tradition_und_markt\/","https:\/\/www.youtube.com\/channel\/UCW4qQf3iVy3suXbbHzK5_dw","https:\/\/www.linkedin.com\/company\/tradition-und-markt-franchise\/"]}]}},"uagb_featured_image_src":{"full":false,"thumbnail":false,"medium":false,"medium_large":false,"large":false,"1536x1536":false,"2048x2048":false},"uagb_author_info":{"display_name":"ImpactPro","author_link":"https:\/\/traditionundmarkt.com\/fr\/author\/d549d4ea637b0b33\/"},"uagb_comment_info":0,"uagb_excerpt":"Jobs &#8211; Tradition und Markt Eschweiler Chers coll\u00e8gues, Nous avons le plaisir de vous annoncer que nous avons des offres d\u2019emploi pour nos stands de snacks et notre taverne lors du magnifique march\u00e9 de No\u00ebl de Eschweiler. Nous offrons des opportunit\u00e9s d&#8217;emploi temporaires ou \u00e0 temps plein dans un environnement de travail attrayant. La p\u00e9riode\u2026","_links":{"self":[{"href":"https:\/\/traditionundmarkt.com\/fr\/wp-json\/wp\/v2\/pages\/5440","targetHints":{"allow":["GET"]}}],"collection":[{"href":"https:\/\/traditionundmarkt.com\/fr\/wp-json\/wp\/v2\/pages"}],"about":[{"href":"https:\/\/traditionundmarkt.com\/fr\/wp-json\/wp\/v2\/types\/page"}],"author":[{"embeddable":true,"href":"https:\/\/traditionundmarkt.com\/fr\/wp-json\/wp\/v2\/users\/1"}],"replies":[{"embeddable":true,"href":"https:\/\/traditionundmarkt.com\/fr\/wp-json\/wp\/v2\/comments?post=5440"}],"version-history":[{"count":2,"href":"https:\/\/traditionundmarkt.com\/fr\/wp-json\/wp\/v2\/pages\/5440\/revisions"}],"predecessor-version":[{"id":5666,"href":"https:\/\/traditionundmarkt.com\/fr\/wp-json\/wp\/v2\/pages\/5440\/revisions\/5666"}],"up":[{"embeddable":true,"href":"https:\/\/traditionundmarkt.com\/fr\/wp-json\/wp\/v2\/pages\/5485"}],"wp:attachment":[{"href":"https:\/\/traditionundmarkt.com\/fr\/wp-json\/wp\/v2\/media?parent=5440"}],"curies":[{"name":"wp","href":"https:\/\/api.w.org\/{rel}","templated":true}]}}