{"id":5442,"date":"2025-09-04T11:45:28","date_gmt":"2025-09-04T09:45:28","guid":{"rendered":"https:\/\/traditionundmarkt.com\/jobs-eschweiler\/"},"modified":"2025-09-06T11:46:48","modified_gmt":"2025-09-06T09:46:48","slug":"jobs-eschweiler","status":"publish","type":"page","link":"https:\/\/traditionundmarkt.com\/hu\/karacsonyi-vasar-advent-village-eschweiler\/jobs-eschweiler\/","title":{"rendered":"Jobs Eschweiler"},"content":{"rendered":"\n<div class=\"wp-block-uagb-advanced-heading uagb-block-9e1dc364\"><h2 class=\"uagb-heading-text\">Jobs &#8211; Weihnachtsmarkt Adventsdorf Eschweiler<\/h2><\/div>\n\n<div class=\"wp-block-uagb-separator uagb-block-00e9e35b\"><div class=\"wp-block-uagb-separator__inner\" style=\"--my-background-image:\"><\/div><\/div>\n\n<div class=\"wp-block-uagb-container uagb-block-a3b6540f alignfull uagb-is-root-container\"><div class=\"uagb-container-inner-blocks-wrap\">\n<div class=\"wp-block-uagb-container uagb-block-7f4d1305\">\n<p>Kedves Koll\u00e9g\u00e1k,<\/p>\n\n\n\n<p>\u00d6r\u00f6mmel jelentj\u00fck be, hogy a csod\u00e1latos Eschweiler Kar\u00e1csonyi V\u00e1s\u00e1ron meg\u00fcresedett helyek vannak a b\u00fcf\u00e9kben \u00e9s a kocsm\u00e1ban. Id\u0151szakos vagy teljes munkaid\u0151s \u00e1ll\u00e1slehet\u0151s\u00e9get k\u00edn\u00e1lunk vonz\u00f3 munkak\u00f6rnyezetben. A foglalkoztat\u00e1si id\u0151szak november 10-t\u00f3l december 23-ig tart, \u00edgy lehet\u0151s\u00e9get biztos\u00edtunk \u00d6nnek egy k\u00fcl\u00f6nleges munkatapasztalat megszerz\u00e9s\u00e9re a kar\u00e1csonyi \u00fcnnepi id\u0151szakban.<\/p>\n\n\n\n<p>Tekintettel arra, hogy N\u00e9metorsz\u00e1g egyik legszebb kar\u00e1csonyi piac\u00e1n vagyunk, lehet\u0151s\u00e9ge ny\u00edlik a fest\u0151i \u00e9s b\u00e1jos k\u00f6rnyezetben val\u00f3 munkav\u00e9gz\u00e9sre. A Tradition und Markt Eschweiler kar\u00e1csonyi piaca a var\u00e1zslatos hangulat\u00e1r\u00f3l \u00e9s a hagyom\u00e1nyos \u00e9telek \u00e9s italok sokas\u00e1g\u00e1r\u00f3l ismert.<\/p>\n<\/div>\n\n\n\n<div class=\"wp-block-uagb-container uagb-block-6b205d77\">\n<div class=\"wp-block-uagb-image aligncenter uagb-block-42d731cb wp-block-uagb-image--layout-default wp-block-uagb-image--effect-zoomin wp-block-uagb-image--align-center\"><figure class=\"wp-block-uagb-image__figure\"><img loading=\"lazy\" decoding=\"async\" srcset=\"https:\/\/traditionundmarkt.com\/wp-content\/uploads\/2023\/02\/Tradition-und-markt-21-1024x768.webp\n \" sizes=\"auto, (max-width: 480px) 150px\" src=\"https:\/\/traditionundmarkt.com\/wp-content\/uploads\/2023\/02\/Tradition-und-markt-21-1024x768.webp\" alt=\"\" class=\"uag-image-445\" width=\"1024\" height=\"768\" title=\"\" loading=\"lazy\" role=\"img\"><\/figure><\/div>\n<\/div>\n<\/div><\/div>\n\n<div class=\"wp-block-uagb-container uagb-block-d960906f alignfull uagb-is-root-container\"><div class=\"uagb-container-inner-blocks-wrap\">\n<div class=\"wp-block-uagb-container uagb-block-86f62ba5\">\n<div class=\"wp-block-uagb-image uagb-block-66f82e21 wp-block-uagb-image--layout-default wp-block-uagb-image--effect-zoomin wp-block-uagb-image--align-none\"><figure class=\"wp-block-uagb-image__figure\"><img loading=\"lazy\" decoding=\"async\" srcset=\"https:\/\/traditionundmarkt.com\/wp-content\/uploads\/2023\/02\/Tradition-und-markt-20-1024x768.webp ,https:\/\/traditionundmarkt.com\/wp-content\/uploads\/2023\/02\/Tradition-und-markt-20-1024x768.webp 780w\" sizes=\"auto, (max-width: 480px) 150px\" src=\"https:\/\/traditionundmarkt.com\/wp-content\/uploads\/2023\/02\/Tradition-und-markt-20-1024x768.webp\" alt=\"\" class=\"uag-image-427\" width=\"1024\" height=\"768\" title=\"\" loading=\"lazy\" role=\"img\"><\/figure><\/div>\n<\/div>\n\n\n\n<div class=\"wp-block-uagb-container uagb-block-bbe54f44\">\n<p>Ha felkeltett\u00fck \u00e9rdekl\u0151d\u00e9s\u00e9t, \u00e9s szeretne lelkes csapatunk tagja lenni, k\u00e9rj\u00fck, jelentkezzen e-mailben a <a href=\"mailto:adventsdorf.eschweiler@traditionundmarkt.com\" target=\"_blank\" rel=\"noreferrer noopener\">adventsdorf.eschweiler@traditionundmarkt.com<\/a> c\u00edmen, vagy telefonon a <a href=\"tel:00491777163377\" target=\"_blank\" rel=\"noreferrer noopener\">00491777163377 c\u00edmen .<\/a> V\u00e1rjuk jelentkez\u00e9s\u00fcket izgatottan, hogy r\u00e9szletesen megbesz\u00e9lhess\u00fck.<\/p>\n\n\n\n<p>Csatlakozva csapatunkhoz, lehet\u0151s\u00e9get kapnak az \u00faj emberekkel val\u00f3 kapcsolatfelv\u00e9telre, a helyi kult\u00fara \u00e9s hagyom\u00e1nyok megismer\u00e9s\u00e9re \u00e9s felejthetetlen eml\u00e9kek kialak\u00edt\u00e1s\u00e1ra az \u00fcnnepi id\u0151szakban.<\/p>\n\n\n\n<p>Ne hagyj\u00e1k ki ezt az egyed\u00fcl\u00e1ll\u00f3 kar\u00e1csonyi \u00e9lm\u00e9nyt egy gy\u00f6ny\u00f6r\u0171 helyen. V\u00e1rjuk izgatottan, hogy csatlakozzanak csapatunkhoz!<\/p>\n\n\n\n<p class=\"has-text-align-left\">Minden jot kivan,<\/p>\n\n\n\n<p class=\"has-text-align-left\">A Tradition und Markt Eschweiler csapata<\/p>\n<\/div>\n<\/div><\/div>\n\n<p><\/p>\n","protected":false},"excerpt":{"rendered":"<p>Jobs &#8211; Weihnachtsmarkt Adventsdorf Eschweiler Kedves Koll\u00e9g\u00e1k, \u00d6r\u00f6mmel jelentj\u00fck be, hogy a csod\u00e1latos Eschweiler Kar\u00e1csonyi V\u00e1s\u00e1ron meg\u00fcresedett helyek vannak a b\u00fcf\u00e9kben \u00e9s a kocsm\u00e1ban. Id\u0151szakos vagy teljes munkaid\u0151s \u00e1ll\u00e1slehet\u0151s\u00e9get k\u00edn\u00e1lunk vonz\u00f3 munkak\u00f6rnyezetben. A foglalkoztat\u00e1si id\u0151szak november 10-t\u00f3l december 23-ig tart, \u00edgy lehet\u0151s\u00e9get biztos\u00edtunk \u00d6nnek egy k\u00fcl\u00f6nleges munkatapasztalat megszerz\u00e9s\u00e9re a kar\u00e1csonyi \u00fcnnepi id\u0151szakban. Tekintettel arra, hogy [&hellip;]<\/p>\n","protected":false},"author":1,"featured_media":0,"parent":5503,"menu_order":0,"comment_status":"closed","ping_status":"closed","template":"","meta":{"_uag_custom_page_level_css":"","site-sidebar-layout":"default","site-content-layout":"","ast-site-content-layout":"default","site-content-style":"default","site-sidebar-style":"default","ast-global-header-display":"","ast-banner-title-visibility":"","ast-main-header-display":"","ast-hfb-above-header-display":"","ast-hfb-below-header-display":"","ast-hfb-mobile-header-display":"","site-post-title":"disabled","ast-breadcrumbs-content":"","ast-featured-img":"","footer-sml-layout":"","ast-disable-related-posts":"","theme-transparent-header-meta":"","adv-header-id-meta":"","stick-header-meta":"","header-above-stick-meta":"","header-main-stick-meta":"","header-below-stick-meta":"","astra-migrate-meta-layouts":"default","ast-page-background-enabled":"default","ast-page-background-meta":{"desktop":{"background-color":"var(--ast-global-color-4)","background-image":"","background-repeat":"repeat","background-position":"center center","background-size":"auto","background-attachment":"scroll","background-type":"","background-media":"","overlay-type":"","overlay-color":"","overlay-opacity":"","overlay-gradient":""},"tablet":{"background-color":"","background-image":"","background-repeat":"repeat","background-position":"center center","background-size":"auto","background-attachment":"scroll","background-type":"","background-media":"","overlay-type":"","overlay-color":"","overlay-opacity":"","overlay-gradient":""},"mobile":{"background-color":"","background-image":"","background-repeat":"repeat","background-position":"center center","background-size":"auto","background-attachment":"scroll","background-type":"","background-media":"","overlay-type":"","overlay-color":"","overlay-opacity":"","overlay-gradient":""}},"ast-content-background-meta":{"desktop":{"background-color":"var(--ast-global-color-5)","background-image":"","background-repeat":"repeat","background-position":"center center","background-size":"auto","background-attachment":"scroll","background-type":"","background-media":"","overlay-type":"","overlay-color":"","overlay-opacity":"","overlay-gradient":""},"tablet":{"background-color":"var(--ast-global-color-5)","background-image":"","background-repeat":"repeat","background-position":"center center","background-size":"auto","background-attachment":"scroll","background-type":"","background-media":"","overlay-type":"","overlay-color":"","overlay-opacity":"","overlay-gradient":""},"mobile":{"background-color":"var(--ast-global-color-5)","background-image":"","background-repeat":"repeat","background-position":"center center","background-size":"auto","background-attachment":"scroll","background-type":"","background-media":"","overlay-type":"","overlay-color":"","overlay-opacity":"","overlay-gradient":""}},"footnotes":""},"class_list":["post-5442","page","type-page","status-publish","hentry"],"yoast_head":"<!-- This site is optimized with the Yoast SEO plugin v27.4 - https:\/\/yoast.com\/product\/yoast-seo-wordpress\/ -->\n<title>Jobs Eschweiler &#8226; Tradition und Markt<\/title>\n<meta name=\"robots\" content=\"index, follow, max-snippet:-1, max-image-preview:large, max-video-preview:-1\" \/>\n<link rel=\"canonical\" href=\"https:\/\/traditionundmarkt.com\/hu\/karacsonyi-vasar-advent-village-eschweiler\/jobs-eschweiler\/\" \/>\n<meta property=\"og:locale\" content=\"hu_HU\" \/>\n<meta property=\"og:type\" content=\"article\" \/>\n<meta property=\"og:title\" content=\"Jobs Eschweiler &#8226; Tradition und Markt\" \/>\n<meta property=\"og:description\" content=\"Jobs &#8211; Weihnachtsmarkt Adventsdorf Eschweiler Kedves Koll\u00e9g\u00e1k, \u00d6r\u00f6mmel jelentj\u00fck be, hogy a csod\u00e1latos Eschweiler Kar\u00e1csonyi V\u00e1s\u00e1ron meg\u00fcresedett helyek vannak a b\u00fcf\u00e9kben \u00e9s a kocsm\u00e1ban. Id\u0151szakos vagy teljes munkaid\u0151s \u00e1ll\u00e1slehet\u0151s\u00e9get k\u00edn\u00e1lunk vonz\u00f3 munkak\u00f6rnyezetben. A foglalkoztat\u00e1si id\u0151szak november 10-t\u00f3l december 23-ig tart, \u00edgy lehet\u0151s\u00e9get biztos\u00edtunk \u00d6nnek egy k\u00fcl\u00f6nleges munkatapasztalat megszerz\u00e9s\u00e9re a kar\u00e1csonyi \u00fcnnepi id\u0151szakban. Tekintettel arra, hogy [&hellip;]\" \/>\n<meta property=\"og:url\" content=\"https:\/\/traditionundmarkt.com\/hu\/karacsonyi-vasar-advent-village-eschweiler\/jobs-eschweiler\/\" \/>\n<meta property=\"og:site_name\" content=\"Tradition und Markt\" \/>\n<meta property=\"article:publisher\" content=\"https:\/\/www.facebook.com\/Tradition-und-Markt-Franchise-107325457788905\" \/>\n<meta property=\"article:modified_time\" content=\"2025-09-06T09:46:48+00:00\" \/>\n<meta property=\"og:image\" content=\"https:\/\/traditionundmarkt.com\/wp-content\/uploads\/2023\/02\/Tradition-und-markt-21-1024x768.webp\" \/>\n<meta name=\"twitter:card\" content=\"summary_large_image\" \/>\n<script type=\"application\/ld+json\" class=\"yoast-schema-graph\">{\"@context\":\"https:\\\/\\\/schema.org\",\"@graph\":[{\"@type\":\"WebPage\",\"@id\":\"https:\\\/\\\/traditionundmarkt.com\\\/hu\\\/karacsonyi-vasar-advent-village-eschweiler\\\/jobs-eschweiler\\\/\",\"url\":\"https:\\\/\\\/traditionundmarkt.com\\\/hu\\\/karacsonyi-vasar-advent-village-eschweiler\\\/jobs-eschweiler\\\/\",\"name\":\"Jobs Eschweiler &#8226; Tradition und Markt\",\"isPartOf\":{\"@id\":\"https:\\\/\\\/traditionundmarkt.com\\\/hu\\\/#website\"},\"primaryImageOfPage\":{\"@id\":\"https:\\\/\\\/traditionundmarkt.com\\\/hu\\\/karacsonyi-vasar-advent-village-eschweiler\\\/jobs-eschweiler\\\/#primaryimage\"},\"image\":{\"@id\":\"https:\\\/\\\/traditionundmarkt.com\\\/hu\\\/karacsonyi-vasar-advent-village-eschweiler\\\/jobs-eschweiler\\\/#primaryimage\"},\"thumbnailUrl\":\"https:\\\/\\\/traditionundmarkt.com\\\/wp-content\\\/uploads\\\/2023\\\/02\\\/Tradition-und-markt-21-1024x768.webp\",\"datePublished\":\"2025-09-04T09:45:28+00:00\",\"dateModified\":\"2025-09-06T09:46:48+00:00\",\"breadcrumb\":{\"@id\":\"https:\\\/\\\/traditionundmarkt.com\\\/hu\\\/karacsonyi-vasar-advent-village-eschweiler\\\/jobs-eschweiler\\\/#breadcrumb\"},\"inLanguage\":\"hu\",\"potentialAction\":[{\"@type\":\"ReadAction\",\"target\":[\"https:\\\/\\\/traditionundmarkt.com\\\/hu\\\/karacsonyi-vasar-advent-village-eschweiler\\\/jobs-eschweiler\\\/\"]}]},{\"@type\":\"ImageObject\",\"inLanguage\":\"hu\",\"@id\":\"https:\\\/\\\/traditionundmarkt.com\\\/hu\\\/karacsonyi-vasar-advent-village-eschweiler\\\/jobs-eschweiler\\\/#primaryimage\",\"url\":\"https:\\\/\\\/traditionundmarkt.com\\\/wp-content\\\/uploads\\\/2023\\\/02\\\/Tradition-und-markt-21-1024x768.webp\",\"contentUrl\":\"https:\\\/\\\/traditionundmarkt.com\\\/wp-content\\\/uploads\\\/2023\\\/02\\\/Tradition-und-markt-21-1024x768.webp\"},{\"@type\":\"BreadcrumbList\",\"@id\":\"https:\\\/\\\/traditionundmarkt.com\\\/hu\\\/karacsonyi-vasar-advent-village-eschweiler\\\/jobs-eschweiler\\\/#breadcrumb\",\"itemListElement\":[{\"@type\":\"ListItem\",\"position\":1,\"name\":\"Startseite\",\"item\":\"https:\\\/\\\/traditionundmarkt.com\\\/hu\\\/honlap\\\/\"},{\"@type\":\"ListItem\",\"position\":2,\"name\":\"Kar\u00e1csonyi v\u00e1s\u00e1r Advent Village Eschweiler\",\"item\":\"https:\\\/\\\/traditionundmarkt.com\\\/hu\\\/karacsonyi-vasar-advent-village-eschweiler\\\/\"},{\"@type\":\"ListItem\",\"position\":3,\"name\":\"Jobs Eschweiler\"}]},{\"@type\":\"WebSite\",\"@id\":\"https:\\\/\\\/traditionundmarkt.com\\\/hu\\\/#website\",\"url\":\"https:\\\/\\\/traditionundmarkt.com\\\/hu\\\/\",\"name\":\"Tradition und Markt\",\"description\":\"\",\"publisher\":{\"@id\":\"https:\\\/\\\/traditionundmarkt.com\\\/hu\\\/#organization\"},\"potentialAction\":[{\"@type\":\"SearchAction\",\"target\":{\"@type\":\"EntryPoint\",\"urlTemplate\":\"https:\\\/\\\/traditionundmarkt.com\\\/hu\\\/?s={search_term_string}\"},\"query-input\":{\"@type\":\"PropertyValueSpecification\",\"valueRequired\":true,\"valueName\":\"search_term_string\"}}],\"inLanguage\":\"hu\"},{\"@type\":\"Organization\",\"@id\":\"https:\\\/\\\/traditionundmarkt.com\\\/hu\\\/#organization\",\"name\":\"Tradition und Markt\",\"url\":\"https:\\\/\\\/traditionundmarkt.com\\\/hu\\\/\",\"logo\":{\"@type\":\"ImageObject\",\"inLanguage\":\"hu\",\"@id\":\"https:\\\/\\\/traditionundmarkt.com\\\/hu\\\/#\\\/schema\\\/logo\\\/image\\\/\",\"url\":\"https:\\\/\\\/traditionundmarkt.com\\\/wp-content\\\/uploads\\\/2023\\\/02\\\/Logo-Tradtion-und-Markt-1.webp\",\"contentUrl\":\"https:\\\/\\\/traditionundmarkt.com\\\/wp-content\\\/uploads\\\/2023\\\/02\\\/Logo-Tradtion-und-Markt-1.webp\",\"width\":240,\"height\":239,\"caption\":\"Tradition und Markt\"},\"image\":{\"@id\":\"https:\\\/\\\/traditionundmarkt.com\\\/hu\\\/#\\\/schema\\\/logo\\\/image\\\/\"},\"sameAs\":[\"https:\\\/\\\/www.facebook.com\\\/Tradition-und-Markt-Franchise-107325457788905\",\"https:\\\/\\\/www.instagram.com\\\/tradition_und_markt\\\/\",\"https:\\\/\\\/www.youtube.com\\\/channel\\\/UCW4qQf3iVy3suXbbHzK5_dw\",\"https:\\\/\\\/www.linkedin.com\\\/company\\\/tradition-und-markt-franchise\\\/\"]}]}<\/script>\n<!-- \/ Yoast SEO plugin. -->","yoast_head_json":{"title":"Jobs Eschweiler &#8226; Tradition und Markt","robots":{"index":"index","follow":"follow","max-snippet":"max-snippet:-1","max-image-preview":"max-image-preview:large","max-video-preview":"max-video-preview:-1"},"canonical":"https:\/\/traditionundmarkt.com\/hu\/karacsonyi-vasar-advent-village-eschweiler\/jobs-eschweiler\/","og_locale":"hu_HU","og_type":"article","og_title":"Jobs Eschweiler &#8226; Tradition und Markt","og_description":"Jobs &#8211; Weihnachtsmarkt Adventsdorf Eschweiler Kedves Koll\u00e9g\u00e1k, \u00d6r\u00f6mmel jelentj\u00fck be, hogy a csod\u00e1latos Eschweiler Kar\u00e1csonyi V\u00e1s\u00e1ron meg\u00fcresedett helyek vannak a b\u00fcf\u00e9kben \u00e9s a kocsm\u00e1ban. Id\u0151szakos vagy teljes munkaid\u0151s \u00e1ll\u00e1slehet\u0151s\u00e9get k\u00edn\u00e1lunk vonz\u00f3 munkak\u00f6rnyezetben. A foglalkoztat\u00e1si id\u0151szak november 10-t\u00f3l december 23-ig tart, \u00edgy lehet\u0151s\u00e9get biztos\u00edtunk \u00d6nnek egy k\u00fcl\u00f6nleges munkatapasztalat megszerz\u00e9s\u00e9re a kar\u00e1csonyi \u00fcnnepi id\u0151szakban. Tekintettel arra, hogy [&hellip;]","og_url":"https:\/\/traditionundmarkt.com\/hu\/karacsonyi-vasar-advent-village-eschweiler\/jobs-eschweiler\/","og_site_name":"Tradition und Markt","article_publisher":"https:\/\/www.facebook.com\/Tradition-und-Markt-Franchise-107325457788905","article_modified_time":"2025-09-06T09:46:48+00:00","og_image":[{"url":"https:\/\/traditionundmarkt.com\/wp-content\/uploads\/2023\/02\/Tradition-und-markt-21-1024x768.webp","type":"","width":"","height":""}],"twitter_card":"summary_large_image","schema":{"@context":"https:\/\/schema.org","@graph":[{"@type":"WebPage","@id":"https:\/\/traditionundmarkt.com\/hu\/karacsonyi-vasar-advent-village-eschweiler\/jobs-eschweiler\/","url":"https:\/\/traditionundmarkt.com\/hu\/karacsonyi-vasar-advent-village-eschweiler\/jobs-eschweiler\/","name":"Jobs Eschweiler &#8226; Tradition und Markt","isPartOf":{"@id":"https:\/\/traditionundmarkt.com\/hu\/#website"},"primaryImageOfPage":{"@id":"https:\/\/traditionundmarkt.com\/hu\/karacsonyi-vasar-advent-village-eschweiler\/jobs-eschweiler\/#primaryimage"},"image":{"@id":"https:\/\/traditionundmarkt.com\/hu\/karacsonyi-vasar-advent-village-eschweiler\/jobs-eschweiler\/#primaryimage"},"thumbnailUrl":"https:\/\/traditionundmarkt.com\/wp-content\/uploads\/2023\/02\/Tradition-und-markt-21-1024x768.webp","datePublished":"2025-09-04T09:45:28+00:00","dateModified":"2025-09-06T09:46:48+00:00","breadcrumb":{"@id":"https:\/\/traditionundmarkt.com\/hu\/karacsonyi-vasar-advent-village-eschweiler\/jobs-eschweiler\/#breadcrumb"},"inLanguage":"hu","potentialAction":[{"@type":"ReadAction","target":["https:\/\/traditionundmarkt.com\/hu\/karacsonyi-vasar-advent-village-eschweiler\/jobs-eschweiler\/"]}]},{"@type":"ImageObject","inLanguage":"hu","@id":"https:\/\/traditionundmarkt.com\/hu\/karacsonyi-vasar-advent-village-eschweiler\/jobs-eschweiler\/#primaryimage","url":"https:\/\/traditionundmarkt.com\/wp-content\/uploads\/2023\/02\/Tradition-und-markt-21-1024x768.webp","contentUrl":"https:\/\/traditionundmarkt.com\/wp-content\/uploads\/2023\/02\/Tradition-und-markt-21-1024x768.webp"},{"@type":"BreadcrumbList","@id":"https:\/\/traditionundmarkt.com\/hu\/karacsonyi-vasar-advent-village-eschweiler\/jobs-eschweiler\/#breadcrumb","itemListElement":[{"@type":"ListItem","position":1,"name":"Startseite","item":"https:\/\/traditionundmarkt.com\/hu\/honlap\/"},{"@type":"ListItem","position":2,"name":"Kar\u00e1csonyi v\u00e1s\u00e1r Advent Village Eschweiler","item":"https:\/\/traditionundmarkt.com\/hu\/karacsonyi-vasar-advent-village-eschweiler\/"},{"@type":"ListItem","position":3,"name":"Jobs Eschweiler"}]},{"@type":"WebSite","@id":"https:\/\/traditionundmarkt.com\/hu\/#website","url":"https:\/\/traditionundmarkt.com\/hu\/","name":"Tradition und Markt","description":"","publisher":{"@id":"https:\/\/traditionundmarkt.com\/hu\/#organization"},"potentialAction":[{"@type":"SearchAction","target":{"@type":"EntryPoint","urlTemplate":"https:\/\/traditionundmarkt.com\/hu\/?s={search_term_string}"},"query-input":{"@type":"PropertyValueSpecification","valueRequired":true,"valueName":"search_term_string"}}],"inLanguage":"hu"},{"@type":"Organization","@id":"https:\/\/traditionundmarkt.com\/hu\/#organization","name":"Tradition und Markt","url":"https:\/\/traditionundmarkt.com\/hu\/","logo":{"@type":"ImageObject","inLanguage":"hu","@id":"https:\/\/traditionundmarkt.com\/hu\/#\/schema\/logo\/image\/","url":"https:\/\/traditionundmarkt.com\/wp-content\/uploads\/2023\/02\/Logo-Tradtion-und-Markt-1.webp","contentUrl":"https:\/\/traditionundmarkt.com\/wp-content\/uploads\/2023\/02\/Logo-Tradtion-und-Markt-1.webp","width":240,"height":239,"caption":"Tradition und Markt"},"image":{"@id":"https:\/\/traditionundmarkt.com\/hu\/#\/schema\/logo\/image\/"},"sameAs":["https:\/\/www.facebook.com\/Tradition-und-Markt-Franchise-107325457788905","https:\/\/www.instagram.com\/tradition_und_markt\/","https:\/\/www.youtube.com\/channel\/UCW4qQf3iVy3suXbbHzK5_dw","https:\/\/www.linkedin.com\/company\/tradition-und-markt-franchise\/"]}]}},"uagb_featured_image_src":{"full":false,"thumbnail":false,"medium":false,"medium_large":false,"large":false,"1536x1536":false,"2048x2048":false},"uagb_author_info":{"display_name":"ImpactPro","author_link":"https:\/\/traditionundmarkt.com\/hu\/author\/d549d4ea637b0b33\/"},"uagb_comment_info":0,"uagb_excerpt":"Jobs &#8211; Weihnachtsmarkt Adventsdorf Eschweiler Kedves Koll\u00e9g\u00e1k, \u00d6r\u00f6mmel jelentj\u00fck be, hogy a csod\u00e1latos Eschweiler Kar\u00e1csonyi V\u00e1s\u00e1ron meg\u00fcresedett helyek vannak a b\u00fcf\u00e9kben \u00e9s a kocsm\u00e1ban. Id\u0151szakos vagy teljes munkaid\u0151s \u00e1ll\u00e1slehet\u0151s\u00e9get k\u00edn\u00e1lunk vonz\u00f3 munkak\u00f6rnyezetben. A foglalkoztat\u00e1si id\u0151szak november 10-t\u00f3l december 23-ig tart, \u00edgy lehet\u0151s\u00e9get biztos\u00edtunk \u00d6nnek egy k\u00fcl\u00f6nleges munkatapasztalat megszerz\u00e9s\u00e9re a kar\u00e1csonyi \u00fcnnepi id\u0151szakban. Tekintettel arra, hogy&hellip;","_links":{"self":[{"href":"https:\/\/traditionundmarkt.com\/hu\/wp-json\/wp\/v2\/pages\/5442","targetHints":{"allow":["GET"]}}],"collection":[{"href":"https:\/\/traditionundmarkt.com\/hu\/wp-json\/wp\/v2\/pages"}],"about":[{"href":"https:\/\/traditionundmarkt.com\/hu\/wp-json\/wp\/v2\/types\/page"}],"author":[{"embeddable":true,"href":"https:\/\/traditionundmarkt.com\/hu\/wp-json\/wp\/v2\/users\/1"}],"replies":[{"embeddable":true,"href":"https:\/\/traditionundmarkt.com\/hu\/wp-json\/wp\/v2\/comments?post=5442"}],"version-history":[{"count":2,"href":"https:\/\/traditionundmarkt.com\/hu\/wp-json\/wp\/v2\/pages\/5442\/revisions"}],"predecessor-version":[{"id":5667,"href":"https:\/\/traditionundmarkt.com\/hu\/wp-json\/wp\/v2\/pages\/5442\/revisions\/5667"}],"up":[{"embeddable":true,"href":"https:\/\/traditionundmarkt.com\/hu\/wp-json\/wp\/v2\/pages\/5503"}],"wp:attachment":[{"href":"https:\/\/traditionundmarkt.com\/hu\/wp-json\/wp\/v2\/media?parent=5442"}],"curies":[{"name":"wp","href":"https:\/\/api.w.org\/{rel}","templated":true}]}}