{"id":2739,"date":"2023-07-13T13:53:48","date_gmt":"2023-07-13T13:53:48","guid":{"rendered":"https:\/\/traditionundmarkt.com\/mercatino-di-natale-e-mercatino-dinverno-di-heinsberg\/jobs-heinsberg\/"},"modified":"2023-07-17T09:44:40","modified_gmt":"2023-07-17T09:44:40","slug":"jobs-heinsberg","status":"publish","type":"page","link":"https:\/\/traditionundmarkt.com\/it\/mercatino-di-natale-e-mercatino-dinverno-di-heinsberg\/jobs-heinsberg\/","title":{"rendered":"Jobs Heinsberg"},"content":{"rendered":"\n<div class=\"wp-block-uagb-advanced-heading uagb-block-5d866ae3\"><h2 class=\"uagb-heading-text\">Jobs &#8211; Tradition und Markt Heinsberg<\/h2><\/div>\n\n<div class=\"wp-block-uagb-separator uagb-block-695d4c1f\"><div class=\"wp-block-uagb-separator__inner\" style=\"--my-background-image:\"><\/div><\/div>\n\n<div class=\"wp-block-uagb-container uagb-block-051b1e73 alignfull uagb-is-root-container\"><div class=\"uagb-container-inner-blocks-wrap\">\n<div class=\"wp-block-uagb-container uagb-block-7bf3c488\">\n<p>Gentile collega,<\/p>\n\n\n\n<p>Siamo lieti di annunciare che ci sono posti vacanti per le nostre bancarelle e per la taverna del meraviglioso mercatino di Natale di Heinsberg. Offriamo opportunit\u00e0 di lavoro temporaneo o a tempo pieno in un ambiente di lavoro accattivante. <\/p>\n\n\n\n<p>Il periodo di impiego va dal 15 novembre al 31 dicembre di quest&#8217;anno, offrendoti cos\u00ec un&#8217;esperienza lavorativa speciale durante il periodo festivo di Natale.<\/p>\n\n\n\n<p>Essendo uno dei mercatini di Natale pi\u00f9 belli della Germania, avrai l&#8217;opportunit\u00e0 di lavorare in un contesto pittoresco e affascinante. Il mercatino di Natale Tradition und Markt di Heinsberg \u00e8 noto per la sua atmosfera magica e la variet\u00e0 di cibi e bevande tradizionali.<\/p>\n<\/div>\n<\/div><\/div>\n\n<div class=\"wp-block-uagb-container uagb-block-8710843a alignfull uagb-is-root-container\"><div class=\"uagb-container-inner-blocks-wrap\">\n<div class=\"wp-block-uagb-container uagb-block-f86d9027\">\n<p>Se sei interessato e desideri far parte del nostro entusiasta team, ti preghiamo di inviare la tua candidatura via e-mail all&#8217;indirizzo <a href=\"mailto:office.heinsberg@traditionundmarkt.com\" target=\"_blank\" rel=\"noreferrer noopener\">office.heinsberg@traditionundmarkt.com<\/a> o di contattarci telefonicamente al numero <a href=\"tel:004915209249446\" target=\"_blank\" rel=\"noreferrer noopener\">004915209249446<\/a>. Non vediamo l&#8217;ora di ricevere la tua candidatura e discutere ulteriori dettagli.<\/p>\n\n\n\n<p>Unendoti al nostro team, avrai l&#8217;opportunit\u00e0 di interagire con nuove persone, imparare sulla cultura e le tradizioni locali e creare ricordi indimenticabili durante la stagione festiva.<\/p>\n\n\n\n<p>Non perdere l&#8217;occasione di far parte di un&#8217;esperienza natalizia unica in un luogo meraviglioso. Non vediamo l&#8217;ora di averti nel nostro team!<\/p>\n\n\n\n<p class=\"has-text-align-left\">Cordiali saluti,<\/p>\n\n\n\n<p>Il team di Tradition und Markt Heinsberg<\/p>\n<\/div>\n<\/div><\/div>\n","protected":false},"excerpt":{"rendered":"<p>Jobs &#8211; Tradition und Markt Heinsberg Gentile collega, Siamo lieti di annunciare che ci sono posti vacanti per le nostre bancarelle e per la taverna del meraviglioso mercatino di Natale di Heinsberg. Offriamo opportunit\u00e0 di lavoro temporaneo o a tempo pieno in un ambiente di lavoro accattivante. Il periodo di impiego va dal 15 novembre [&hellip;]<\/p>\n","protected":false},"author":1,"featured_media":0,"parent":2169,"menu_order":0,"comment_status":"closed","ping_status":"closed","template":"","meta":{"_uag_custom_page_level_css":"","site-sidebar-layout":"default","site-content-layout":"","ast-site-content-layout":"default","site-content-style":"default","site-sidebar-style":"default","ast-global-header-display":"","ast-banner-title-visibility":"","ast-main-header-display":"","ast-hfb-above-header-display":"","ast-hfb-below-header-display":"","ast-hfb-mobile-header-display":"","site-post-title":"disabled","ast-breadcrumbs-content":"","ast-featured-img":"","footer-sml-layout":"","ast-disable-related-posts":"","theme-transparent-header-meta":"","adv-header-id-meta":"","stick-header-meta":"","header-above-stick-meta":"","header-main-stick-meta":"","header-below-stick-meta":"","astra-migrate-meta-layouts":"default","ast-page-background-enabled":"default","ast-page-background-meta":{"desktop":{"background-color":"var(--ast-global-color-4)","background-image":"","background-repeat":"repeat","background-position":"center center","background-size":"auto","background-attachment":"scroll","background-type":"","background-media":"","overlay-type":"","overlay-color":"","overlay-opacity":"","overlay-gradient":""},"tablet":{"background-color":"","background-image":"","background-repeat":"repeat","background-position":"center center","background-size":"auto","background-attachment":"scroll","background-type":"","background-media":"","overlay-type":"","overlay-color":"","overlay-opacity":"","overlay-gradient":""},"mobile":{"background-color":"","background-image":"","background-repeat":"repeat","background-position":"center center","background-size":"auto","background-attachment":"scroll","background-type":"","background-media":"","overlay-type":"","overlay-color":"","overlay-opacity":"","overlay-gradient":""}},"ast-content-background-meta":{"desktop":{"background-color":"var(--ast-global-color-5)","background-image":"","background-repeat":"repeat","background-position":"center center","background-size":"auto","background-attachment":"scroll","background-type":"","background-media":"","overlay-type":"","overlay-color":"","overlay-opacity":"","overlay-gradient":""},"tablet":{"background-color":"var(--ast-global-color-5)","background-image":"","background-repeat":"repeat","background-position":"center center","background-size":"auto","background-attachment":"scroll","background-type":"","background-media":"","overlay-type":"","overlay-color":"","overlay-opacity":"","overlay-gradient":""},"mobile":{"background-color":"var(--ast-global-color-5)","background-image":"","background-repeat":"repeat","background-position":"center center","background-size":"auto","background-attachment":"scroll","background-type":"","background-media":"","overlay-type":"","overlay-color":"","overlay-opacity":"","overlay-gradient":""}},"footnotes":""},"class_list":["post-2739","page","type-page","status-publish","hentry"],"yoast_head":"<!-- This site is optimized with the Yoast SEO plugin v27.4 - https:\/\/yoast.com\/product\/yoast-seo-wordpress\/ -->\n<title>Jobs Heinsberg &#8226; Tradition und Markt<\/title>\n<meta name=\"robots\" content=\"index, follow, max-snippet:-1, max-image-preview:large, max-video-preview:-1\" \/>\n<link rel=\"canonical\" href=\"https:\/\/traditionundmarkt.com\/it\/mercatino-di-natale-e-mercatino-dinverno-di-heinsberg\/jobs-heinsberg\/\" \/>\n<meta property=\"og:locale\" content=\"it_IT\" \/>\n<meta property=\"og:type\" content=\"article\" \/>\n<meta property=\"og:title\" content=\"Jobs Heinsberg &#8226; Tradition und Markt\" \/>\n<meta property=\"og:description\" content=\"Jobs &#8211; Tradition und Markt Heinsberg Gentile collega, Siamo lieti di annunciare che ci sono posti vacanti per le nostre bancarelle e per la taverna del meraviglioso mercatino di Natale di Heinsberg. Offriamo opportunit\u00e0 di lavoro temporaneo o a tempo pieno in un ambiente di lavoro accattivante. Il periodo di impiego va dal 15 novembre [&hellip;]\" \/>\n<meta property=\"og:url\" content=\"https:\/\/traditionundmarkt.com\/it\/mercatino-di-natale-e-mercatino-dinverno-di-heinsberg\/jobs-heinsberg\/\" \/>\n<meta property=\"og:site_name\" content=\"Tradition und Markt\" \/>\n<meta property=\"article:publisher\" content=\"https:\/\/www.facebook.com\/Tradition-und-Markt-Franchise-107325457788905\" \/>\n<meta property=\"article:modified_time\" content=\"2023-07-17T09:44:40+00:00\" \/>\n<meta name=\"twitter:card\" content=\"summary_large_image\" \/>\n<script type=\"application\/ld+json\" class=\"yoast-schema-graph\">{\"@context\":\"https:\\\/\\\/schema.org\",\"@graph\":[{\"@type\":\"WebPage\",\"@id\":\"https:\\\/\\\/traditionundmarkt.com\\\/it\\\/mercatino-di-natale-e-mercatino-dinverno-di-heinsberg\\\/jobs-heinsberg\\\/\",\"url\":\"https:\\\/\\\/traditionundmarkt.com\\\/it\\\/mercatino-di-natale-e-mercatino-dinverno-di-heinsberg\\\/jobs-heinsberg\\\/\",\"name\":\"Jobs Heinsberg &#8226; Tradition und Markt\",\"isPartOf\":{\"@id\":\"https:\\\/\\\/traditionundmarkt.com\\\/it\\\/#website\"},\"datePublished\":\"2023-07-13T13:53:48+00:00\",\"dateModified\":\"2023-07-17T09:44:40+00:00\",\"breadcrumb\":{\"@id\":\"https:\\\/\\\/traditionundmarkt.com\\\/it\\\/mercatino-di-natale-e-mercatino-dinverno-di-heinsberg\\\/jobs-heinsberg\\\/#breadcrumb\"},\"inLanguage\":\"it-IT\",\"potentialAction\":[{\"@type\":\"ReadAction\",\"target\":[\"https:\\\/\\\/traditionundmarkt.com\\\/it\\\/mercatino-di-natale-e-mercatino-dinverno-di-heinsberg\\\/jobs-heinsberg\\\/\"]}]},{\"@type\":\"BreadcrumbList\",\"@id\":\"https:\\\/\\\/traditionundmarkt.com\\\/it\\\/mercatino-di-natale-e-mercatino-dinverno-di-heinsberg\\\/jobs-heinsberg\\\/#breadcrumb\",\"itemListElement\":[{\"@type\":\"ListItem\",\"position\":1,\"name\":\"Startseite\",\"item\":\"https:\\\/\\\/traditionundmarkt.com\\\/it\\\/home\\\/\"},{\"@type\":\"ListItem\",\"position\":2,\"name\":\"Mercatino di Natale Tradition und Markt Heinsberg\",\"item\":\"https:\\\/\\\/traditionundmarkt.com\\\/it\\\/mercatino-di-natale-e-mercatino-dinverno-di-heinsberg\\\/\"},{\"@type\":\"ListItem\",\"position\":3,\"name\":\"Jobs Heinsberg\"}]},{\"@type\":\"WebSite\",\"@id\":\"https:\\\/\\\/traditionundmarkt.com\\\/it\\\/#website\",\"url\":\"https:\\\/\\\/traditionundmarkt.com\\\/it\\\/\",\"name\":\"Tradition und Markt\",\"description\":\"\",\"publisher\":{\"@id\":\"https:\\\/\\\/traditionundmarkt.com\\\/it\\\/#organization\"},\"potentialAction\":[{\"@type\":\"SearchAction\",\"target\":{\"@type\":\"EntryPoint\",\"urlTemplate\":\"https:\\\/\\\/traditionundmarkt.com\\\/it\\\/?s={search_term_string}\"},\"query-input\":{\"@type\":\"PropertyValueSpecification\",\"valueRequired\":true,\"valueName\":\"search_term_string\"}}],\"inLanguage\":\"it-IT\"},{\"@type\":\"Organization\",\"@id\":\"https:\\\/\\\/traditionundmarkt.com\\\/it\\\/#organization\",\"name\":\"Tradition und Markt\",\"url\":\"https:\\\/\\\/traditionundmarkt.com\\\/it\\\/\",\"logo\":{\"@type\":\"ImageObject\",\"inLanguage\":\"it-IT\",\"@id\":\"https:\\\/\\\/traditionundmarkt.com\\\/it\\\/#\\\/schema\\\/logo\\\/image\\\/\",\"url\":\"https:\\\/\\\/traditionundmarkt.com\\\/wp-content\\\/uploads\\\/2023\\\/02\\\/Logo-Tradtion-und-Markt-1.webp\",\"contentUrl\":\"https:\\\/\\\/traditionundmarkt.com\\\/wp-content\\\/uploads\\\/2023\\\/02\\\/Logo-Tradtion-und-Markt-1.webp\",\"width\":240,\"height\":239,\"caption\":\"Tradition und Markt\"},\"image\":{\"@id\":\"https:\\\/\\\/traditionundmarkt.com\\\/it\\\/#\\\/schema\\\/logo\\\/image\\\/\"},\"sameAs\":[\"https:\\\/\\\/www.facebook.com\\\/Tradition-und-Markt-Franchise-107325457788905\",\"https:\\\/\\\/www.instagram.com\\\/tradition_und_markt\\\/\",\"https:\\\/\\\/www.youtube.com\\\/channel\\\/UCW4qQf3iVy3suXbbHzK5_dw\",\"https:\\\/\\\/www.linkedin.com\\\/company\\\/tradition-und-markt-franchise\\\/\"]}]}<\/script>\n<!-- \/ Yoast SEO plugin. -->","yoast_head_json":{"title":"Jobs Heinsberg &#8226; Tradition und Markt","robots":{"index":"index","follow":"follow","max-snippet":"max-snippet:-1","max-image-preview":"max-image-preview:large","max-video-preview":"max-video-preview:-1"},"canonical":"https:\/\/traditionundmarkt.com\/it\/mercatino-di-natale-e-mercatino-dinverno-di-heinsberg\/jobs-heinsberg\/","og_locale":"it_IT","og_type":"article","og_title":"Jobs Heinsberg &#8226; Tradition und Markt","og_description":"Jobs &#8211; Tradition und Markt Heinsberg Gentile collega, Siamo lieti di annunciare che ci sono posti vacanti per le nostre bancarelle e per la taverna del meraviglioso mercatino di Natale di Heinsberg. Offriamo opportunit\u00e0 di lavoro temporaneo o a tempo pieno in un ambiente di lavoro accattivante. Il periodo di impiego va dal 15 novembre [&hellip;]","og_url":"https:\/\/traditionundmarkt.com\/it\/mercatino-di-natale-e-mercatino-dinverno-di-heinsberg\/jobs-heinsberg\/","og_site_name":"Tradition und Markt","article_publisher":"https:\/\/www.facebook.com\/Tradition-und-Markt-Franchise-107325457788905","article_modified_time":"2023-07-17T09:44:40+00:00","twitter_card":"summary_large_image","schema":{"@context":"https:\/\/schema.org","@graph":[{"@type":"WebPage","@id":"https:\/\/traditionundmarkt.com\/it\/mercatino-di-natale-e-mercatino-dinverno-di-heinsberg\/jobs-heinsberg\/","url":"https:\/\/traditionundmarkt.com\/it\/mercatino-di-natale-e-mercatino-dinverno-di-heinsberg\/jobs-heinsberg\/","name":"Jobs Heinsberg &#8226; Tradition und Markt","isPartOf":{"@id":"https:\/\/traditionundmarkt.com\/it\/#website"},"datePublished":"2023-07-13T13:53:48+00:00","dateModified":"2023-07-17T09:44:40+00:00","breadcrumb":{"@id":"https:\/\/traditionundmarkt.com\/it\/mercatino-di-natale-e-mercatino-dinverno-di-heinsberg\/jobs-heinsberg\/#breadcrumb"},"inLanguage":"it-IT","potentialAction":[{"@type":"ReadAction","target":["https:\/\/traditionundmarkt.com\/it\/mercatino-di-natale-e-mercatino-dinverno-di-heinsberg\/jobs-heinsberg\/"]}]},{"@type":"BreadcrumbList","@id":"https:\/\/traditionundmarkt.com\/it\/mercatino-di-natale-e-mercatino-dinverno-di-heinsberg\/jobs-heinsberg\/#breadcrumb","itemListElement":[{"@type":"ListItem","position":1,"name":"Startseite","item":"https:\/\/traditionundmarkt.com\/it\/home\/"},{"@type":"ListItem","position":2,"name":"Mercatino di Natale Tradition und Markt Heinsberg","item":"https:\/\/traditionundmarkt.com\/it\/mercatino-di-natale-e-mercatino-dinverno-di-heinsberg\/"},{"@type":"ListItem","position":3,"name":"Jobs Heinsberg"}]},{"@type":"WebSite","@id":"https:\/\/traditionundmarkt.com\/it\/#website","url":"https:\/\/traditionundmarkt.com\/it\/","name":"Tradition und Markt","description":"","publisher":{"@id":"https:\/\/traditionundmarkt.com\/it\/#organization"},"potentialAction":[{"@type":"SearchAction","target":{"@type":"EntryPoint","urlTemplate":"https:\/\/traditionundmarkt.com\/it\/?s={search_term_string}"},"query-input":{"@type":"PropertyValueSpecification","valueRequired":true,"valueName":"search_term_string"}}],"inLanguage":"it-IT"},{"@type":"Organization","@id":"https:\/\/traditionundmarkt.com\/it\/#organization","name":"Tradition und Markt","url":"https:\/\/traditionundmarkt.com\/it\/","logo":{"@type":"ImageObject","inLanguage":"it-IT","@id":"https:\/\/traditionundmarkt.com\/it\/#\/schema\/logo\/image\/","url":"https:\/\/traditionundmarkt.com\/wp-content\/uploads\/2023\/02\/Logo-Tradtion-und-Markt-1.webp","contentUrl":"https:\/\/traditionundmarkt.com\/wp-content\/uploads\/2023\/02\/Logo-Tradtion-und-Markt-1.webp","width":240,"height":239,"caption":"Tradition und Markt"},"image":{"@id":"https:\/\/traditionundmarkt.com\/it\/#\/schema\/logo\/image\/"},"sameAs":["https:\/\/www.facebook.com\/Tradition-und-Markt-Franchise-107325457788905","https:\/\/www.instagram.com\/tradition_und_markt\/","https:\/\/www.youtube.com\/channel\/UCW4qQf3iVy3suXbbHzK5_dw","https:\/\/www.linkedin.com\/company\/tradition-und-markt-franchise\/"]}]}},"uagb_featured_image_src":{"full":false,"thumbnail":false,"medium":false,"medium_large":false,"large":false,"1536x1536":false,"2048x2048":false},"uagb_author_info":{"display_name":"ImpactPro","author_link":"https:\/\/traditionundmarkt.com\/it\/author\/d549d4ea637b0b33\/"},"uagb_comment_info":0,"uagb_excerpt":"Jobs &#8211; Tradition und Markt Heinsberg Gentile collega, Siamo lieti di annunciare che ci sono posti vacanti per le nostre bancarelle e per la taverna del meraviglioso mercatino di Natale di Heinsberg. Offriamo opportunit\u00e0 di lavoro temporaneo o a tempo pieno in un ambiente di lavoro accattivante. Il periodo di impiego va dal 15 novembre&hellip;","_links":{"self":[{"href":"https:\/\/traditionundmarkt.com\/it\/wp-json\/wp\/v2\/pages\/2739","targetHints":{"allow":["GET"]}}],"collection":[{"href":"https:\/\/traditionundmarkt.com\/it\/wp-json\/wp\/v2\/pages"}],"about":[{"href":"https:\/\/traditionundmarkt.com\/it\/wp-json\/wp\/v2\/types\/page"}],"author":[{"embeddable":true,"href":"https:\/\/traditionundmarkt.com\/it\/wp-json\/wp\/v2\/users\/1"}],"replies":[{"embeddable":true,"href":"https:\/\/traditionundmarkt.com\/it\/wp-json\/wp\/v2\/comments?post=2739"}],"version-history":[{"count":5,"href":"https:\/\/traditionundmarkt.com\/it\/wp-json\/wp\/v2\/pages\/2739\/revisions"}],"predecessor-version":[{"id":2866,"href":"https:\/\/traditionundmarkt.com\/it\/wp-json\/wp\/v2\/pages\/2739\/revisions\/2866"}],"up":[{"embeddable":true,"href":"https:\/\/traditionundmarkt.com\/it\/wp-json\/wp\/v2\/pages\/2169"}],"wp:attachment":[{"href":"https:\/\/traditionundmarkt.com\/it\/wp-json\/wp\/v2\/media?parent=2739"}],"curies":[{"name":"wp","href":"https:\/\/api.w.org\/{rel}","templated":true}]}}