{"id":1195,"date":"2023-04-27T08:02:14","date_gmt":"2023-04-27T08:02:14","guid":{"rendered":"https:\/\/traditionundmarkt.com\/?page_id=1195"},"modified":"2023-04-27T08:15:34","modified_gmt":"2023-04-27T08:15:34","slug":"polityka-dotyczaca-plikow-cookie","status":"publish","type":"page","link":"https:\/\/traditionundmarkt.com\/pl\/polityka-dotyczaca-plikow-cookie\/","title":{"rendered":"Polityka dotycz\u0105ca plik\u00f3w cookie"},"content":{"rendered":"\n<p>Trafi\u0142e\u015b na t\u0119 stron\u0119, poniewa\u017c najwyra\u017aniej chcesz pozna\u0107 wi\u0119cej szczeg\u00f3\u0142\u00f3w na temat komunikatu o plikach cookies, kt\u00f3ry zauwa\u017cy\u0142e\u015b na naszej stronie internetowej, a zgodnie z dyrektyw\u0105 UE 2009\/136 \/ WE &#8211; art. 5 (3) jeste\u015bmy zobowi\u0105zani do wy\u015bwietlenia go wszystkim odwiedzaj\u0105cym.<\/p>\n\n\n\n<p>Celem polityki cookies jest wyja\u015bnienie, czym s\u0105, do czego s\u0142u\u017c\u0105, ale tak\u017ce dostarczenie wskaz\u00f3wek dotycz\u0105cych czynno\u015bci odmowy lub usuni\u0119cia plik\u00f3w cookies generowanych przez t\u0119 stron\u0119 internetow\u0105, je\u015bli sobie tego \u017cyczysz.<\/p>\n\n\n\n<h3 class=\"wp-block-heading\">Czym s\u0105 pliki cookie?<\/h3>\n\n\n\n<p>Pliki cookies to niewielkie pliki tekstowe, kt\u00f3re s\u0105 zapisywane na komputerze, tablecie lub telefonie kom\u00f3rkowym u\u017cytkownika podczas odwiedzania strony internetowej. Dzi\u0119ki ich wygenerowaniu, strona internetowa b\u0119dzie pami\u0119ta\u0107 Twoje wizyty. i jak z niej korzysta\u0142e\u015b za ka\u017cdym razem, gdy tu wr\u00f3cisz. Plik cookie jest ca\u0142kowicie &#8222;pasywny&#8221;, w tym sensie, \u017ce nie zawiera oprogramowania i nie mo\u017ce w \u017caden spos\u00f3b uzyska\u0107 dost\u0119pu do informacji przechowywanych na dysku twardym u\u017cytkownika.<\/p>\n\n\n\n<p>Pliki cookie na stronie www.traditionundmarkt.com nie zachowuj\u0105 danych osobowych, poniewa\u017c aby wy\u015bwietli\u0107 wszystkie dost\u0119pne informacje (tekst, zdj\u0119cia lub wideo) nie jest wymagane zalogowanie si\u0119 za pomoc\u0105 nazwy u\u017cytkownika \/ has\u0142a i nie jest wymagane podanie nam danych osobowych.<\/p>\n\n\n\n<h3 class=\"wp-block-heading\">Pliki cookie os\u00f3b trzecich<\/h3>\n\n\n\n<p>Strona internetowa www.traditionundmarkt.com wykorzystuje pliki cookies podmiot\u00f3w trzecich (Google Adsense, Google Analytics, Facebook, Google+, Twitter, itp.) w celu personalizacji wy\u015bwietlanych tre\u015bci i reklam, zapewnienia funkcji medi\u00f3w spo\u0142eczno\u015bciowych oraz analizy ruchu generowanego przez stron\u0119 internetow\u0105.<\/p>\n\n\n\n<p>Reklamy, kt\u00f3re znajdziesz na tej stronie, nale\u017c\u0105 do stron trzecich. Niekt\u00f3re z tych stron u\u017cywaj\u0105 w\u0142asnych anonimowych plik\u00f3w cookie, aby przeanalizowa\u0107, ile os\u00f3b obejrza\u0142o dan\u0105 reklam\u0119, lub aby sprawdzi\u0107, ile os\u00f3b obejrza\u0142o t\u0119 sam\u0105 reklam\u0119 wielokrotnie. Firmy, kt\u00f3re generuj\u0105 te pliki cookies maj\u0105 swoje w\u0142asne polityki prywatno\u015bci, a strona www.traditionundmarkt.com nie ma dost\u0119pu do odczytu lub zapisu tych plik\u00f3w cookies.<\/p>\n\n\n\n<p>Na przyk\u0142ad, gdy udost\u0119pniasz artyku\u0142 za pomoc\u0105 przycisk\u00f3w medi\u00f3w spo\u0142eczno\u015bciowych (facebook, google + lub twitter) dost\u0119pnych na tej stronie, te sieci spo\u0142eczno\u015bciowe b\u0119d\u0105 za ka\u017cdym razem rejestrowa\u0107 Twoj\u0105 aktywno\u015b\u0107.<\/p>\n\n\n\n<h3 class=\"wp-block-heading\">Dlaczego pliki cookie s\u0105 wa\u017cne dla Internetu?<\/h3>\n\n\n\n<p>Pliki cookies stanowi\u0105 centralny punkt sprawnego funkcjonowania Internetu, pomagaj\u0105c zapewni\u0107 przyjazne warunki przegl\u0105dania stron, dostosowane do preferencji i zainteresowa\u0144 ka\u017cdego u\u017cytkownika. Odrzucenie lub wy\u0142\u0105czenie plik\u00f3w cookies mo\u017ce uniemo\u017cliwi\u0107 korzystanie z niekt\u00f3rych stron internetowych. Odrzucenie lub wy\u0142\u0105czenie plik\u00f3w cookies nie oznacza, \u017ce przestaniesz otrzymywa\u0107 reklamy internetowe. Spowoduje to, \u017ce wy\u015bwietlana Tobie reklama nie b\u0119dzie ju\u017c uwzgl\u0119dnia\u0107 Twoich preferencji i zainteresowa\u0144, kt\u00f3re s\u0105 podkre\u015blane przez Twoje zachowanie podczas przegl\u0105dania stron internetowych.<\/p>\n\n\n\n<h3 class=\"wp-block-heading\">Przyk\u0142ady zastosowa\u0144 plik\u00f3w cookies:<\/h3>\n\n\n\n<ul class=\"wp-block-list\">\n<li>us\u0142ugi dostosowane do preferencji u\u017cytkownika: wiadomo\u015bci, pogoda, sport, mapy, us\u0142ugi publiczne, us\u0142ugi rz\u0105dowe, us\u0142ugi turystyczne.<\/li>\n\n\n\n<li>preferencje j\u0119zykowe, np. wy\u015bwietlanie wynik\u00f3w wyszukiwania w j\u0119zyku rumu\u0144skim.<\/li>\n\n\n\n<li>zachowanie filtr\u00f3w ochrony dzieci na tre\u015bciach internetowych (opcje takie jak &#8222;tryb rodzinny&#8221; lub funkcje &#8222;bezpiecznego wyszukiwania&#8221;).<\/li>\n\n\n\n<li>ograniczenie liczby wy\u015bwietle\u0144 reklamy dla konkretnego u\u017cytkownika na stronie internetowej.<\/li>\n\n\n\n<li>dostarczanie reklam, kt\u00f3re s\u0105 bardziej odpowiednie dla konkretnego u\u017cytkownika.<\/li>\n\n\n\n<li>funkcje pomiaru, optymalizacji i analityki &#8211; takie jak potwierdzenie okre\u015blonego poziomu ruchu na stronie internetowej, jaki rodzaj tre\u015bci jest ogl\u0105dany i w jaki spos\u00f3b u\u017cytkownik trafia na stron\u0119 internetow\u0105 (poprzez wyszukiwarki, bezpo\u015brednio z link\u00f3w z innych stron internetowych itp.)<\/li>\n<\/ul>\n\n\n\n<p>W celu zapewnienia wi\u0119kszej przejrzysto\u015bci, poni\u017cej wybrali\u015bmy kilka adres\u00f3w internetowych, aby\u015b m\u00f3g\u0142 dowiedzie\u0107 si\u0119 wi\u0119cej o zarz\u0105dzaniu plikami cookies przez podmioty trzecie:<\/p>\n\n\n\n<p><a href=\"http:\/\/facebook.com\/help\/cookies\/\">Facebook<\/a><br><a href=\"https:\/\/support.twitter.com\/articles\/20170514\">Twitter<\/a><br><a href=\"https:\/\/policies.google.com\/technologies\/cookies\">Google<\/a><br><a href=\"https:\/\/policies.google.com\/technologies\/partner-sites\">Partnerzy Google<\/a><\/p>\n\n\n\n<h3 class=\"wp-block-heading\">Kwestie bezpiecze\u0144stwa i prywatno\u015bci<\/h3>\n\n\n\n<p>Cookies NIE s\u0105 wirusami, oprogramowaniem szpiegowskim ani z\u0142o\u015bliwym! Wykorzystuj\u0105 zwyk\u0142e formaty tekstowe. Nie sk\u0142adaj\u0105 si\u0119 z kawa\u0142k\u00f3w kodu j\u0119zyka programowania, wi\u0119c nie mog\u0105 by\u0107 wykonywane lub samowykonywane, nie mog\u0105 by\u0107 powielane lub odtwarzane w innych sieciach w celu ponownego uruchomienia lub odtworzenia. Poniewa\u017c nie mog\u0105 wykonywa\u0107 tych funkcji, pliki cookie nie mog\u0105 zainfekowa\u0107 Twojego systemu \/ urz\u0105dzenia.<\/p>\n\n\n\n<h3 class=\"wp-block-heading\">Jak mog\u0119 zatrzyma\u0107 pliki cookies?<\/h3>\n\n\n\n<p>Uwaga!!! Wy\u0142\u0105czenie i odmowa przyjmowania plik\u00f3w cookie mo\u017ce uniemo\u017cliwi\u0107 lub utrudni\u0107 odwiedzanie i korzystanie z niekt\u00f3rych stron! Ponadto odmowa przyjmowania plik\u00f3w cookie nie oznacza, \u017ce nie b\u0119dziesz ju\u017c otrzymywa\u0107 lub ogl\u0105da\u0107 reklam online.<\/p>\n\n\n\n<p>Wszystkie nowoczesne przegl\u0105darki oferuj\u0105 mo\u017cliwo\u015b\u0107 zmiany ustawie\u0144 dotycz\u0105cych plik\u00f3w cookie. Ustawienia te znajduj\u0105 si\u0119 zazwyczaj w sekcji &#8222;opcje&#8221; lub w menu &#8222;preferencje&#8221; u\u017cywanych przegl\u0105darek. Aby dowiedzie\u0107 si\u0119 wi\u0119cej szczeg\u00f3\u0142\u00f3w, nale\u017cy skorzysta\u0107 z opcji Pomoc ka\u017cdej przegl\u0105darki.<\/p>\n\n\n\n<p>Ustawienia plik\u00f3w cookies w przegl\u0105darce Internet Explorer: Narz\u0119dzia-&gt;Opcje internetowe-&gt;Prywatno\u015b\u0107.<br>Ustawienia plik\u00f3w cookies w przegl\u0105darce Firefox: Narz\u0119dzia-&gt;Opcje-&gt;Prywatno\u015b\u0107-&gt;Ksi\u0105\u017cki.<br>Ustawienia plik\u00f3w cookie w Chrome: Narz\u0119dzia-&gt;Zaawansowane-&gt;Ustawienia tre\u015bci-&gt;Cookies<br>Ustawienia plik\u00f3w cookie w przegl\u0105darce Opera: Ustawienia-&gt;Preferencje-&gt;Zaawansowane-&gt;Cookies<\/p>\n","protected":false},"excerpt":{"rendered":"<p>Trafi\u0142e\u015b na t\u0119 stron\u0119, poniewa\u017c najwyra\u017aniej chcesz pozna\u0107 wi\u0119cej szczeg\u00f3\u0142\u00f3w na temat komunikatu o plikach cookies, kt\u00f3ry zauwa\u017cy\u0142e\u015b na naszej stronie internetowej, a zgodnie z dyrektyw\u0105 UE 2009\/136 \/ WE &#8211; art. 5 (3) jeste\u015bmy zobowi\u0105zani do wy\u015bwietlenia go wszystkim odwiedzaj\u0105cym. Celem polityki cookies jest wyja\u015bnienie, czym s\u0105, do czego s\u0142u\u017c\u0105, ale tak\u017ce dostarczenie wskaz\u00f3wek [&hellip;]<\/p>\n","protected":false},"author":1,"featured_media":0,"parent":0,"menu_order":99,"comment_status":"closed","ping_status":"closed","template":"","meta":{"_uag_custom_page_level_css":"","site-sidebar-layout":"default","site-content-layout":"","ast-site-content-layout":"default","site-content-style":"default","site-sidebar-style":"default","ast-global-header-display":"","ast-banner-title-visibility":"","ast-main-header-display":"","ast-hfb-above-header-display":"","ast-hfb-below-header-display":"","ast-hfb-mobile-header-display":"","site-post-title":"","ast-breadcrumbs-content":"","ast-featured-img":"","footer-sml-layout":"","ast-disable-related-posts":"","theme-transparent-header-meta":"","adv-header-id-meta":"","stick-header-meta":"","header-above-stick-meta":"","header-main-stick-meta":"","header-below-stick-meta":"","astra-migrate-meta-layouts":"default","ast-page-background-enabled":"default","ast-page-background-meta":{"desktop":{"background-color":"var(--ast-global-color-4)","background-image":"","background-repeat":"repeat","background-position":"center center","background-size":"auto","background-attachment":"scroll","background-type":"","background-media":"","overlay-type":"","overlay-color":"","overlay-opacity":"","overlay-gradient":""},"tablet":{"background-color":"","background-image":"","background-repeat":"repeat","background-position":"center center","background-size":"auto","background-attachment":"scroll","background-type":"","background-media":"","overlay-type":"","overlay-color":"","overlay-opacity":"","overlay-gradient":""},"mobile":{"background-color":"","background-image":"","background-repeat":"repeat","background-position":"center center","background-size":"auto","background-attachment":"scroll","background-type":"","background-media":"","overlay-type":"","overlay-color":"","overlay-opacity":"","overlay-gradient":""}},"ast-content-background-meta":{"desktop":{"background-color":"var(--ast-global-color-5)","background-image":"","background-repeat":"repeat","background-position":"center center","background-size":"auto","background-attachment":"scroll","background-type":"","background-media":"","overlay-type":"","overlay-color":"","overlay-opacity":"","overlay-gradient":""},"tablet":{"background-color":"var(--ast-global-color-5)","background-image":"","background-repeat":"repeat","background-position":"center center","background-size":"auto","background-attachment":"scroll","background-type":"","background-media":"","overlay-type":"","overlay-color":"","overlay-opacity":"","overlay-gradient":""},"mobile":{"background-color":"var(--ast-global-color-5)","background-image":"","background-repeat":"repeat","background-position":"center center","background-size":"auto","background-attachment":"scroll","background-type":"","background-media":"","overlay-type":"","overlay-color":"","overlay-opacity":"","overlay-gradient":""}},"footnotes":""},"class_list":["post-1195","page","type-page","status-publish","hentry"],"yoast_head":"<!-- This site is optimized with the Yoast SEO plugin v27.4 - https:\/\/yoast.com\/product\/yoast-seo-wordpress\/ -->\n<title>Polityka dotycz\u0105ca plik\u00f3w cookie &#8226; Tradition und Markt<\/title>\n<meta name=\"robots\" content=\"index, follow, max-snippet:-1, max-image-preview:large, max-video-preview:-1\" \/>\n<link rel=\"canonical\" href=\"https:\/\/traditionundmarkt.com\/pl\/polityka-dotyczaca-plikow-cookie\/\" \/>\n<meta property=\"og:locale\" content=\"pl_PL\" \/>\n<meta property=\"og:type\" content=\"article\" \/>\n<meta property=\"og:title\" content=\"Polityka dotycz\u0105ca plik\u00f3w cookie &#8226; Tradition und Markt\" \/>\n<meta property=\"og:description\" content=\"Trafi\u0142e\u015b na t\u0119 stron\u0119, poniewa\u017c najwyra\u017aniej chcesz pozna\u0107 wi\u0119cej szczeg\u00f3\u0142\u00f3w na temat komunikatu o plikach cookies, kt\u00f3ry zauwa\u017cy\u0142e\u015b na naszej stronie internetowej, a zgodnie z dyrektyw\u0105 UE 2009\/136 \/ WE &#8211; art. 5 (3) jeste\u015bmy zobowi\u0105zani do wy\u015bwietlenia go wszystkim odwiedzaj\u0105cym. Celem polityki cookies jest wyja\u015bnienie, czym s\u0105, do czego s\u0142u\u017c\u0105, ale tak\u017ce dostarczenie wskaz\u00f3wek [&hellip;]\" \/>\n<meta property=\"og:url\" content=\"https:\/\/traditionundmarkt.com\/pl\/polityka-dotyczaca-plikow-cookie\/\" \/>\n<meta property=\"og:site_name\" content=\"Tradition und Markt\" \/>\n<meta property=\"article:publisher\" content=\"https:\/\/www.facebook.com\/Tradition-und-Markt-Franchise-107325457788905\" \/>\n<meta property=\"article:modified_time\" content=\"2023-04-27T08:15:34+00:00\" \/>\n<meta name=\"twitter:card\" content=\"summary_large_image\" \/>\n<script type=\"application\/ld+json\" class=\"yoast-schema-graph\">{\"@context\":\"https:\\\/\\\/schema.org\",\"@graph\":[{\"@type\":\"WebPage\",\"@id\":\"https:\\\/\\\/traditionundmarkt.com\\\/pl\\\/polityka-dotyczaca-plikow-cookie\\\/\",\"url\":\"https:\\\/\\\/traditionundmarkt.com\\\/pl\\\/polityka-dotyczaca-plikow-cookie\\\/\",\"name\":\"Polityka dotycz\u0105ca plik\u00f3w cookie &#8226; Tradition und Markt\",\"isPartOf\":{\"@id\":\"https:\\\/\\\/traditionundmarkt.com\\\/pl\\\/#website\"},\"datePublished\":\"2023-04-27T08:02:14+00:00\",\"dateModified\":\"2023-04-27T08:15:34+00:00\",\"breadcrumb\":{\"@id\":\"https:\\\/\\\/traditionundmarkt.com\\\/pl\\\/polityka-dotyczaca-plikow-cookie\\\/#breadcrumb\"},\"inLanguage\":\"pl-PL\",\"potentialAction\":[{\"@type\":\"ReadAction\",\"target\":[\"https:\\\/\\\/traditionundmarkt.com\\\/pl\\\/polityka-dotyczaca-plikow-cookie\\\/\"]}]},{\"@type\":\"BreadcrumbList\",\"@id\":\"https:\\\/\\\/traditionundmarkt.com\\\/pl\\\/polityka-dotyczaca-plikow-cookie\\\/#breadcrumb\",\"itemListElement\":[{\"@type\":\"ListItem\",\"position\":1,\"name\":\"Startseite\",\"item\":\"https:\\\/\\\/traditionundmarkt.com\\\/pl\\\/home\\\/\"},{\"@type\":\"ListItem\",\"position\":2,\"name\":\"Polityka dotycz\u0105ca plik\u00f3w cookie\"}]},{\"@type\":\"WebSite\",\"@id\":\"https:\\\/\\\/traditionundmarkt.com\\\/pl\\\/#website\",\"url\":\"https:\\\/\\\/traditionundmarkt.com\\\/pl\\\/\",\"name\":\"Tradition und Markt\",\"description\":\"\",\"publisher\":{\"@id\":\"https:\\\/\\\/traditionundmarkt.com\\\/pl\\\/#organization\"},\"potentialAction\":[{\"@type\":\"SearchAction\",\"target\":{\"@type\":\"EntryPoint\",\"urlTemplate\":\"https:\\\/\\\/traditionundmarkt.com\\\/pl\\\/?s={search_term_string}\"},\"query-input\":{\"@type\":\"PropertyValueSpecification\",\"valueRequired\":true,\"valueName\":\"search_term_string\"}}],\"inLanguage\":\"pl-PL\"},{\"@type\":\"Organization\",\"@id\":\"https:\\\/\\\/traditionundmarkt.com\\\/pl\\\/#organization\",\"name\":\"Tradition und Markt\",\"url\":\"https:\\\/\\\/traditionundmarkt.com\\\/pl\\\/\",\"logo\":{\"@type\":\"ImageObject\",\"inLanguage\":\"pl-PL\",\"@id\":\"https:\\\/\\\/traditionundmarkt.com\\\/pl\\\/#\\\/schema\\\/logo\\\/image\\\/\",\"url\":\"https:\\\/\\\/traditionundmarkt.com\\\/wp-content\\\/uploads\\\/2023\\\/02\\\/Logo-Tradtion-und-Markt-1.webp\",\"contentUrl\":\"https:\\\/\\\/traditionundmarkt.com\\\/wp-content\\\/uploads\\\/2023\\\/02\\\/Logo-Tradtion-und-Markt-1.webp\",\"width\":240,\"height\":239,\"caption\":\"Tradition und Markt\"},\"image\":{\"@id\":\"https:\\\/\\\/traditionundmarkt.com\\\/pl\\\/#\\\/schema\\\/logo\\\/image\\\/\"},\"sameAs\":[\"https:\\\/\\\/www.facebook.com\\\/Tradition-und-Markt-Franchise-107325457788905\",\"https:\\\/\\\/www.instagram.com\\\/tradition_und_markt\\\/\",\"https:\\\/\\\/www.youtube.com\\\/channel\\\/UCW4qQf3iVy3suXbbHzK5_dw\",\"https:\\\/\\\/www.linkedin.com\\\/company\\\/tradition-und-markt-franchise\\\/\"]}]}<\/script>\n<!-- \/ Yoast SEO plugin. -->","yoast_head_json":{"title":"Polityka dotycz\u0105ca plik\u00f3w cookie &#8226; Tradition und Markt","robots":{"index":"index","follow":"follow","max-snippet":"max-snippet:-1","max-image-preview":"max-image-preview:large","max-video-preview":"max-video-preview:-1"},"canonical":"https:\/\/traditionundmarkt.com\/pl\/polityka-dotyczaca-plikow-cookie\/","og_locale":"pl_PL","og_type":"article","og_title":"Polityka dotycz\u0105ca plik\u00f3w cookie &#8226; Tradition und Markt","og_description":"Trafi\u0142e\u015b na t\u0119 stron\u0119, poniewa\u017c najwyra\u017aniej chcesz pozna\u0107 wi\u0119cej szczeg\u00f3\u0142\u00f3w na temat komunikatu o plikach cookies, kt\u00f3ry zauwa\u017cy\u0142e\u015b na naszej stronie internetowej, a zgodnie z dyrektyw\u0105 UE 2009\/136 \/ WE &#8211; art. 5 (3) jeste\u015bmy zobowi\u0105zani do wy\u015bwietlenia go wszystkim odwiedzaj\u0105cym. Celem polityki cookies jest wyja\u015bnienie, czym s\u0105, do czego s\u0142u\u017c\u0105, ale tak\u017ce dostarczenie wskaz\u00f3wek [&hellip;]","og_url":"https:\/\/traditionundmarkt.com\/pl\/polityka-dotyczaca-plikow-cookie\/","og_site_name":"Tradition und Markt","article_publisher":"https:\/\/www.facebook.com\/Tradition-und-Markt-Franchise-107325457788905","article_modified_time":"2023-04-27T08:15:34+00:00","twitter_card":"summary_large_image","schema":{"@context":"https:\/\/schema.org","@graph":[{"@type":"WebPage","@id":"https:\/\/traditionundmarkt.com\/pl\/polityka-dotyczaca-plikow-cookie\/","url":"https:\/\/traditionundmarkt.com\/pl\/polityka-dotyczaca-plikow-cookie\/","name":"Polityka dotycz\u0105ca plik\u00f3w cookie &#8226; Tradition und Markt","isPartOf":{"@id":"https:\/\/traditionundmarkt.com\/pl\/#website"},"datePublished":"2023-04-27T08:02:14+00:00","dateModified":"2023-04-27T08:15:34+00:00","breadcrumb":{"@id":"https:\/\/traditionundmarkt.com\/pl\/polityka-dotyczaca-plikow-cookie\/#breadcrumb"},"inLanguage":"pl-PL","potentialAction":[{"@type":"ReadAction","target":["https:\/\/traditionundmarkt.com\/pl\/polityka-dotyczaca-plikow-cookie\/"]}]},{"@type":"BreadcrumbList","@id":"https:\/\/traditionundmarkt.com\/pl\/polityka-dotyczaca-plikow-cookie\/#breadcrumb","itemListElement":[{"@type":"ListItem","position":1,"name":"Startseite","item":"https:\/\/traditionundmarkt.com\/pl\/home\/"},{"@type":"ListItem","position":2,"name":"Polityka dotycz\u0105ca plik\u00f3w cookie"}]},{"@type":"WebSite","@id":"https:\/\/traditionundmarkt.com\/pl\/#website","url":"https:\/\/traditionundmarkt.com\/pl\/","name":"Tradition und Markt","description":"","publisher":{"@id":"https:\/\/traditionundmarkt.com\/pl\/#organization"},"potentialAction":[{"@type":"SearchAction","target":{"@type":"EntryPoint","urlTemplate":"https:\/\/traditionundmarkt.com\/pl\/?s={search_term_string}"},"query-input":{"@type":"PropertyValueSpecification","valueRequired":true,"valueName":"search_term_string"}}],"inLanguage":"pl-PL"},{"@type":"Organization","@id":"https:\/\/traditionundmarkt.com\/pl\/#organization","name":"Tradition und Markt","url":"https:\/\/traditionundmarkt.com\/pl\/","logo":{"@type":"ImageObject","inLanguage":"pl-PL","@id":"https:\/\/traditionundmarkt.com\/pl\/#\/schema\/logo\/image\/","url":"https:\/\/traditionundmarkt.com\/wp-content\/uploads\/2023\/02\/Logo-Tradtion-und-Markt-1.webp","contentUrl":"https:\/\/traditionundmarkt.com\/wp-content\/uploads\/2023\/02\/Logo-Tradtion-und-Markt-1.webp","width":240,"height":239,"caption":"Tradition und Markt"},"image":{"@id":"https:\/\/traditionundmarkt.com\/pl\/#\/schema\/logo\/image\/"},"sameAs":["https:\/\/www.facebook.com\/Tradition-und-Markt-Franchise-107325457788905","https:\/\/www.instagram.com\/tradition_und_markt\/","https:\/\/www.youtube.com\/channel\/UCW4qQf3iVy3suXbbHzK5_dw","https:\/\/www.linkedin.com\/company\/tradition-und-markt-franchise\/"]}]}},"uagb_featured_image_src":{"full":false,"thumbnail":false,"medium":false,"medium_large":false,"large":false,"1536x1536":false,"2048x2048":false},"uagb_author_info":{"display_name":"ImpactPro","author_link":"https:\/\/traditionundmarkt.com\/pl\/author\/d549d4ea637b0b33\/"},"uagb_comment_info":0,"uagb_excerpt":"Trafi\u0142e\u015b na t\u0119 stron\u0119, poniewa\u017c najwyra\u017aniej chcesz pozna\u0107 wi\u0119cej szczeg\u00f3\u0142\u00f3w na temat komunikatu o plikach cookies, kt\u00f3ry zauwa\u017cy\u0142e\u015b na naszej stronie internetowej, a zgodnie z dyrektyw\u0105 UE 2009\/136 \/ WE &#8211; art. 5 (3) jeste\u015bmy zobowi\u0105zani do wy\u015bwietlenia go wszystkim odwiedzaj\u0105cym. Celem polityki cookies jest wyja\u015bnienie, czym s\u0105, do czego s\u0142u\u017c\u0105, ale tak\u017ce dostarczenie wskaz\u00f3wek&hellip;","_links":{"self":[{"href":"https:\/\/traditionundmarkt.com\/pl\/wp-json\/wp\/v2\/pages\/1195","targetHints":{"allow":["GET"]}}],"collection":[{"href":"https:\/\/traditionundmarkt.com\/pl\/wp-json\/wp\/v2\/pages"}],"about":[{"href":"https:\/\/traditionundmarkt.com\/pl\/wp-json\/wp\/v2\/types\/page"}],"author":[{"embeddable":true,"href":"https:\/\/traditionundmarkt.com\/pl\/wp-json\/wp\/v2\/users\/1"}],"replies":[{"embeddable":true,"href":"https:\/\/traditionundmarkt.com\/pl\/wp-json\/wp\/v2\/comments?post=1195"}],"version-history":[{"count":1,"href":"https:\/\/traditionundmarkt.com\/pl\/wp-json\/wp\/v2\/pages\/1195\/revisions"}],"predecessor-version":[{"id":1196,"href":"https:\/\/traditionundmarkt.com\/pl\/wp-json\/wp\/v2\/pages\/1195\/revisions\/1196"}],"wp:attachment":[{"href":"https:\/\/traditionundmarkt.com\/pl\/wp-json\/wp\/v2\/media?parent=1195"}],"curies":[{"name":"wp","href":"https:\/\/api.w.org\/{rel}","templated":true}]}}