{"id":5446,"date":"2025-09-04T11:45:28","date_gmt":"2025-09-04T09:45:28","guid":{"rendered":"https:\/\/traditionundmarkt.com\/jobs-eschweiler\/"},"modified":"2025-09-06T11:50:17","modified_gmt":"2025-09-06T09:50:17","slug":"jobs-eschweiler","status":"publish","type":"page","link":"https:\/\/traditionundmarkt.com\/pl\/jarmark-bozonarodzeniowy-advent-village-eschweiler\/jobs-eschweiler\/","title":{"rendered":"Jobs Eschweiler"},"content":{"rendered":"\n<div class=\"wp-block-uagb-advanced-heading uagb-block-9e1dc364\"><h2 class=\"uagb-heading-text\">Jobs &#8211; Weihnachtsmarkt Adventsdorf Eschweiler<\/h2><\/div>\n\n<div class=\"wp-block-uagb-separator uagb-block-00e9e35b\"><div class=\"wp-block-uagb-separator__inner\" style=\"--my-background-image:\"><\/div><\/div>\n\n<div class=\"wp-block-uagb-container uagb-block-a3b6540f alignfull uagb-is-root-container\"><div class=\"uagb-container-inner-blocks-wrap\">\n<div class=\"wp-block-uagb-container uagb-block-7f4d1305\">\n<p>Drodzy koledzy,<\/p>\n\n\n\n<p>Z przyjemno\u015bci\u0105 informujemy, \u017ce mamy wolne miejsca na naszych stoiskach z przek\u0105skami i w tawernie na wspania\u0142ym jarmarku bo\u017conarodzeniowym w Eschweiler. Oferujemy mo\u017cliwo\u015b\u0107 pracy tymczasowej lub pe\u0142nego etatu w atrakcyjnym \u015brodowisku pracy. Okres zatrudnienia trwa od 10 listopada do 23 grudnia tego roku, co daje Ci wyj\u0105tkowe do\u015bwiadczenie pracy w okresie \u015bwi\u0105t Bo\u017cego Narodzenia.<\/p>\n\n\n\n<p>Zwa\u017cywszy na to, \u017ce znajdujemy si\u0119 na jednym z najpi\u0119kniejszych jarmark\u00f3w bo\u017conarodzeniowych w Niemczech, macie okazj\u0119 pracowa\u0107 w malowniczej i urokliwej atmosferze. Jarmark bo\u017conarodzeniowy Tradition und Markt Eschweiler znany jest z magicznej atmosfery i r\u00f3\u017cnorodno\u015bci tradycyjnych potraw i napoj\u00f3w.<\/p>\n<\/div>\n\n\n\n<div class=\"wp-block-uagb-container uagb-block-6b205d77\">\n<div class=\"wp-block-uagb-image aligncenter uagb-block-42d731cb wp-block-uagb-image--layout-default wp-block-uagb-image--effect-zoomin wp-block-uagb-image--align-center\"><figure class=\"wp-block-uagb-image__figure\"><img loading=\"lazy\" decoding=\"async\" srcset=\"https:\/\/traditionundmarkt.com\/wp-content\/uploads\/2023\/02\/Tradition-und-markt-21-1024x768.webp\n \" sizes=\"auto, (max-width: 480px) 150px\" src=\"https:\/\/traditionundmarkt.com\/wp-content\/uploads\/2023\/02\/Tradition-und-markt-21-1024x768.webp\" alt=\"\" class=\"uag-image-445\" width=\"1024\" height=\"768\" title=\"\" loading=\"lazy\" role=\"img\"><\/figure><\/div>\n<\/div>\n<\/div><\/div>\n\n<div class=\"wp-block-uagb-container uagb-block-d960906f alignfull uagb-is-root-container\"><div class=\"uagb-container-inner-blocks-wrap\">\n<div class=\"wp-block-uagb-container uagb-block-86f62ba5\">\n<div class=\"wp-block-uagb-image uagb-block-66f82e21 wp-block-uagb-image--layout-default wp-block-uagb-image--effect-zoomin wp-block-uagb-image--align-none\"><figure class=\"wp-block-uagb-image__figure\"><img loading=\"lazy\" decoding=\"async\" srcset=\"https:\/\/traditionundmarkt.com\/wp-content\/uploads\/2023\/02\/Tradition-und-markt-20-1024x768.webp ,https:\/\/traditionundmarkt.com\/wp-content\/uploads\/2023\/02\/Tradition-und-markt-20-1024x768.webp 780w\" sizes=\"auto, (max-width: 480px) 150px\" src=\"https:\/\/traditionundmarkt.com\/wp-content\/uploads\/2023\/02\/Tradition-und-markt-20-1024x768.webp\" alt=\"\" class=\"uag-image-427\" width=\"1024\" height=\"768\" title=\"\" loading=\"lazy\" role=\"img\"><\/figure><\/div>\n<\/div>\n\n\n\n<div class=\"wp-block-uagb-container uagb-block-bbe54f44\">\n<p>Je\u015bli jeste\u015b zainteresowany i chcia\u0142by\u015b sta\u0107 si\u0119 cz\u0119\u015bci\u0105 naszego entuzjastycznego zespo\u0142u, zg\u0142o\u015b swoj\u0105 kandydatur\u0119 e-mailem na adres <a href=\"mailto:adventsdorf.eschweiler@traditionundmarkt.com\" target=\"_blank\" rel=\"noreferrer noopener\">adventsdorf.eschweiler@traditionundmarkt.com<\/a> lub skontaktuj si\u0119 z nami telefonicznie pod adresem <a href=\"tel:00491777163377\" target=\"_blank\" rel=\"noreferrer noopener\">00491777163377.<\/a> Czekamy z niecierpliwo\u015bci\u0105 na Wasze zg\u0142oszenia i dalsze szczeg\u00f3\u0142y.<\/p>\n\n\n\n<p>Przy\u0142\u0105czaj\u0105c si\u0119 do naszego zespo\u0142u, b\u0119dziecie mie\u0107 okazj\u0119 nawi\u0105zywa\u0107 kontakty z nowymi lud\u017ami, uczy\u0107 si\u0119 o lokalnej kulturze i tradycjach oraz tworzy\u0107 niezapomniane wspomnienia podczas sezonu \u015bwi\u0105tecznego.<\/p>\n\n\n\n<p>Nie przegapcie okazji, aby by\u0107 cz\u0119\u015bci\u0105 wyj\u0105tkowego do\u015bwiadczenia bo\u017conarodzeniowego w pi\u0119knym miejscu. Z niecierpliwo\u015bci\u0105 czekamy na Wasze przy\u0142\u0105czenie si\u0119 do naszego zespo\u0142u!<\/p>\n\n\n\n<p class=\"has-text-align-left\">Z najlepszymi \u017cyczeniami,<\/p>\n\n\n\n<p class=\"has-text-align-left\">Zesp\u00f3\u0142 Tradition und Markt Eschweiler<\/p>\n<\/div>\n<\/div><\/div>\n\n<p><\/p>\n","protected":false},"excerpt":{"rendered":"<p>Jobs &#8211; Weihnachtsmarkt Adventsdorf Eschweiler Drodzy koledzy, Z przyjemno\u015bci\u0105 informujemy, \u017ce mamy wolne miejsca na naszych stoiskach z przek\u0105skami i w tawernie na wspania\u0142ym jarmarku bo\u017conarodzeniowym w Eschweiler. Oferujemy mo\u017cliwo\u015b\u0107 pracy tymczasowej lub pe\u0142nego etatu w atrakcyjnym \u015brodowisku pracy. Okres zatrudnienia trwa od 10 listopada do 23 grudnia tego roku, co daje Ci wyj\u0105tkowe do\u015bwiadczenie [&hellip;]<\/p>\n","protected":false},"author":1,"featured_media":0,"parent":5539,"menu_order":0,"comment_status":"closed","ping_status":"closed","template":"","meta":{"_uag_custom_page_level_css":"","site-sidebar-layout":"default","site-content-layout":"","ast-site-content-layout":"default","site-content-style":"default","site-sidebar-style":"default","ast-global-header-display":"","ast-banner-title-visibility":"","ast-main-header-display":"","ast-hfb-above-header-display":"","ast-hfb-below-header-display":"","ast-hfb-mobile-header-display":"","site-post-title":"disabled","ast-breadcrumbs-content":"","ast-featured-img":"","footer-sml-layout":"","ast-disable-related-posts":"","theme-transparent-header-meta":"","adv-header-id-meta":"","stick-header-meta":"","header-above-stick-meta":"","header-main-stick-meta":"","header-below-stick-meta":"","astra-migrate-meta-layouts":"default","ast-page-background-enabled":"default","ast-page-background-meta":{"desktop":{"background-color":"var(--ast-global-color-4)","background-image":"","background-repeat":"repeat","background-position":"center center","background-size":"auto","background-attachment":"scroll","background-type":"","background-media":"","overlay-type":"","overlay-color":"","overlay-opacity":"","overlay-gradient":""},"tablet":{"background-color":"","background-image":"","background-repeat":"repeat","background-position":"center center","background-size":"auto","background-attachment":"scroll","background-type":"","background-media":"","overlay-type":"","overlay-color":"","overlay-opacity":"","overlay-gradient":""},"mobile":{"background-color":"","background-image":"","background-repeat":"repeat","background-position":"center center","background-size":"auto","background-attachment":"scroll","background-type":"","background-media":"","overlay-type":"","overlay-color":"","overlay-opacity":"","overlay-gradient":""}},"ast-content-background-meta":{"desktop":{"background-color":"var(--ast-global-color-5)","background-image":"","background-repeat":"repeat","background-position":"center center","background-size":"auto","background-attachment":"scroll","background-type":"","background-media":"","overlay-type":"","overlay-color":"","overlay-opacity":"","overlay-gradient":""},"tablet":{"background-color":"var(--ast-global-color-5)","background-image":"","background-repeat":"repeat","background-position":"center center","background-size":"auto","background-attachment":"scroll","background-type":"","background-media":"","overlay-type":"","overlay-color":"","overlay-opacity":"","overlay-gradient":""},"mobile":{"background-color":"var(--ast-global-color-5)","background-image":"","background-repeat":"repeat","background-position":"center center","background-size":"auto","background-attachment":"scroll","background-type":"","background-media":"","overlay-type":"","overlay-color":"","overlay-opacity":"","overlay-gradient":""}},"footnotes":""},"class_list":["post-5446","page","type-page","status-publish","hentry"],"yoast_head":"<!-- This site is optimized with the Yoast SEO plugin v27.4 - https:\/\/yoast.com\/product\/yoast-seo-wordpress\/ -->\n<title>Jobs Eschweiler &#8226; Tradition und Markt<\/title>\n<meta name=\"robots\" content=\"index, follow, max-snippet:-1, max-image-preview:large, max-video-preview:-1\" \/>\n<link rel=\"canonical\" href=\"https:\/\/traditionundmarkt.com\/pl\/jarmark-bozonarodzeniowy-advent-village-eschweiler\/jobs-eschweiler\/\" \/>\n<meta property=\"og:locale\" content=\"pl_PL\" \/>\n<meta property=\"og:type\" content=\"article\" \/>\n<meta property=\"og:title\" content=\"Jobs Eschweiler &#8226; Tradition und Markt\" \/>\n<meta property=\"og:description\" content=\"Jobs &#8211; Weihnachtsmarkt Adventsdorf Eschweiler Drodzy koledzy, Z przyjemno\u015bci\u0105 informujemy, \u017ce mamy wolne miejsca na naszych stoiskach z przek\u0105skami i w tawernie na wspania\u0142ym jarmarku bo\u017conarodzeniowym w Eschweiler. Oferujemy mo\u017cliwo\u015b\u0107 pracy tymczasowej lub pe\u0142nego etatu w atrakcyjnym \u015brodowisku pracy. Okres zatrudnienia trwa od 10 listopada do 23 grudnia tego roku, co daje Ci wyj\u0105tkowe do\u015bwiadczenie [&hellip;]\" \/>\n<meta property=\"og:url\" content=\"https:\/\/traditionundmarkt.com\/pl\/jarmark-bozonarodzeniowy-advent-village-eschweiler\/jobs-eschweiler\/\" \/>\n<meta property=\"og:site_name\" content=\"Tradition und Markt\" \/>\n<meta property=\"article:publisher\" content=\"https:\/\/www.facebook.com\/Tradition-und-Markt-Franchise-107325457788905\" \/>\n<meta property=\"article:modified_time\" content=\"2025-09-06T09:50:17+00:00\" \/>\n<meta property=\"og:image\" content=\"https:\/\/traditionundmarkt.com\/wp-content\/uploads\/2023\/02\/Tradition-und-markt-21-1024x768.webp\" \/>\n<meta name=\"twitter:card\" content=\"summary_large_image\" \/>\n<script type=\"application\/ld+json\" class=\"yoast-schema-graph\">{\"@context\":\"https:\\\/\\\/schema.org\",\"@graph\":[{\"@type\":\"WebPage\",\"@id\":\"https:\\\/\\\/traditionundmarkt.com\\\/pl\\\/jarmark-bozonarodzeniowy-advent-village-eschweiler\\\/jobs-eschweiler\\\/\",\"url\":\"https:\\\/\\\/traditionundmarkt.com\\\/pl\\\/jarmark-bozonarodzeniowy-advent-village-eschweiler\\\/jobs-eschweiler\\\/\",\"name\":\"Jobs Eschweiler &#8226; Tradition und Markt\",\"isPartOf\":{\"@id\":\"https:\\\/\\\/traditionundmarkt.com\\\/pl\\\/#website\"},\"primaryImageOfPage\":{\"@id\":\"https:\\\/\\\/traditionundmarkt.com\\\/pl\\\/jarmark-bozonarodzeniowy-advent-village-eschweiler\\\/jobs-eschweiler\\\/#primaryimage\"},\"image\":{\"@id\":\"https:\\\/\\\/traditionundmarkt.com\\\/pl\\\/jarmark-bozonarodzeniowy-advent-village-eschweiler\\\/jobs-eschweiler\\\/#primaryimage\"},\"thumbnailUrl\":\"https:\\\/\\\/traditionundmarkt.com\\\/wp-content\\\/uploads\\\/2023\\\/02\\\/Tradition-und-markt-21-1024x768.webp\",\"datePublished\":\"2025-09-04T09:45:28+00:00\",\"dateModified\":\"2025-09-06T09:50:17+00:00\",\"breadcrumb\":{\"@id\":\"https:\\\/\\\/traditionundmarkt.com\\\/pl\\\/jarmark-bozonarodzeniowy-advent-village-eschweiler\\\/jobs-eschweiler\\\/#breadcrumb\"},\"inLanguage\":\"pl-PL\",\"potentialAction\":[{\"@type\":\"ReadAction\",\"target\":[\"https:\\\/\\\/traditionundmarkt.com\\\/pl\\\/jarmark-bozonarodzeniowy-advent-village-eschweiler\\\/jobs-eschweiler\\\/\"]}]},{\"@type\":\"ImageObject\",\"inLanguage\":\"pl-PL\",\"@id\":\"https:\\\/\\\/traditionundmarkt.com\\\/pl\\\/jarmark-bozonarodzeniowy-advent-village-eschweiler\\\/jobs-eschweiler\\\/#primaryimage\",\"url\":\"https:\\\/\\\/traditionundmarkt.com\\\/wp-content\\\/uploads\\\/2023\\\/02\\\/Tradition-und-markt-21-1024x768.webp\",\"contentUrl\":\"https:\\\/\\\/traditionundmarkt.com\\\/wp-content\\\/uploads\\\/2023\\\/02\\\/Tradition-und-markt-21-1024x768.webp\"},{\"@type\":\"BreadcrumbList\",\"@id\":\"https:\\\/\\\/traditionundmarkt.com\\\/pl\\\/jarmark-bozonarodzeniowy-advent-village-eschweiler\\\/jobs-eschweiler\\\/#breadcrumb\",\"itemListElement\":[{\"@type\":\"ListItem\",\"position\":1,\"name\":\"Startseite\",\"item\":\"https:\\\/\\\/traditionundmarkt.com\\\/pl\\\/home\\\/\"},{\"@type\":\"ListItem\",\"position\":2,\"name\":\"Jarmark bo\u017conarodzeniowy Advent Village Eschweiler\",\"item\":\"https:\\\/\\\/traditionundmarkt.com\\\/pl\\\/jarmark-bozonarodzeniowy-advent-village-eschweiler\\\/\"},{\"@type\":\"ListItem\",\"position\":3,\"name\":\"Jobs Eschweiler\"}]},{\"@type\":\"WebSite\",\"@id\":\"https:\\\/\\\/traditionundmarkt.com\\\/pl\\\/#website\",\"url\":\"https:\\\/\\\/traditionundmarkt.com\\\/pl\\\/\",\"name\":\"Tradition und Markt\",\"description\":\"\",\"publisher\":{\"@id\":\"https:\\\/\\\/traditionundmarkt.com\\\/pl\\\/#organization\"},\"potentialAction\":[{\"@type\":\"SearchAction\",\"target\":{\"@type\":\"EntryPoint\",\"urlTemplate\":\"https:\\\/\\\/traditionundmarkt.com\\\/pl\\\/?s={search_term_string}\"},\"query-input\":{\"@type\":\"PropertyValueSpecification\",\"valueRequired\":true,\"valueName\":\"search_term_string\"}}],\"inLanguage\":\"pl-PL\"},{\"@type\":\"Organization\",\"@id\":\"https:\\\/\\\/traditionundmarkt.com\\\/pl\\\/#organization\",\"name\":\"Tradition und Markt\",\"url\":\"https:\\\/\\\/traditionundmarkt.com\\\/pl\\\/\",\"logo\":{\"@type\":\"ImageObject\",\"inLanguage\":\"pl-PL\",\"@id\":\"https:\\\/\\\/traditionundmarkt.com\\\/pl\\\/#\\\/schema\\\/logo\\\/image\\\/\",\"url\":\"https:\\\/\\\/traditionundmarkt.com\\\/wp-content\\\/uploads\\\/2023\\\/02\\\/Logo-Tradtion-und-Markt-1.webp\",\"contentUrl\":\"https:\\\/\\\/traditionundmarkt.com\\\/wp-content\\\/uploads\\\/2023\\\/02\\\/Logo-Tradtion-und-Markt-1.webp\",\"width\":240,\"height\":239,\"caption\":\"Tradition und Markt\"},\"image\":{\"@id\":\"https:\\\/\\\/traditionundmarkt.com\\\/pl\\\/#\\\/schema\\\/logo\\\/image\\\/\"},\"sameAs\":[\"https:\\\/\\\/www.facebook.com\\\/Tradition-und-Markt-Franchise-107325457788905\",\"https:\\\/\\\/www.instagram.com\\\/tradition_und_markt\\\/\",\"https:\\\/\\\/www.youtube.com\\\/channel\\\/UCW4qQf3iVy3suXbbHzK5_dw\",\"https:\\\/\\\/www.linkedin.com\\\/company\\\/tradition-und-markt-franchise\\\/\"]}]}<\/script>\n<!-- \/ Yoast SEO plugin. -->","yoast_head_json":{"title":"Jobs Eschweiler &#8226; Tradition und Markt","robots":{"index":"index","follow":"follow","max-snippet":"max-snippet:-1","max-image-preview":"max-image-preview:large","max-video-preview":"max-video-preview:-1"},"canonical":"https:\/\/traditionundmarkt.com\/pl\/jarmark-bozonarodzeniowy-advent-village-eschweiler\/jobs-eschweiler\/","og_locale":"pl_PL","og_type":"article","og_title":"Jobs Eschweiler &#8226; Tradition und Markt","og_description":"Jobs &#8211; Weihnachtsmarkt Adventsdorf Eschweiler Drodzy koledzy, Z przyjemno\u015bci\u0105 informujemy, \u017ce mamy wolne miejsca na naszych stoiskach z przek\u0105skami i w tawernie na wspania\u0142ym jarmarku bo\u017conarodzeniowym w Eschweiler. Oferujemy mo\u017cliwo\u015b\u0107 pracy tymczasowej lub pe\u0142nego etatu w atrakcyjnym \u015brodowisku pracy. Okres zatrudnienia trwa od 10 listopada do 23 grudnia tego roku, co daje Ci wyj\u0105tkowe do\u015bwiadczenie [&hellip;]","og_url":"https:\/\/traditionundmarkt.com\/pl\/jarmark-bozonarodzeniowy-advent-village-eschweiler\/jobs-eschweiler\/","og_site_name":"Tradition und Markt","article_publisher":"https:\/\/www.facebook.com\/Tradition-und-Markt-Franchise-107325457788905","article_modified_time":"2025-09-06T09:50:17+00:00","og_image":[{"url":"https:\/\/traditionundmarkt.com\/wp-content\/uploads\/2023\/02\/Tradition-und-markt-21-1024x768.webp","type":"","width":"","height":""}],"twitter_card":"summary_large_image","schema":{"@context":"https:\/\/schema.org","@graph":[{"@type":"WebPage","@id":"https:\/\/traditionundmarkt.com\/pl\/jarmark-bozonarodzeniowy-advent-village-eschweiler\/jobs-eschweiler\/","url":"https:\/\/traditionundmarkt.com\/pl\/jarmark-bozonarodzeniowy-advent-village-eschweiler\/jobs-eschweiler\/","name":"Jobs Eschweiler &#8226; Tradition und Markt","isPartOf":{"@id":"https:\/\/traditionundmarkt.com\/pl\/#website"},"primaryImageOfPage":{"@id":"https:\/\/traditionundmarkt.com\/pl\/jarmark-bozonarodzeniowy-advent-village-eschweiler\/jobs-eschweiler\/#primaryimage"},"image":{"@id":"https:\/\/traditionundmarkt.com\/pl\/jarmark-bozonarodzeniowy-advent-village-eschweiler\/jobs-eschweiler\/#primaryimage"},"thumbnailUrl":"https:\/\/traditionundmarkt.com\/wp-content\/uploads\/2023\/02\/Tradition-und-markt-21-1024x768.webp","datePublished":"2025-09-04T09:45:28+00:00","dateModified":"2025-09-06T09:50:17+00:00","breadcrumb":{"@id":"https:\/\/traditionundmarkt.com\/pl\/jarmark-bozonarodzeniowy-advent-village-eschweiler\/jobs-eschweiler\/#breadcrumb"},"inLanguage":"pl-PL","potentialAction":[{"@type":"ReadAction","target":["https:\/\/traditionundmarkt.com\/pl\/jarmark-bozonarodzeniowy-advent-village-eschweiler\/jobs-eschweiler\/"]}]},{"@type":"ImageObject","inLanguage":"pl-PL","@id":"https:\/\/traditionundmarkt.com\/pl\/jarmark-bozonarodzeniowy-advent-village-eschweiler\/jobs-eschweiler\/#primaryimage","url":"https:\/\/traditionundmarkt.com\/wp-content\/uploads\/2023\/02\/Tradition-und-markt-21-1024x768.webp","contentUrl":"https:\/\/traditionundmarkt.com\/wp-content\/uploads\/2023\/02\/Tradition-und-markt-21-1024x768.webp"},{"@type":"BreadcrumbList","@id":"https:\/\/traditionundmarkt.com\/pl\/jarmark-bozonarodzeniowy-advent-village-eschweiler\/jobs-eschweiler\/#breadcrumb","itemListElement":[{"@type":"ListItem","position":1,"name":"Startseite","item":"https:\/\/traditionundmarkt.com\/pl\/home\/"},{"@type":"ListItem","position":2,"name":"Jarmark bo\u017conarodzeniowy Advent Village Eschweiler","item":"https:\/\/traditionundmarkt.com\/pl\/jarmark-bozonarodzeniowy-advent-village-eschweiler\/"},{"@type":"ListItem","position":3,"name":"Jobs Eschweiler"}]},{"@type":"WebSite","@id":"https:\/\/traditionundmarkt.com\/pl\/#website","url":"https:\/\/traditionundmarkt.com\/pl\/","name":"Tradition und Markt","description":"","publisher":{"@id":"https:\/\/traditionundmarkt.com\/pl\/#organization"},"potentialAction":[{"@type":"SearchAction","target":{"@type":"EntryPoint","urlTemplate":"https:\/\/traditionundmarkt.com\/pl\/?s={search_term_string}"},"query-input":{"@type":"PropertyValueSpecification","valueRequired":true,"valueName":"search_term_string"}}],"inLanguage":"pl-PL"},{"@type":"Organization","@id":"https:\/\/traditionundmarkt.com\/pl\/#organization","name":"Tradition und Markt","url":"https:\/\/traditionundmarkt.com\/pl\/","logo":{"@type":"ImageObject","inLanguage":"pl-PL","@id":"https:\/\/traditionundmarkt.com\/pl\/#\/schema\/logo\/image\/","url":"https:\/\/traditionundmarkt.com\/wp-content\/uploads\/2023\/02\/Logo-Tradtion-und-Markt-1.webp","contentUrl":"https:\/\/traditionundmarkt.com\/wp-content\/uploads\/2023\/02\/Logo-Tradtion-und-Markt-1.webp","width":240,"height":239,"caption":"Tradition und Markt"},"image":{"@id":"https:\/\/traditionundmarkt.com\/pl\/#\/schema\/logo\/image\/"},"sameAs":["https:\/\/www.facebook.com\/Tradition-und-Markt-Franchise-107325457788905","https:\/\/www.instagram.com\/tradition_und_markt\/","https:\/\/www.youtube.com\/channel\/UCW4qQf3iVy3suXbbHzK5_dw","https:\/\/www.linkedin.com\/company\/tradition-und-markt-franchise\/"]}]}},"uagb_featured_image_src":{"full":false,"thumbnail":false,"medium":false,"medium_large":false,"large":false,"1536x1536":false,"2048x2048":false},"uagb_author_info":{"display_name":"ImpactPro","author_link":"https:\/\/traditionundmarkt.com\/pl\/author\/d549d4ea637b0b33\/"},"uagb_comment_info":0,"uagb_excerpt":"Jobs &#8211; Weihnachtsmarkt Adventsdorf Eschweiler Drodzy koledzy, Z przyjemno\u015bci\u0105 informujemy, \u017ce mamy wolne miejsca na naszych stoiskach z przek\u0105skami i w tawernie na wspania\u0142ym jarmarku bo\u017conarodzeniowym w Eschweiler. Oferujemy mo\u017cliwo\u015b\u0107 pracy tymczasowej lub pe\u0142nego etatu w atrakcyjnym \u015brodowisku pracy. Okres zatrudnienia trwa od 10 listopada do 23 grudnia tego roku, co daje Ci wyj\u0105tkowe do\u015bwiadczenie&hellip;","_links":{"self":[{"href":"https:\/\/traditionundmarkt.com\/pl\/wp-json\/wp\/v2\/pages\/5446","targetHints":{"allow":["GET"]}}],"collection":[{"href":"https:\/\/traditionundmarkt.com\/pl\/wp-json\/wp\/v2\/pages"}],"about":[{"href":"https:\/\/traditionundmarkt.com\/pl\/wp-json\/wp\/v2\/types\/page"}],"author":[{"embeddable":true,"href":"https:\/\/traditionundmarkt.com\/pl\/wp-json\/wp\/v2\/users\/1"}],"replies":[{"embeddable":true,"href":"https:\/\/traditionundmarkt.com\/pl\/wp-json\/wp\/v2\/comments?post=5446"}],"version-history":[{"count":2,"href":"https:\/\/traditionundmarkt.com\/pl\/wp-json\/wp\/v2\/pages\/5446\/revisions"}],"predecessor-version":[{"id":5670,"href":"https:\/\/traditionundmarkt.com\/pl\/wp-json\/wp\/v2\/pages\/5446\/revisions\/5670"}],"up":[{"embeddable":true,"href":"https:\/\/traditionundmarkt.com\/pl\/wp-json\/wp\/v2\/pages\/5539"}],"wp:attachment":[{"href":"https:\/\/traditionundmarkt.com\/pl\/wp-json\/wp\/v2\/media?parent=5446"}],"curies":[{"name":"wp","href":"https:\/\/api.w.org\/{rel}","templated":true}]}}