{"id":1189,"date":"2023-04-27T08:02:14","date_gmt":"2023-04-27T08:02:14","guid":{"rendered":"https:\/\/traditionundmarkt.com\/?page_id=1189"},"modified":"2023-04-27T08:06:08","modified_gmt":"2023-04-27T08:06:08","slug":"politica-cookies","status":"publish","type":"page","link":"https:\/\/traditionundmarkt.com\/ro\/politica-cookies\/","title":{"rendered":"Politica Cookies"},"content":{"rendered":"\n<p>A\u021bi ajuns pe aceast\u0103 pagin\u0103 pentru c\u0103 se pare c\u0103 dori\u021bi s\u0103 afla\u021bi mai multe detalii despre mesajul despre cookie-uri pe care l-a\u021bi observat pe site-ul nostru, iar conform Directivei UE 2009\/136\/CE \u2013 Articolul 5 (3) suntem obliga\u021bi s\u0103 \u00eel afi\u0219am tuturor vizitatori.<\/p>\n\n\n\n<p>Scopul politicii de cookie-uri este de a explica ce sunt acestea, pentru ce sunt folosite dar \u0219i de a oferi \u00eendrum\u0103ri cu privire la ac\u021biunea de refuzare sau \u0219tergere a cookie-urilor generate de acest site, dac\u0103 dori\u021bi.<\/p>\n\n\n\n<h3 class=\"wp-block-heading\">Ce sunt cookie-urile?<\/h3>\n\n\n\n<p>Cookie-urile sunt fi\u0219iere text mici care sunt stocate pe computer, tablet\u0103 sau telefon mobil atunci c\u00e2nd vizita\u021bi un site web. Prin generarea acestora, site-ul va aminti vizitele dvs. \u0219i cum l-ai folosit de fiecare dat\u0103 c\u00e2nd te-ai \u00eentors aici. Cookie-ul este complet \u201epasiv\u201d, \u00een sensul c\u0103 nu con\u021bine software \u0219i nu poate accesa \u00een niciun fel informa\u021biile stocate pe hard disk-ul utilizatorului.<\/p>\n\n\n\n<p>Cookie-urile de pe site-ul www.traditionundmarkt.com nu re\u021bin informa\u021bii personale, deoarece pentru a vizualiza toate informa\u021biile disponibile (text, fotografii sau video) nu e\u0219ti obligat s\u0103 te autentifici cu username\/parola \u0219i nu e\u0219ti obligat s\u0103 ne furnizezi cu informatii personale.<\/p>\n\n\n\n<h3 class=\"wp-block-heading\">Cookie-uri de la ter\u021bi<\/h3>\n\n\n\n<p>Site-ul www.traditionundmarkt.com folose\u0219te cookie-uri de la ter\u021bi (Google Adsense, Google Analytics, Facebook, Google+, Twitter etc.) pentru a personaliza con\u021binutul \u0219i reclamele afi\u0219ate, pentru a oferi func\u021bii de social media \u0219i pentru a analiza traficul generat de site.<\/p>\n\n\n\n<p>Publicitatea pe care o g\u0103si\u021bi pe acest site apar\u021bine unor ter\u021bi. Unele dintre aceste p\u0103r\u021bi folosesc propriile cookie-uri anonime pentru a analiza c\u00e2te persoane au vizionat un anun\u021b sau pentru a vedea c\u00e2te persoane au v\u0103zut acela\u0219i anun\u021b de mai multe ori. Companiile care genereaz\u0103 aceste cookie-uri au propriile politici de confiden\u021bialitate, iar site-ul www.traditionundmarkt.com nu are acces pentru a citi sau scrie acele cookie-uri.<\/p>\n\n\n\n<p>De exemplu, atunci c\u00e2nd distribui\u021bi un articol folosind butoanele de social media (facebook, google + sau twitter) disponibile pe acest site, acele re\u021bele sociale v\u0103 vor \u00eenregistra activitatea de fiecare dat\u0103.<\/p>\n\n\n\n<h3 class=\"wp-block-heading\">De ce sunt cookie-urile importante pentru internet?<\/h3>\n\n\n\n<p>Cookie-urile reprezint\u0103 punctul focal al func\u021bion\u0103rii eficiente a Internetului, ajut\u00e2nd la asigurarea unei experien\u021be de navigare prietenoase, adaptat\u0103 preferin\u021belor \u0219i intereselor fiec\u0103rui utilizator. Refuzul sau dezactivarea cookie-urilor poate face imposibil\u0103 utilizarea anumitor site-uri web. Respingerea sau dezactivarea cookie-urilor nu \u00eenseamn\u0103 c\u0103 nu ve\u021bi mai primi publicitate online. Acest lucru va face ca anun\u021bul care vi se arat\u0103 s\u0103 nu mai \u021bin\u0103 cont de preferin\u021bele \u0219i interesele dvs., care sunt eviden\u021biate de comportamentul dvs. de navigare.<\/p>\n\n\n\n<h3 class=\"wp-block-heading\">Exemple de utiliz\u0103ri ale cookie-urilor:<\/h3>\n\n\n\n<p>\u2022 servicii adaptate preferin\u021belor utilizatorului: \u0219tiri, vreme, sport, h\u0103r\u021bi, servicii publice, servicii guvernamentale, servicii de c\u0103l\u0103torie.<br>\u2022 preferin\u021bele de limb\u0103, de exemplu afi\u0219area rezultatelor c\u0103ut\u0103rii \u00een limba rom\u00e2n\u0103.<br>\u2022 p\u0103strarea filtrelor de protec\u021bie a copilului pe con\u021binutul de pe Internet (op\u021biuni precum \u201emodul familie\u201d sau func\u021biile \u201ec\u0103utare sigur\u0103\u201d).<br>\u2022 limitarea num\u0103rului de afi\u0219\u0103ri ale unui anun\u021b pentru un anumit utilizator pe un site web.<br>\u2022 furnizarea de publicitate care este mai relevant\u0103 pentru un anumit utilizator.<br>\u2022 caracteristici de m\u0103surare, optimizare \u0219i analiz\u0103 \u2013 cum ar fi confirmarea unui anumit nivel de trafic c\u0103tre un site web, ce tip de con\u021binut este vizualizat \u0219i modul \u00een care un utilizator ajunge la un site web (prin motoarele de c\u0103utare, direct din link-uri de pe alte site-uri etc.).<\/p>\n\n\n\n<p>Pentru a asigura o mai mare transparen\u021b\u0103, am selectat mai jos c\u00e2teva adrese web, astfel \u00eenc\u00e2t s\u0103 pute\u021bi afla mai multe despre gestionarea cookie-urilor de c\u0103tre ter\u021bi:<\/p>\n\n\n\n<p><a href=\"http:\/\/facebook.com\/help\/cookies\/\" target=\"_blank\" rel=\"noreferrer noopener\">Facebook<\/a><br><a href=\"https:\/\/support.twitter.com\/articles\/20170514\" target=\"_blank\" rel=\"noreferrer noopener\">Twitter<\/a><br><a href=\"https:\/\/policies.google.com\/technologies\/cookies\" target=\"_blank\" rel=\"noreferrer noopener\">Google<\/a><br><a href=\"https:\/\/policies.google.com\/technologies\/partner-sites\" target=\"_blank\" rel=\"noreferrer noopener\">Google Partners<\/a><\/p>\n\n\n\n<h3 class=\"wp-block-heading\">Probleme de securitate \u0219i confiden\u021bialitate<\/h3>\n\n\n\n<p>Cookie-urile NU sunt viru\u0219i, spyware sau malware! Folosesc formate de text simplu. Nu sunt alc\u0103tuite din buc\u0103\u021bi de cod al limbajului de programare, deci nu pot fi executate sau auto-executate, nu pot fi duplicate sau reproduse pe alte re\u021bele pentru a rula sau reproduce din nou. Deoarece nu pot \u00eendeplini aceste func\u021bii, cookie-urile nu pot infecta sistemul\/dispozitivul dumneavoastr\u0103.<\/p>\n\n\n\n<h3 class=\"wp-block-heading\">Cum pot opri cookie-urile?<\/h3>\n\n\n\n<p>Aten\u0163ie! Dezactivarea \u0219i refuzul de a primi cookie-uri poate face anumite site-uri imposibil sau dificil de vizitat \u0219i utilizat! De asemenea, refuzul de a accepta cookie-uri nu \u00eenseamn\u0103 c\u0103 nu ve\u021bi mai primi sau vizualiza publicitate online.<\/p>\n\n\n\n<p>Toate browserele moderne ofer\u0103 posibilitatea de a modifica set\u0103rile cookie-urilor. Aceste set\u0103ri se g\u0103sesc de obicei \u00een sec\u021biunea \u201eop\u021biuni\u201d sau \u00een meniul \u201epreferin\u021be\u201d al browserelor utilizate. Utiliza\u021bi op\u021biunea Ajutor a fiec\u0103rui browser pentru a afla mai multe detalii.<\/p>\n\n\n\n<p>Set\u0103ri cookie \u00een Internet Explorer: Tools-&gt;Internet Options-&gt;Privacy<br>Set\u0103ri cookie \u00een Firefox: Tools-&gt;Options-&gt;Privacy-&gt;Cookies<br>Set\u0103ri cookie \u00een Chrome: Tools-&gt;Advanced-&gt;Content settings-&gt;Cookies<br>Set\u0103ri cookie \u00een Opera: Settings-&gt;Preferences-&gt;Advanced-&gt;Cookies<\/p>\n","protected":false},"excerpt":{"rendered":"<p>A\u021bi ajuns pe aceast\u0103 pagin\u0103 pentru c\u0103 se pare c\u0103 dori\u021bi s\u0103 afla\u021bi mai multe detalii despre mesajul despre cookie-uri pe care l-a\u021bi observat pe site-ul nostru, iar conform Directivei UE 2009\/136\/CE \u2013 Articolul 5 (3) suntem obliga\u021bi s\u0103 \u00eel afi\u0219am tuturor vizitatori. Scopul politicii de cookie-uri este de a explica ce sunt acestea, pentru [&hellip;]<\/p>\n","protected":false},"author":1,"featured_media":0,"parent":0,"menu_order":99,"comment_status":"closed","ping_status":"closed","template":"","meta":{"_uag_custom_page_level_css":"","site-sidebar-layout":"default","site-content-layout":"","ast-site-content-layout":"default","site-content-style":"default","site-sidebar-style":"default","ast-global-header-display":"","ast-banner-title-visibility":"","ast-main-header-display":"","ast-hfb-above-header-display":"","ast-hfb-below-header-display":"","ast-hfb-mobile-header-display":"","site-post-title":"","ast-breadcrumbs-content":"","ast-featured-img":"","footer-sml-layout":"","ast-disable-related-posts":"","theme-transparent-header-meta":"","adv-header-id-meta":"","stick-header-meta":"","header-above-stick-meta":"","header-main-stick-meta":"","header-below-stick-meta":"","astra-migrate-meta-layouts":"default","ast-page-background-enabled":"default","ast-page-background-meta":{"desktop":{"background-color":"var(--ast-global-color-4)","background-image":"","background-repeat":"repeat","background-position":"center center","background-size":"auto","background-attachment":"scroll","background-type":"","background-media":"","overlay-type":"","overlay-color":"","overlay-opacity":"","overlay-gradient":""},"tablet":{"background-color":"","background-image":"","background-repeat":"repeat","background-position":"center center","background-size":"auto","background-attachment":"scroll","background-type":"","background-media":"","overlay-type":"","overlay-color":"","overlay-opacity":"","overlay-gradient":""},"mobile":{"background-color":"","background-image":"","background-repeat":"repeat","background-position":"center center","background-size":"auto","background-attachment":"scroll","background-type":"","background-media":"","overlay-type":"","overlay-color":"","overlay-opacity":"","overlay-gradient":""}},"ast-content-background-meta":{"desktop":{"background-color":"var(--ast-global-color-5)","background-image":"","background-repeat":"repeat","background-position":"center center","background-size":"auto","background-attachment":"scroll","background-type":"","background-media":"","overlay-type":"","overlay-color":"","overlay-opacity":"","overlay-gradient":""},"tablet":{"background-color":"var(--ast-global-color-5)","background-image":"","background-repeat":"repeat","background-position":"center center","background-size":"auto","background-attachment":"scroll","background-type":"","background-media":"","overlay-type":"","overlay-color":"","overlay-opacity":"","overlay-gradient":""},"mobile":{"background-color":"var(--ast-global-color-5)","background-image":"","background-repeat":"repeat","background-position":"center center","background-size":"auto","background-attachment":"scroll","background-type":"","background-media":"","overlay-type":"","overlay-color":"","overlay-opacity":"","overlay-gradient":""}},"footnotes":""},"class_list":["post-1189","page","type-page","status-publish","hentry"],"yoast_head":"<!-- This site is optimized with the Yoast SEO plugin v27.4 - https:\/\/yoast.com\/product\/yoast-seo-wordpress\/ -->\n<title>Politica Cookies &#8226; Tradition und Markt<\/title>\n<meta name=\"robots\" content=\"index, follow, max-snippet:-1, max-image-preview:large, max-video-preview:-1\" \/>\n<link rel=\"canonical\" href=\"https:\/\/traditionundmarkt.com\/ro\/politica-cookies\/\" \/>\n<meta property=\"og:locale\" content=\"ro_RO\" \/>\n<meta property=\"og:type\" content=\"article\" \/>\n<meta property=\"og:title\" content=\"Politica Cookies &#8226; Tradition und Markt\" \/>\n<meta property=\"og:description\" content=\"A\u021bi ajuns pe aceast\u0103 pagin\u0103 pentru c\u0103 se pare c\u0103 dori\u021bi s\u0103 afla\u021bi mai multe detalii despre mesajul despre cookie-uri pe care l-a\u021bi observat pe site-ul nostru, iar conform Directivei UE 2009\/136\/CE \u2013 Articolul 5 (3) suntem obliga\u021bi s\u0103 \u00eel afi\u0219am tuturor vizitatori. Scopul politicii de cookie-uri este de a explica ce sunt acestea, pentru [&hellip;]\" \/>\n<meta property=\"og:url\" content=\"https:\/\/traditionundmarkt.com\/ro\/politica-cookies\/\" \/>\n<meta property=\"og:site_name\" content=\"Tradition und Markt\" \/>\n<meta property=\"article:publisher\" content=\"https:\/\/www.facebook.com\/Tradition-und-Markt-Franchise-107325457788905\" \/>\n<meta property=\"article:modified_time\" content=\"2023-04-27T08:06:08+00:00\" \/>\n<meta name=\"twitter:card\" content=\"summary_large_image\" \/>\n<script type=\"application\/ld+json\" class=\"yoast-schema-graph\">{\"@context\":\"https:\\\/\\\/schema.org\",\"@graph\":[{\"@type\":\"WebPage\",\"@id\":\"https:\\\/\\\/traditionundmarkt.com\\\/ro\\\/politica-cookies\\\/\",\"url\":\"https:\\\/\\\/traditionundmarkt.com\\\/ro\\\/politica-cookies\\\/\",\"name\":\"Politica Cookies &#8226; Tradition und Markt\",\"isPartOf\":{\"@id\":\"https:\\\/\\\/traditionundmarkt.com\\\/ro\\\/#website\"},\"datePublished\":\"2023-04-27T08:02:14+00:00\",\"dateModified\":\"2023-04-27T08:06:08+00:00\",\"breadcrumb\":{\"@id\":\"https:\\\/\\\/traditionundmarkt.com\\\/ro\\\/politica-cookies\\\/#breadcrumb\"},\"inLanguage\":\"ro-RO\",\"potentialAction\":[{\"@type\":\"ReadAction\",\"target\":[\"https:\\\/\\\/traditionundmarkt.com\\\/ro\\\/politica-cookies\\\/\"]}]},{\"@type\":\"BreadcrumbList\",\"@id\":\"https:\\\/\\\/traditionundmarkt.com\\\/ro\\\/politica-cookies\\\/#breadcrumb\",\"itemListElement\":[{\"@type\":\"ListItem\",\"position\":1,\"name\":\"Startseite\",\"item\":\"https:\\\/\\\/traditionundmarkt.com\\\/ro\\\/prima-pagina\\\/\"},{\"@type\":\"ListItem\",\"position\":2,\"name\":\"Politica Cookies\"}]},{\"@type\":\"WebSite\",\"@id\":\"https:\\\/\\\/traditionundmarkt.com\\\/ro\\\/#website\",\"url\":\"https:\\\/\\\/traditionundmarkt.com\\\/ro\\\/\",\"name\":\"Tradition und Markt\",\"description\":\"\",\"publisher\":{\"@id\":\"https:\\\/\\\/traditionundmarkt.com\\\/ro\\\/#organization\"},\"potentialAction\":[{\"@type\":\"SearchAction\",\"target\":{\"@type\":\"EntryPoint\",\"urlTemplate\":\"https:\\\/\\\/traditionundmarkt.com\\\/ro\\\/?s={search_term_string}\"},\"query-input\":{\"@type\":\"PropertyValueSpecification\",\"valueRequired\":true,\"valueName\":\"search_term_string\"}}],\"inLanguage\":\"ro-RO\"},{\"@type\":\"Organization\",\"@id\":\"https:\\\/\\\/traditionundmarkt.com\\\/ro\\\/#organization\",\"name\":\"Tradition und Markt\",\"url\":\"https:\\\/\\\/traditionundmarkt.com\\\/ro\\\/\",\"logo\":{\"@type\":\"ImageObject\",\"inLanguage\":\"ro-RO\",\"@id\":\"https:\\\/\\\/traditionundmarkt.com\\\/ro\\\/#\\\/schema\\\/logo\\\/image\\\/\",\"url\":\"https:\\\/\\\/traditionundmarkt.com\\\/wp-content\\\/uploads\\\/2023\\\/02\\\/Logo-Tradtion-und-Markt-1.webp\",\"contentUrl\":\"https:\\\/\\\/traditionundmarkt.com\\\/wp-content\\\/uploads\\\/2023\\\/02\\\/Logo-Tradtion-und-Markt-1.webp\",\"width\":240,\"height\":239,\"caption\":\"Tradition und Markt\"},\"image\":{\"@id\":\"https:\\\/\\\/traditionundmarkt.com\\\/ro\\\/#\\\/schema\\\/logo\\\/image\\\/\"},\"sameAs\":[\"https:\\\/\\\/www.facebook.com\\\/Tradition-und-Markt-Franchise-107325457788905\",\"https:\\\/\\\/www.instagram.com\\\/tradition_und_markt\\\/\",\"https:\\\/\\\/www.youtube.com\\\/channel\\\/UCW4qQf3iVy3suXbbHzK5_dw\",\"https:\\\/\\\/www.linkedin.com\\\/company\\\/tradition-und-markt-franchise\\\/\"]}]}<\/script>\n<!-- \/ Yoast SEO plugin. -->","yoast_head_json":{"title":"Politica Cookies &#8226; Tradition und Markt","robots":{"index":"index","follow":"follow","max-snippet":"max-snippet:-1","max-image-preview":"max-image-preview:large","max-video-preview":"max-video-preview:-1"},"canonical":"https:\/\/traditionundmarkt.com\/ro\/politica-cookies\/","og_locale":"ro_RO","og_type":"article","og_title":"Politica Cookies &#8226; Tradition und Markt","og_description":"A\u021bi ajuns pe aceast\u0103 pagin\u0103 pentru c\u0103 se pare c\u0103 dori\u021bi s\u0103 afla\u021bi mai multe detalii despre mesajul despre cookie-uri pe care l-a\u021bi observat pe site-ul nostru, iar conform Directivei UE 2009\/136\/CE \u2013 Articolul 5 (3) suntem obliga\u021bi s\u0103 \u00eel afi\u0219am tuturor vizitatori. Scopul politicii de cookie-uri este de a explica ce sunt acestea, pentru [&hellip;]","og_url":"https:\/\/traditionundmarkt.com\/ro\/politica-cookies\/","og_site_name":"Tradition und Markt","article_publisher":"https:\/\/www.facebook.com\/Tradition-und-Markt-Franchise-107325457788905","article_modified_time":"2023-04-27T08:06:08+00:00","twitter_card":"summary_large_image","schema":{"@context":"https:\/\/schema.org","@graph":[{"@type":"WebPage","@id":"https:\/\/traditionundmarkt.com\/ro\/politica-cookies\/","url":"https:\/\/traditionundmarkt.com\/ro\/politica-cookies\/","name":"Politica Cookies &#8226; Tradition und Markt","isPartOf":{"@id":"https:\/\/traditionundmarkt.com\/ro\/#website"},"datePublished":"2023-04-27T08:02:14+00:00","dateModified":"2023-04-27T08:06:08+00:00","breadcrumb":{"@id":"https:\/\/traditionundmarkt.com\/ro\/politica-cookies\/#breadcrumb"},"inLanguage":"ro-RO","potentialAction":[{"@type":"ReadAction","target":["https:\/\/traditionundmarkt.com\/ro\/politica-cookies\/"]}]},{"@type":"BreadcrumbList","@id":"https:\/\/traditionundmarkt.com\/ro\/politica-cookies\/#breadcrumb","itemListElement":[{"@type":"ListItem","position":1,"name":"Startseite","item":"https:\/\/traditionundmarkt.com\/ro\/prima-pagina\/"},{"@type":"ListItem","position":2,"name":"Politica Cookies"}]},{"@type":"WebSite","@id":"https:\/\/traditionundmarkt.com\/ro\/#website","url":"https:\/\/traditionundmarkt.com\/ro\/","name":"Tradition und Markt","description":"","publisher":{"@id":"https:\/\/traditionundmarkt.com\/ro\/#organization"},"potentialAction":[{"@type":"SearchAction","target":{"@type":"EntryPoint","urlTemplate":"https:\/\/traditionundmarkt.com\/ro\/?s={search_term_string}"},"query-input":{"@type":"PropertyValueSpecification","valueRequired":true,"valueName":"search_term_string"}}],"inLanguage":"ro-RO"},{"@type":"Organization","@id":"https:\/\/traditionundmarkt.com\/ro\/#organization","name":"Tradition und Markt","url":"https:\/\/traditionundmarkt.com\/ro\/","logo":{"@type":"ImageObject","inLanguage":"ro-RO","@id":"https:\/\/traditionundmarkt.com\/ro\/#\/schema\/logo\/image\/","url":"https:\/\/traditionundmarkt.com\/wp-content\/uploads\/2023\/02\/Logo-Tradtion-und-Markt-1.webp","contentUrl":"https:\/\/traditionundmarkt.com\/wp-content\/uploads\/2023\/02\/Logo-Tradtion-und-Markt-1.webp","width":240,"height":239,"caption":"Tradition und Markt"},"image":{"@id":"https:\/\/traditionundmarkt.com\/ro\/#\/schema\/logo\/image\/"},"sameAs":["https:\/\/www.facebook.com\/Tradition-und-Markt-Franchise-107325457788905","https:\/\/www.instagram.com\/tradition_und_markt\/","https:\/\/www.youtube.com\/channel\/UCW4qQf3iVy3suXbbHzK5_dw","https:\/\/www.linkedin.com\/company\/tradition-und-markt-franchise\/"]}]}},"uagb_featured_image_src":{"full":false,"thumbnail":false,"medium":false,"medium_large":false,"large":false,"1536x1536":false,"2048x2048":false},"uagb_author_info":{"display_name":"ImpactPro","author_link":"https:\/\/traditionundmarkt.com\/ro\/author\/d549d4ea637b0b33\/"},"uagb_comment_info":0,"uagb_excerpt":"A\u021bi ajuns pe aceast\u0103 pagin\u0103 pentru c\u0103 se pare c\u0103 dori\u021bi s\u0103 afla\u021bi mai multe detalii despre mesajul despre cookie-uri pe care l-a\u021bi observat pe site-ul nostru, iar conform Directivei UE 2009\/136\/CE \u2013 Articolul 5 (3) suntem obliga\u021bi s\u0103 \u00eel afi\u0219am tuturor vizitatori. Scopul politicii de cookie-uri este de a explica ce sunt acestea, pentru&hellip;","_links":{"self":[{"href":"https:\/\/traditionundmarkt.com\/ro\/wp-json\/wp\/v2\/pages\/1189","targetHints":{"allow":["GET"]}}],"collection":[{"href":"https:\/\/traditionundmarkt.com\/ro\/wp-json\/wp\/v2\/pages"}],"about":[{"href":"https:\/\/traditionundmarkt.com\/ro\/wp-json\/wp\/v2\/types\/page"}],"author":[{"embeddable":true,"href":"https:\/\/traditionundmarkt.com\/ro\/wp-json\/wp\/v2\/users\/1"}],"replies":[{"embeddable":true,"href":"https:\/\/traditionundmarkt.com\/ro\/wp-json\/wp\/v2\/comments?post=1189"}],"version-history":[{"count":1,"href":"https:\/\/traditionundmarkt.com\/ro\/wp-json\/wp\/v2\/pages\/1189\/revisions"}],"predecessor-version":[{"id":1190,"href":"https:\/\/traditionundmarkt.com\/ro\/wp-json\/wp\/v2\/pages\/1189\/revisions\/1190"}],"wp:attachment":[{"href":"https:\/\/traditionundmarkt.com\/ro\/wp-json\/wp\/v2\/media?parent=1189"}],"curies":[{"name":"wp","href":"https:\/\/api.w.org\/{rel}","templated":true}]}}