{"id":1203,"date":"2023-04-27T08:33:05","date_gmt":"2023-04-27T06:33:05","guid":{"rendered":"https:\/\/traditionundmarkt.com\/?page_id=1203"},"modified":"2024-11-22T10:57:29","modified_gmt":"2024-11-22T09:57:29","slug":"nota-juridica","status":"publish","type":"page","link":"https:\/\/traditionundmarkt.com\/ro\/nota-juridica\/","title":{"rendered":"Not\u0103 Juridic\u0103"},"content":{"rendered":"\n<p><strong>TraditionundMarkt.com<\/strong>&nbsp;este o ofert\u0103 de la:<\/p>\n\n\n\n<p><strong>CTC Tradition and Market SRL<\/strong><br>Com. Ciugud Sat. Dr\u00e2mbar str. Nicolae Giosan Nr.126 Jud.Alba<br>J1\/56\/01\/25\/2012<br>Tel: 0040744399487<\/p>\n\n\n\n<p>Responsabil pentru continut: Cosmin Campean<br>ID TVA: RO 29591894<\/p>\n\n\n\n<p>E-mail: <a href=\"mailto:office@traditionundmarkt.com\" target=\"_blank\" rel=\"noreferrer noopener\">office@traditionundmarkt.com<\/a><\/p>\n\n\n\n<p><strong>Credit foto<\/strong><\/p>\n\n\n\n<p>Imaginile folosite pe acest site sunt de la:<br>\u2013 a achizi\u021bionat cataloage de imagini AdobeStock<br>\u2013 sau am fost fotografia\u021bi de noi \u00een\u0219ine (<strong>CTC Tradition \u0219i Markt SRL<\/strong>).<\/p>\n\n\n\n<p><strong>Amprenta se aplic\u0103 \u0219i pentru urm\u0103toarele profiluri de re\u021bele sociale:<\/strong><\/p>\n\n\n\n<p>Facebook:&nbsp;<a href=\"https:\/\/www.facebook.com\/Tradition-und-Markt-Franchise-107325457788905\" target=\"_blank\" rel=\"noreferrer noopener nofollow\">https:\/\/www.facebook.com\/Tradition-und-Markt-Franchise-107325457788905<\/a><br>Instagram:&nbsp;<a href=\"https:\/\/www.instagram.com\/tradition_und_markt\/\" target=\"_blank\" rel=\"noreferrer noopener nofollow\">https:\/\/www.instagram.com\/tradition_und_markt\/<\/a><a href=\"https:\/\/www.facebook.com\/Tradition-und-Markt-Franchise-107325457788905\" target=\"_blank\" rel=\"noreferrer noopener\"><br><\/a>Youtube:<a href=\"https:\/\/www.facebook.com\/Tradition-und-Markt-Franchise-107325457788905\" target=\"_blank\" rel=\"noreferrer noopener\">&nbsp;<\/a><a href=\"https:\/\/www.youtube.com\/channel\/UCW4qQf3iVy3suXbbHzK5_dw\" target=\"_blank\" rel=\"noreferrer noopener nofollow\">https:\/\/www.youtube.com\/channel\/UCW4qQf3iVy3suXbbHzK5_dw<\/a><br>LinkedIn:&nbsp;<a href=\"https:\/\/www.linkedin.com\/company\/tradition-und-markt-franchise\/\" target=\"_blank\" rel=\"noreferrer noopener nofollow\">https:\/\/www.linkedin.com\/company\/tradition-und-markt-franchise\/<\/a><\/p>\n\n\n\n<p><strong>Platforma UE de solu\u021bionare a litigiilor<\/strong><\/p>\n\n\n\n<p>Informa\u021bii privind solu\u021bionarea online a litigiilor: Comisia UE a creat o platform\u0103 de internet pentru solu\u021bionarea online a litigiilor (a\u0219a-numita \u201eplatform\u0103 OS\u201d). Platforma OS serve\u0219te ca punct de contact pentru solu\u021bionarea extrajudiciar\u0103 a litigiilor referitoare la obliga\u021biile contractuale care decurg din contractele de v\u00e2nzare online. Platforma OS poate fi accesat\u0103 prin urm\u0103torul link:&nbsp;<a href=\"http:\/\/ec.europa.eu\/consumers\/odr\" target=\"_blank\" rel=\"noreferrer noopener\">http:\/\/ec.europa.eu\/consumers\/odr<\/a>.<\/p>\n\n\n\n<p><strong>Informa\u021bii despre utilizarea site-ului nostru web \u0219i protec\u021bia datelor<\/strong><br>Pentru \u00eentreb\u0103ri despre utilizarea paginii noastre de pornire \u0219i protec\u021bia datelor, ne referim la&nbsp;Termenii \u0219i condi\u021biile&nbsp;\u0219i la&nbsp;Politica noastr\u0103 privind protec\u021bia datelor GDPR.<\/p>\n","protected":false},"excerpt":{"rendered":"<p>TraditionundMarkt.com&nbsp;este o ofert\u0103 de la: CTC Tradition and Market SRLCom. Ciugud Sat. Dr\u00e2mbar str. Nicolae Giosan Nr.126 Jud.AlbaJ1\/56\/01\/25\/2012Tel: 0040744399487 Responsabil pentru continut: Cosmin CampeanID TVA: RO 29591894 E-mail: office@traditionundmarkt.com Credit foto Imaginile folosite pe acest site sunt de la:\u2013 a achizi\u021bionat cataloage de imagini AdobeStock\u2013 sau am fost fotografia\u021bi de noi \u00een\u0219ine (CTC Tradition \u0219i [&hellip;]<\/p>\n","protected":false},"author":1,"featured_media":0,"parent":0,"menu_order":99,"comment_status":"closed","ping_status":"closed","template":"","meta":{"_uag_custom_page_level_css":"","site-sidebar-layout":"default","site-content-layout":"","ast-site-content-layout":"default","site-content-style":"default","site-sidebar-style":"default","ast-global-header-display":"","ast-banner-title-visibility":"","ast-main-header-display":"","ast-hfb-above-header-display":"","ast-hfb-below-header-display":"","ast-hfb-mobile-header-display":"","site-post-title":"","ast-breadcrumbs-content":"","ast-featured-img":"","footer-sml-layout":"","ast-disable-related-posts":"","theme-transparent-header-meta":"","adv-header-id-meta":"","stick-header-meta":"","header-above-stick-meta":"","header-main-stick-meta":"","header-below-stick-meta":"","astra-migrate-meta-layouts":"set","ast-page-background-enabled":"default","ast-page-background-meta":{"desktop":{"background-color":"var(--ast-global-color-4)","background-image":"","background-repeat":"repeat","background-position":"center center","background-size":"auto","background-attachment":"scroll","background-type":"","background-media":"","overlay-type":"","overlay-color":"","overlay-opacity":"","overlay-gradient":""},"tablet":{"background-color":"","background-image":"","background-repeat":"repeat","background-position":"center center","background-size":"auto","background-attachment":"scroll","background-type":"","background-media":"","overlay-type":"","overlay-color":"","overlay-opacity":"","overlay-gradient":""},"mobile":{"background-color":"","background-image":"","background-repeat":"repeat","background-position":"center center","background-size":"auto","background-attachment":"scroll","background-type":"","background-media":"","overlay-type":"","overlay-color":"","overlay-opacity":"","overlay-gradient":""}},"ast-content-background-meta":{"desktop":{"background-color":"var(--ast-global-color-5)","background-image":"","background-repeat":"repeat","background-position":"center center","background-size":"auto","background-attachment":"scroll","background-type":"","background-media":"","overlay-type":"","overlay-color":"","overlay-opacity":"","overlay-gradient":""},"tablet":{"background-color":"var(--ast-global-color-5)","background-image":"","background-repeat":"repeat","background-position":"center center","background-size":"auto","background-attachment":"scroll","background-type":"","background-media":"","overlay-type":"","overlay-color":"","overlay-opacity":"","overlay-gradient":""},"mobile":{"background-color":"var(--ast-global-color-5)","background-image":"","background-repeat":"repeat","background-position":"center center","background-size":"auto","background-attachment":"scroll","background-type":"","background-media":"","overlay-type":"","overlay-color":"","overlay-opacity":"","overlay-gradient":""}},"footnotes":""},"class_list":["post-1203","page","type-page","status-publish","hentry"],"yoast_head":"<!-- This site is optimized with the Yoast SEO plugin v27.4 - https:\/\/yoast.com\/product\/yoast-seo-wordpress\/ -->\n<title>Not\u0103 Juridic\u0103 &#8226; Tradition und Markt<\/title>\n<meta name=\"robots\" content=\"index, follow, max-snippet:-1, max-image-preview:large, max-video-preview:-1\" \/>\n<link rel=\"canonical\" href=\"https:\/\/traditionundmarkt.com\/ro\/nota-juridica\/\" \/>\n<meta property=\"og:locale\" content=\"ro_RO\" \/>\n<meta property=\"og:type\" content=\"article\" \/>\n<meta property=\"og:title\" content=\"Not\u0103 Juridic\u0103 &#8226; Tradition und Markt\" \/>\n<meta property=\"og:description\" content=\"TraditionundMarkt.com&nbsp;este o ofert\u0103 de la: CTC Tradition and Market SRLCom. Ciugud Sat. Dr\u00e2mbar str. Nicolae Giosan Nr.126 Jud.AlbaJ1\/56\/01\/25\/2012Tel: 0040744399487 Responsabil pentru continut: Cosmin CampeanID TVA: RO 29591894 E-mail: office@traditionundmarkt.com Credit foto Imaginile folosite pe acest site sunt de la:\u2013 a achizi\u021bionat cataloage de imagini AdobeStock\u2013 sau am fost fotografia\u021bi de noi \u00een\u0219ine (CTC Tradition \u0219i [&hellip;]\" \/>\n<meta property=\"og:url\" content=\"https:\/\/traditionundmarkt.com\/ro\/nota-juridica\/\" \/>\n<meta property=\"og:site_name\" content=\"Tradition und Markt\" \/>\n<meta property=\"article:publisher\" content=\"https:\/\/www.facebook.com\/Tradition-und-Markt-Franchise-107325457788905\" \/>\n<meta property=\"article:modified_time\" content=\"2024-11-22T09:57:29+00:00\" \/>\n<meta name=\"twitter:card\" content=\"summary_large_image\" \/>\n<script type=\"application\/ld+json\" class=\"yoast-schema-graph\">{\"@context\":\"https:\\\/\\\/schema.org\",\"@graph\":[{\"@type\":\"WebPage\",\"@id\":\"https:\\\/\\\/traditionundmarkt.com\\\/ro\\\/nota-juridica\\\/\",\"url\":\"https:\\\/\\\/traditionundmarkt.com\\\/ro\\\/nota-juridica\\\/\",\"name\":\"Not\u0103 Juridic\u0103 &#8226; Tradition und Markt\",\"isPartOf\":{\"@id\":\"https:\\\/\\\/traditionundmarkt.com\\\/ro\\\/#website\"},\"datePublished\":\"2023-04-27T06:33:05+00:00\",\"dateModified\":\"2024-11-22T09:57:29+00:00\",\"breadcrumb\":{\"@id\":\"https:\\\/\\\/traditionundmarkt.com\\\/ro\\\/nota-juridica\\\/#breadcrumb\"},\"inLanguage\":\"ro-RO\",\"potentialAction\":[{\"@type\":\"ReadAction\",\"target\":[\"https:\\\/\\\/traditionundmarkt.com\\\/ro\\\/nota-juridica\\\/\"]}]},{\"@type\":\"BreadcrumbList\",\"@id\":\"https:\\\/\\\/traditionundmarkt.com\\\/ro\\\/nota-juridica\\\/#breadcrumb\",\"itemListElement\":[{\"@type\":\"ListItem\",\"position\":1,\"name\":\"Startseite\",\"item\":\"https:\\\/\\\/traditionundmarkt.com\\\/ro\\\/prima-pagina\\\/\"},{\"@type\":\"ListItem\",\"position\":2,\"name\":\"Not\u0103 Juridic\u0103\"}]},{\"@type\":\"WebSite\",\"@id\":\"https:\\\/\\\/traditionundmarkt.com\\\/ro\\\/#website\",\"url\":\"https:\\\/\\\/traditionundmarkt.com\\\/ro\\\/\",\"name\":\"Tradition und Markt\",\"description\":\"\",\"publisher\":{\"@id\":\"https:\\\/\\\/traditionundmarkt.com\\\/ro\\\/#organization\"},\"potentialAction\":[{\"@type\":\"SearchAction\",\"target\":{\"@type\":\"EntryPoint\",\"urlTemplate\":\"https:\\\/\\\/traditionundmarkt.com\\\/ro\\\/?s={search_term_string}\"},\"query-input\":{\"@type\":\"PropertyValueSpecification\",\"valueRequired\":true,\"valueName\":\"search_term_string\"}}],\"inLanguage\":\"ro-RO\"},{\"@type\":\"Organization\",\"@id\":\"https:\\\/\\\/traditionundmarkt.com\\\/ro\\\/#organization\",\"name\":\"Tradition und Markt\",\"url\":\"https:\\\/\\\/traditionundmarkt.com\\\/ro\\\/\",\"logo\":{\"@type\":\"ImageObject\",\"inLanguage\":\"ro-RO\",\"@id\":\"https:\\\/\\\/traditionundmarkt.com\\\/ro\\\/#\\\/schema\\\/logo\\\/image\\\/\",\"url\":\"https:\\\/\\\/traditionundmarkt.com\\\/wp-content\\\/uploads\\\/2023\\\/02\\\/Logo-Tradtion-und-Markt-1.webp\",\"contentUrl\":\"https:\\\/\\\/traditionundmarkt.com\\\/wp-content\\\/uploads\\\/2023\\\/02\\\/Logo-Tradtion-und-Markt-1.webp\",\"width\":240,\"height\":239,\"caption\":\"Tradition und Markt\"},\"image\":{\"@id\":\"https:\\\/\\\/traditionundmarkt.com\\\/ro\\\/#\\\/schema\\\/logo\\\/image\\\/\"},\"sameAs\":[\"https:\\\/\\\/www.facebook.com\\\/Tradition-und-Markt-Franchise-107325457788905\",\"https:\\\/\\\/www.instagram.com\\\/tradition_und_markt\\\/\",\"https:\\\/\\\/www.youtube.com\\\/channel\\\/UCW4qQf3iVy3suXbbHzK5_dw\",\"https:\\\/\\\/www.linkedin.com\\\/company\\\/tradition-und-markt-franchise\\\/\"]}]}<\/script>\n<!-- \/ Yoast SEO plugin. -->","yoast_head_json":{"title":"Not\u0103 Juridic\u0103 &#8226; Tradition und Markt","robots":{"index":"index","follow":"follow","max-snippet":"max-snippet:-1","max-image-preview":"max-image-preview:large","max-video-preview":"max-video-preview:-1"},"canonical":"https:\/\/traditionundmarkt.com\/ro\/nota-juridica\/","og_locale":"ro_RO","og_type":"article","og_title":"Not\u0103 Juridic\u0103 &#8226; Tradition und Markt","og_description":"TraditionundMarkt.com&nbsp;este o ofert\u0103 de la: CTC Tradition and Market SRLCom. Ciugud Sat. Dr\u00e2mbar str. Nicolae Giosan Nr.126 Jud.AlbaJ1\/56\/01\/25\/2012Tel: 0040744399487 Responsabil pentru continut: Cosmin CampeanID TVA: RO 29591894 E-mail: office@traditionundmarkt.com Credit foto Imaginile folosite pe acest site sunt de la:\u2013 a achizi\u021bionat cataloage de imagini AdobeStock\u2013 sau am fost fotografia\u021bi de noi \u00een\u0219ine (CTC Tradition \u0219i [&hellip;]","og_url":"https:\/\/traditionundmarkt.com\/ro\/nota-juridica\/","og_site_name":"Tradition und Markt","article_publisher":"https:\/\/www.facebook.com\/Tradition-und-Markt-Franchise-107325457788905","article_modified_time":"2024-11-22T09:57:29+00:00","twitter_card":"summary_large_image","schema":{"@context":"https:\/\/schema.org","@graph":[{"@type":"WebPage","@id":"https:\/\/traditionundmarkt.com\/ro\/nota-juridica\/","url":"https:\/\/traditionundmarkt.com\/ro\/nota-juridica\/","name":"Not\u0103 Juridic\u0103 &#8226; Tradition und Markt","isPartOf":{"@id":"https:\/\/traditionundmarkt.com\/ro\/#website"},"datePublished":"2023-04-27T06:33:05+00:00","dateModified":"2024-11-22T09:57:29+00:00","breadcrumb":{"@id":"https:\/\/traditionundmarkt.com\/ro\/nota-juridica\/#breadcrumb"},"inLanguage":"ro-RO","potentialAction":[{"@type":"ReadAction","target":["https:\/\/traditionundmarkt.com\/ro\/nota-juridica\/"]}]},{"@type":"BreadcrumbList","@id":"https:\/\/traditionundmarkt.com\/ro\/nota-juridica\/#breadcrumb","itemListElement":[{"@type":"ListItem","position":1,"name":"Startseite","item":"https:\/\/traditionundmarkt.com\/ro\/prima-pagina\/"},{"@type":"ListItem","position":2,"name":"Not\u0103 Juridic\u0103"}]},{"@type":"WebSite","@id":"https:\/\/traditionundmarkt.com\/ro\/#website","url":"https:\/\/traditionundmarkt.com\/ro\/","name":"Tradition und Markt","description":"","publisher":{"@id":"https:\/\/traditionundmarkt.com\/ro\/#organization"},"potentialAction":[{"@type":"SearchAction","target":{"@type":"EntryPoint","urlTemplate":"https:\/\/traditionundmarkt.com\/ro\/?s={search_term_string}"},"query-input":{"@type":"PropertyValueSpecification","valueRequired":true,"valueName":"search_term_string"}}],"inLanguage":"ro-RO"},{"@type":"Organization","@id":"https:\/\/traditionundmarkt.com\/ro\/#organization","name":"Tradition und Markt","url":"https:\/\/traditionundmarkt.com\/ro\/","logo":{"@type":"ImageObject","inLanguage":"ro-RO","@id":"https:\/\/traditionundmarkt.com\/ro\/#\/schema\/logo\/image\/","url":"https:\/\/traditionundmarkt.com\/wp-content\/uploads\/2023\/02\/Logo-Tradtion-und-Markt-1.webp","contentUrl":"https:\/\/traditionundmarkt.com\/wp-content\/uploads\/2023\/02\/Logo-Tradtion-und-Markt-1.webp","width":240,"height":239,"caption":"Tradition und Markt"},"image":{"@id":"https:\/\/traditionundmarkt.com\/ro\/#\/schema\/logo\/image\/"},"sameAs":["https:\/\/www.facebook.com\/Tradition-und-Markt-Franchise-107325457788905","https:\/\/www.instagram.com\/tradition_und_markt\/","https:\/\/www.youtube.com\/channel\/UCW4qQf3iVy3suXbbHzK5_dw","https:\/\/www.linkedin.com\/company\/tradition-und-markt-franchise\/"]}]}},"uagb_featured_image_src":{"full":false,"thumbnail":false,"medium":false,"medium_large":false,"large":false,"1536x1536":false,"2048x2048":false},"uagb_author_info":{"display_name":"ImpactPro","author_link":"https:\/\/traditionundmarkt.com\/ro\/author\/d549d4ea637b0b33\/"},"uagb_comment_info":0,"uagb_excerpt":"TraditionundMarkt.com&nbsp;este o ofert\u0103 de la: CTC Tradition and Market SRLCom. Ciugud Sat. Dr\u00e2mbar str. Nicolae Giosan Nr.126 Jud.AlbaJ1\/56\/01\/25\/2012Tel: 0040744399487 Responsabil pentru continut: Cosmin CampeanID TVA: RO 29591894 E-mail: office@traditionundmarkt.com Credit foto Imaginile folosite pe acest site sunt de la:\u2013 a achizi\u021bionat cataloage de imagini AdobeStock\u2013 sau am fost fotografia\u021bi de noi \u00een\u0219ine (CTC Tradition \u0219i&hellip;","_links":{"self":[{"href":"https:\/\/traditionundmarkt.com\/ro\/wp-json\/wp\/v2\/pages\/1203","targetHints":{"allow":["GET"]}}],"collection":[{"href":"https:\/\/traditionundmarkt.com\/ro\/wp-json\/wp\/v2\/pages"}],"about":[{"href":"https:\/\/traditionundmarkt.com\/ro\/wp-json\/wp\/v2\/types\/page"}],"author":[{"embeddable":true,"href":"https:\/\/traditionundmarkt.com\/ro\/wp-json\/wp\/v2\/users\/1"}],"replies":[{"embeddable":true,"href":"https:\/\/traditionundmarkt.com\/ro\/wp-json\/wp\/v2\/comments?post=1203"}],"version-history":[{"count":3,"href":"https:\/\/traditionundmarkt.com\/ro\/wp-json\/wp\/v2\/pages\/1203\/revisions"}],"predecessor-version":[{"id":4708,"href":"https:\/\/traditionundmarkt.com\/ro\/wp-json\/wp\/v2\/pages\/1203\/revisions\/4708"}],"wp:attachment":[{"href":"https:\/\/traditionundmarkt.com\/ro\/wp-json\/wp\/v2\/media?parent=1203"}],"curies":[{"name":"wp","href":"https:\/\/api.w.org\/{rel}","templated":true}]}}