{"id":4179,"date":"2024-09-24T09:14:57","date_gmt":"2024-09-24T07:14:57","guid":{"rendered":"https:\/\/traditionundmarkt.com\/tradition-und-markt-piata-de-craciun-alba-iulia\/jobs-alba-iulia\/"},"modified":"2024-09-24T09:18:50","modified_gmt":"2024-09-24T07:18:50","slug":"jobs-alba-iulia","status":"publish","type":"page","link":"https:\/\/traditionundmarkt.com\/ro\/tradition-und-markt-piata-de-craciun-alba-iulia\/jobs-alba-iulia\/","title":{"rendered":"Jobs Alba Iulia"},"content":{"rendered":"\n<div class=\"wp-block-uagb-advanced-heading uagb-block-5d866ae3\"><h2 class=\"uagb-heading-text\">Jobs &#8211; Tradition und Markt Alba Iulia<\/h2><\/div>\n\n<div class=\"wp-block-uagb-separator uagb-block-695d4c1f\"><div class=\"uagb-separator-spacing-wrapper\"><div class=\"wp-block-uagb-separator__inner\" style=\"--my-background-image:\"><\/div><\/div><\/div>\n\n<div class=\"wp-block-uagb-container uagb-block-051b1e73 alignfull uagb-is-root-container\"><div class=\"uagb-container-inner-blocks-wrap\">\n<div class=\"wp-block-uagb-container uagb-block-7bf3c488\">\n<p>Stimate coleg(\u0103),<\/p>\n\n\n\n<p>Suntem \u00eenc\u00e2nta\u021bi s\u0103 v\u0103 anun\u021b\u0103m c\u0103 avem locuri libere pentru standurile noastre de gust\u0103ri \u0219i tavern\u0103 la frumoasa Pia\u021b\u0103 de Cr\u0103ciun de la Alba Iulia. V\u0103 oferim oportunit\u0103\u021bi de munc\u0103 temporar\u0103 sau cu norm\u0103 \u00eentreag\u0103 \u00eentr-un mediu de lucru atractiv.<\/p>\n\n\n\n<p>Perioada de angajare este cuprins\u0103 \u00eentre 22 noiembrie \u0219i 7 ianuarie anul acesta, oferindu-v\u0103 o experien\u021b\u0103 de lucru special\u0103 \u00een perioada festiv\u0103 a Cr\u0103ciunului.<\/p>\n\n\n\n<p>Fiind una dintre cele mai frumoase Pie\u021be de Cr\u0103ciun din \u021aara Rom\u00e2neasc\u0103, ave\u021bi ocazia s\u0103 lucra\u021bi \u00eentr-un mediu pitoresc \u0219i fermec\u0103tor. Pia\u021ba de Cr\u0103ciun Tradition und Markt Alba Iulia este cunoscut\u0103 pentru atmosfera sa magic\u0103 \u0219i pentru varietatea de m\u00e2nc\u0103ruri \u0219i b\u0103uturi tradi\u021bionale. <\/p>\n<\/div>\n<\/div><\/div>\n\n<div class=\"wp-block-uagb-container uagb-block-8710843a alignfull uagb-is-root-container\"><div class=\"uagb-container-inner-blocks-wrap\">\n<div class=\"wp-block-uagb-container uagb-block-f86d9027\">\n<p>Dac\u0103 sunte\u021bi interesat \u0219i dori\u021bi s\u0103 face\u021bi parte din echipa noastr\u0103 entuziast\u0103, v\u0103 rug\u0103m s\u0103 aplica\u021bi prin e-mail la <a href=\"mailto:office.alba@traditionundmarkt.com\">office.alba@traditionundmarkt.com<\/a> sau s\u0103 ne contacta\u021bi telefonic la <a href=\"tel:0040744399487\">+40 744 399 487<\/a>. A\u0219tept\u0103m cu ner\u0103bdare s\u0103 primim aplica\u021bia dumneavoastr\u0103 \u0219i s\u0103 discut\u0103m mai multe detalii.<\/p>\n\n\n\n<p>Al\u0103tur\u00e2ndu-v\u0103 echipei noastre, ve\u021bi avea oportunitatea de a interac\u021biona cu oameni noi, de a \u00eenv\u0103\u021ba despre cultura \u0219i tradi\u021biile locale \u0219i de a crea amintiri de neuitat \u00een timpul sezonului festiv.<\/p>\n\n\n\n<p>Nu rata\u021bi ocazia de a face parte dintr-o experien\u021b\u0103 unic\u0103 de Cr\u0103ciun \u00eentr-un loc minunat. A\u0219tept\u0103m cu ner\u0103bdare s\u0103 v\u0103 avem \u00een echipa noastr\u0103!<\/p>\n\n\n\n<p class=\"has-text-align-left\">Cu cele mai bune ur\u0103ri,<\/p>\n\n\n\n<p>Echipa Tradition und Markt Alba Iulia<\/p>\n<\/div>\n<\/div><\/div>\n\n<p><\/p>\n","protected":false},"excerpt":{"rendered":"<p>Jobs &#8211; Tradition und Markt Alba Iulia Stimate coleg(\u0103), Suntem \u00eenc\u00e2nta\u021bi s\u0103 v\u0103 anun\u021b\u0103m c\u0103 avem locuri libere pentru standurile noastre de gust\u0103ri \u0219i tavern\u0103 la frumoasa Pia\u021b\u0103 de Cr\u0103ciun de la Alba Iulia. V\u0103 oferim oportunit\u0103\u021bi de munc\u0103 temporar\u0103 sau cu norm\u0103 \u00eentreag\u0103 \u00eentr-un mediu de lucru atractiv. Perioada de angajare este cuprins\u0103 \u00eentre [&hellip;]<\/p>\n","protected":false},"author":1,"featured_media":0,"parent":4115,"menu_order":0,"comment_status":"closed","ping_status":"closed","template":"","meta":{"_uag_custom_page_level_css":"","site-sidebar-layout":"default","site-content-layout":"","ast-site-content-layout":"default","site-content-style":"default","site-sidebar-style":"default","ast-global-header-display":"","ast-banner-title-visibility":"","ast-main-header-display":"","ast-hfb-above-header-display":"","ast-hfb-below-header-display":"","ast-hfb-mobile-header-display":"","site-post-title":"disabled","ast-breadcrumbs-content":"","ast-featured-img":"","footer-sml-layout":"","ast-disable-related-posts":"","theme-transparent-header-meta":"","adv-header-id-meta":"","stick-header-meta":"","header-above-stick-meta":"","header-main-stick-meta":"","header-below-stick-meta":"","astra-migrate-meta-layouts":"default","ast-page-background-enabled":"default","ast-page-background-meta":{"desktop":{"background-color":"var(--ast-global-color-4)","background-image":"","background-repeat":"repeat","background-position":"center center","background-size":"auto","background-attachment":"scroll","background-type":"","background-media":"","overlay-type":"","overlay-color":"","overlay-opacity":"","overlay-gradient":""},"tablet":{"background-color":"","background-image":"","background-repeat":"repeat","background-position":"center center","background-size":"auto","background-attachment":"scroll","background-type":"","background-media":"","overlay-type":"","overlay-color":"","overlay-opacity":"","overlay-gradient":""},"mobile":{"background-color":"","background-image":"","background-repeat":"repeat","background-position":"center center","background-size":"auto","background-attachment":"scroll","background-type":"","background-media":"","overlay-type":"","overlay-color":"","overlay-opacity":"","overlay-gradient":""}},"ast-content-background-meta":{"desktop":{"background-color":"var(--ast-global-color-5)","background-image":"","background-repeat":"repeat","background-position":"center center","background-size":"auto","background-attachment":"scroll","background-type":"","background-media":"","overlay-type":"","overlay-color":"","overlay-opacity":"","overlay-gradient":""},"tablet":{"background-color":"var(--ast-global-color-5)","background-image":"","background-repeat":"repeat","background-position":"center center","background-size":"auto","background-attachment":"scroll","background-type":"","background-media":"","overlay-type":"","overlay-color":"","overlay-opacity":"","overlay-gradient":""},"mobile":{"background-color":"var(--ast-global-color-5)","background-image":"","background-repeat":"repeat","background-position":"center center","background-size":"auto","background-attachment":"scroll","background-type":"","background-media":"","overlay-type":"","overlay-color":"","overlay-opacity":"","overlay-gradient":""}},"footnotes":""},"class_list":["post-4179","page","type-page","status-publish","hentry"],"yoast_head":"<!-- This site is optimized with the Yoast SEO plugin v27.4 - https:\/\/yoast.com\/product\/yoast-seo-wordpress\/ -->\n<title>Jobs Alba Iulia &#8226; Tradition und Markt<\/title>\n<meta name=\"robots\" content=\"index, follow, max-snippet:-1, max-image-preview:large, max-video-preview:-1\" \/>\n<link rel=\"canonical\" href=\"https:\/\/traditionundmarkt.com\/ro\/tradition-und-markt-piata-de-craciun-alba-iulia\/jobs-alba-iulia\/\" \/>\n<meta property=\"og:locale\" content=\"ro_RO\" \/>\n<meta property=\"og:type\" content=\"article\" \/>\n<meta property=\"og:title\" content=\"Jobs Alba Iulia &#8226; Tradition und Markt\" \/>\n<meta property=\"og:description\" content=\"Jobs &#8211; Tradition und Markt Alba Iulia Stimate coleg(\u0103), Suntem \u00eenc\u00e2nta\u021bi s\u0103 v\u0103 anun\u021b\u0103m c\u0103 avem locuri libere pentru standurile noastre de gust\u0103ri \u0219i tavern\u0103 la frumoasa Pia\u021b\u0103 de Cr\u0103ciun de la Alba Iulia. V\u0103 oferim oportunit\u0103\u021bi de munc\u0103 temporar\u0103 sau cu norm\u0103 \u00eentreag\u0103 \u00eentr-un mediu de lucru atractiv. Perioada de angajare este cuprins\u0103 \u00eentre [&hellip;]\" \/>\n<meta property=\"og:url\" content=\"https:\/\/traditionundmarkt.com\/ro\/tradition-und-markt-piata-de-craciun-alba-iulia\/jobs-alba-iulia\/\" \/>\n<meta property=\"og:site_name\" content=\"Tradition und Markt\" \/>\n<meta property=\"article:publisher\" content=\"https:\/\/www.facebook.com\/Tradition-und-Markt-Franchise-107325457788905\" \/>\n<meta property=\"article:modified_time\" content=\"2024-09-24T07:18:50+00:00\" \/>\n<meta name=\"twitter:card\" content=\"summary_large_image\" \/>\n<script type=\"application\/ld+json\" class=\"yoast-schema-graph\">{\"@context\":\"https:\\\/\\\/schema.org\",\"@graph\":[{\"@type\":\"WebPage\",\"@id\":\"https:\\\/\\\/traditionundmarkt.com\\\/ro\\\/tradition-und-markt-piata-de-craciun-alba-iulia\\\/jobs-alba-iulia\\\/\",\"url\":\"https:\\\/\\\/traditionundmarkt.com\\\/ro\\\/tradition-und-markt-piata-de-craciun-alba-iulia\\\/jobs-alba-iulia\\\/\",\"name\":\"Jobs Alba Iulia &#8226; Tradition und Markt\",\"isPartOf\":{\"@id\":\"https:\\\/\\\/traditionundmarkt.com\\\/ro\\\/#website\"},\"datePublished\":\"2024-09-24T07:14:57+00:00\",\"dateModified\":\"2024-09-24T07:18:50+00:00\",\"breadcrumb\":{\"@id\":\"https:\\\/\\\/traditionundmarkt.com\\\/ro\\\/tradition-und-markt-piata-de-craciun-alba-iulia\\\/jobs-alba-iulia\\\/#breadcrumb\"},\"inLanguage\":\"ro-RO\",\"potentialAction\":[{\"@type\":\"ReadAction\",\"target\":[\"https:\\\/\\\/traditionundmarkt.com\\\/ro\\\/tradition-und-markt-piata-de-craciun-alba-iulia\\\/jobs-alba-iulia\\\/\"]}]},{\"@type\":\"BreadcrumbList\",\"@id\":\"https:\\\/\\\/traditionundmarkt.com\\\/ro\\\/tradition-und-markt-piata-de-craciun-alba-iulia\\\/jobs-alba-iulia\\\/#breadcrumb\",\"itemListElement\":[{\"@type\":\"ListItem\",\"position\":1,\"name\":\"Startseite\",\"item\":\"https:\\\/\\\/traditionundmarkt.com\\\/ro\\\/prima-pagina\\\/\"},{\"@type\":\"ListItem\",\"position\":2,\"name\":\"Tradition und Markt \u0219i Pia\u021ba de Cr\u0103ciun Alba Iulia\",\"item\":\"https:\\\/\\\/traditionundmarkt.com\\\/ro\\\/tradition-und-markt-amp-weihnachtsmarkt-alba-iulia\\\/\"},{\"@type\":\"ListItem\",\"position\":3,\"name\":\"Jobs Alba Iulia\"}]},{\"@type\":\"WebSite\",\"@id\":\"https:\\\/\\\/traditionundmarkt.com\\\/ro\\\/#website\",\"url\":\"https:\\\/\\\/traditionundmarkt.com\\\/ro\\\/\",\"name\":\"Tradition und Markt\",\"description\":\"\",\"publisher\":{\"@id\":\"https:\\\/\\\/traditionundmarkt.com\\\/ro\\\/#organization\"},\"potentialAction\":[{\"@type\":\"SearchAction\",\"target\":{\"@type\":\"EntryPoint\",\"urlTemplate\":\"https:\\\/\\\/traditionundmarkt.com\\\/ro\\\/?s={search_term_string}\"},\"query-input\":{\"@type\":\"PropertyValueSpecification\",\"valueRequired\":true,\"valueName\":\"search_term_string\"}}],\"inLanguage\":\"ro-RO\"},{\"@type\":\"Organization\",\"@id\":\"https:\\\/\\\/traditionundmarkt.com\\\/ro\\\/#organization\",\"name\":\"Tradition und Markt\",\"url\":\"https:\\\/\\\/traditionundmarkt.com\\\/ro\\\/\",\"logo\":{\"@type\":\"ImageObject\",\"inLanguage\":\"ro-RO\",\"@id\":\"https:\\\/\\\/traditionundmarkt.com\\\/ro\\\/#\\\/schema\\\/logo\\\/image\\\/\",\"url\":\"https:\\\/\\\/traditionundmarkt.com\\\/wp-content\\\/uploads\\\/2023\\\/02\\\/Logo-Tradtion-und-Markt-1.webp\",\"contentUrl\":\"https:\\\/\\\/traditionundmarkt.com\\\/wp-content\\\/uploads\\\/2023\\\/02\\\/Logo-Tradtion-und-Markt-1.webp\",\"width\":240,\"height\":239,\"caption\":\"Tradition und Markt\"},\"image\":{\"@id\":\"https:\\\/\\\/traditionundmarkt.com\\\/ro\\\/#\\\/schema\\\/logo\\\/image\\\/\"},\"sameAs\":[\"https:\\\/\\\/www.facebook.com\\\/Tradition-und-Markt-Franchise-107325457788905\",\"https:\\\/\\\/www.instagram.com\\\/tradition_und_markt\\\/\",\"https:\\\/\\\/www.youtube.com\\\/channel\\\/UCW4qQf3iVy3suXbbHzK5_dw\",\"https:\\\/\\\/www.linkedin.com\\\/company\\\/tradition-und-markt-franchise\\\/\"]}]}<\/script>\n<!-- \/ Yoast SEO plugin. -->","yoast_head_json":{"title":"Jobs Alba Iulia &#8226; Tradition und Markt","robots":{"index":"index","follow":"follow","max-snippet":"max-snippet:-1","max-image-preview":"max-image-preview:large","max-video-preview":"max-video-preview:-1"},"canonical":"https:\/\/traditionundmarkt.com\/ro\/tradition-und-markt-piata-de-craciun-alba-iulia\/jobs-alba-iulia\/","og_locale":"ro_RO","og_type":"article","og_title":"Jobs Alba Iulia &#8226; Tradition und Markt","og_description":"Jobs &#8211; Tradition und Markt Alba Iulia Stimate coleg(\u0103), Suntem \u00eenc\u00e2nta\u021bi s\u0103 v\u0103 anun\u021b\u0103m c\u0103 avem locuri libere pentru standurile noastre de gust\u0103ri \u0219i tavern\u0103 la frumoasa Pia\u021b\u0103 de Cr\u0103ciun de la Alba Iulia. V\u0103 oferim oportunit\u0103\u021bi de munc\u0103 temporar\u0103 sau cu norm\u0103 \u00eentreag\u0103 \u00eentr-un mediu de lucru atractiv. Perioada de angajare este cuprins\u0103 \u00eentre [&hellip;]","og_url":"https:\/\/traditionundmarkt.com\/ro\/tradition-und-markt-piata-de-craciun-alba-iulia\/jobs-alba-iulia\/","og_site_name":"Tradition und Markt","article_publisher":"https:\/\/www.facebook.com\/Tradition-und-Markt-Franchise-107325457788905","article_modified_time":"2024-09-24T07:18:50+00:00","twitter_card":"summary_large_image","schema":{"@context":"https:\/\/schema.org","@graph":[{"@type":"WebPage","@id":"https:\/\/traditionundmarkt.com\/ro\/tradition-und-markt-piata-de-craciun-alba-iulia\/jobs-alba-iulia\/","url":"https:\/\/traditionundmarkt.com\/ro\/tradition-und-markt-piata-de-craciun-alba-iulia\/jobs-alba-iulia\/","name":"Jobs Alba Iulia &#8226; Tradition und Markt","isPartOf":{"@id":"https:\/\/traditionundmarkt.com\/ro\/#website"},"datePublished":"2024-09-24T07:14:57+00:00","dateModified":"2024-09-24T07:18:50+00:00","breadcrumb":{"@id":"https:\/\/traditionundmarkt.com\/ro\/tradition-und-markt-piata-de-craciun-alba-iulia\/jobs-alba-iulia\/#breadcrumb"},"inLanguage":"ro-RO","potentialAction":[{"@type":"ReadAction","target":["https:\/\/traditionundmarkt.com\/ro\/tradition-und-markt-piata-de-craciun-alba-iulia\/jobs-alba-iulia\/"]}]},{"@type":"BreadcrumbList","@id":"https:\/\/traditionundmarkt.com\/ro\/tradition-und-markt-piata-de-craciun-alba-iulia\/jobs-alba-iulia\/#breadcrumb","itemListElement":[{"@type":"ListItem","position":1,"name":"Startseite","item":"https:\/\/traditionundmarkt.com\/ro\/prima-pagina\/"},{"@type":"ListItem","position":2,"name":"Tradition und Markt \u0219i Pia\u021ba de Cr\u0103ciun Alba Iulia","item":"https:\/\/traditionundmarkt.com\/ro\/tradition-und-markt-amp-weihnachtsmarkt-alba-iulia\/"},{"@type":"ListItem","position":3,"name":"Jobs Alba Iulia"}]},{"@type":"WebSite","@id":"https:\/\/traditionundmarkt.com\/ro\/#website","url":"https:\/\/traditionundmarkt.com\/ro\/","name":"Tradition und Markt","description":"","publisher":{"@id":"https:\/\/traditionundmarkt.com\/ro\/#organization"},"potentialAction":[{"@type":"SearchAction","target":{"@type":"EntryPoint","urlTemplate":"https:\/\/traditionundmarkt.com\/ro\/?s={search_term_string}"},"query-input":{"@type":"PropertyValueSpecification","valueRequired":true,"valueName":"search_term_string"}}],"inLanguage":"ro-RO"},{"@type":"Organization","@id":"https:\/\/traditionundmarkt.com\/ro\/#organization","name":"Tradition und Markt","url":"https:\/\/traditionundmarkt.com\/ro\/","logo":{"@type":"ImageObject","inLanguage":"ro-RO","@id":"https:\/\/traditionundmarkt.com\/ro\/#\/schema\/logo\/image\/","url":"https:\/\/traditionundmarkt.com\/wp-content\/uploads\/2023\/02\/Logo-Tradtion-und-Markt-1.webp","contentUrl":"https:\/\/traditionundmarkt.com\/wp-content\/uploads\/2023\/02\/Logo-Tradtion-und-Markt-1.webp","width":240,"height":239,"caption":"Tradition und Markt"},"image":{"@id":"https:\/\/traditionundmarkt.com\/ro\/#\/schema\/logo\/image\/"},"sameAs":["https:\/\/www.facebook.com\/Tradition-und-Markt-Franchise-107325457788905","https:\/\/www.instagram.com\/tradition_und_markt\/","https:\/\/www.youtube.com\/channel\/UCW4qQf3iVy3suXbbHzK5_dw","https:\/\/www.linkedin.com\/company\/tradition-und-markt-franchise\/"]}]}},"uagb_featured_image_src":{"full":false,"thumbnail":false,"medium":false,"medium_large":false,"large":false,"1536x1536":false,"2048x2048":false},"uagb_author_info":{"display_name":"ImpactPro","author_link":"https:\/\/traditionundmarkt.com\/ro\/author\/d549d4ea637b0b33\/"},"uagb_comment_info":0,"uagb_excerpt":"Jobs &#8211; Tradition und Markt Alba Iulia Stimate coleg(\u0103), Suntem \u00eenc\u00e2nta\u021bi s\u0103 v\u0103 anun\u021b\u0103m c\u0103 avem locuri libere pentru standurile noastre de gust\u0103ri \u0219i tavern\u0103 la frumoasa Pia\u021b\u0103 de Cr\u0103ciun de la Alba Iulia. V\u0103 oferim oportunit\u0103\u021bi de munc\u0103 temporar\u0103 sau cu norm\u0103 \u00eentreag\u0103 \u00eentr-un mediu de lucru atractiv. Perioada de angajare este cuprins\u0103 \u00eentre&hellip;","_links":{"self":[{"href":"https:\/\/traditionundmarkt.com\/ro\/wp-json\/wp\/v2\/pages\/4179","targetHints":{"allow":["GET"]}}],"collection":[{"href":"https:\/\/traditionundmarkt.com\/ro\/wp-json\/wp\/v2\/pages"}],"about":[{"href":"https:\/\/traditionundmarkt.com\/ro\/wp-json\/wp\/v2\/types\/page"}],"author":[{"embeddable":true,"href":"https:\/\/traditionundmarkt.com\/ro\/wp-json\/wp\/v2\/users\/1"}],"replies":[{"embeddable":true,"href":"https:\/\/traditionundmarkt.com\/ro\/wp-json\/wp\/v2\/comments?post=4179"}],"version-history":[{"count":1,"href":"https:\/\/traditionundmarkt.com\/ro\/wp-json\/wp\/v2\/pages\/4179\/revisions"}],"predecessor-version":[{"id":4180,"href":"https:\/\/traditionundmarkt.com\/ro\/wp-json\/wp\/v2\/pages\/4179\/revisions\/4180"}],"up":[{"embeddable":true,"href":"https:\/\/traditionundmarkt.com\/ro\/wp-json\/wp\/v2\/pages\/4115"}],"wp:attachment":[{"href":"https:\/\/traditionundmarkt.com\/ro\/wp-json\/wp\/v2\/media?parent=4179"}],"curies":[{"name":"wp","href":"https:\/\/api.w.org\/{rel}","templated":true}]}}