{"id":5448,"date":"2025-09-04T11:45:28","date_gmt":"2025-09-04T09:45:28","guid":{"rendered":"https:\/\/traditionundmarkt.com\/jobs-eschweiler\/"},"modified":"2025-09-06T11:50:50","modified_gmt":"2025-09-06T09:50:50","slug":"jobs-eschweiler","status":"publish","type":"page","link":"https:\/\/traditionundmarkt.com\/ro\/piata-de-craciun-adventsdorf-eschweiler\/jobs-eschweiler\/","title":{"rendered":"Jobs Eschweiler"},"content":{"rendered":"\n<div class=\"wp-block-uagb-advanced-heading uagb-block-9e1dc364\"><h2 class=\"uagb-heading-text\">Jobs &#8211; Tradition und Markt Eschweiler<\/h2><\/div>\n\n<div class=\"wp-block-uagb-separator uagb-block-00e9e35b\"><div class=\"wp-block-uagb-separator__inner\" style=\"--my-background-image:\"><\/div><\/div>\n\n<div class=\"wp-block-uagb-container uagb-block-a3b6540f alignfull uagb-is-root-container\"><div class=\"uagb-container-inner-blocks-wrap\">\n<div class=\"wp-block-uagb-container uagb-block-7f4d1305\">\n<p>Dragi Colegi,<\/p>\n\n\n\n<p>Ne bucur\u0103m s\u0103 v\u0103 inform\u0103m c\u0103 avem deschise pozi\u021bii de angajare pentru standurile noastre de gust\u0103ri \u0219i taverna \u00een frumosul T\u00e2rg de Cr\u0103ciun Tradition und Markt Eschweiler. Oferim oportunit\u0103\u021bi de munc\u0103 temporar\u0103 sau cu norm\u0103 \u00eentreag\u0103 \u00eentr-un mediu de lucru atractiv. Perioada de angajare este din data de 10 noiembrie p\u00e2n\u0103 \u00een 23 decembrie a acestui an, oferindu-v\u0103 astfel o experien\u021b\u0103 de lucru deosebit\u0103 \u00een perioada festiv\u0103 a Cr\u0103ciunului.<\/p>\n\n\n\n<p>Av\u00e2nd \u00een vedere c\u0103 ne afl\u0103m \u00een una dintre cele mai frumoase pie\u021be de Cr\u0103ciun din Germania, ave\u021bi ocazia s\u0103 lucra\u021bi \u00eentr-un cadru pitoresc \u0219i plin de farmec. Pia\u021ba de Cr\u0103ciun Tradition und Markt Eschweiler este recunoscut\u0103 pentru atmosfera sa magic\u0103 \u0219i pentru varietatea ofertelor de m\u00e2ncare \u0219i b\u0103uturi tradi\u021bionale.<\/p>\n<\/div>\n\n\n\n<div class=\"wp-block-uagb-container uagb-block-6b205d77\">\n<div class=\"wp-block-uagb-image aligncenter uagb-block-42d731cb wp-block-uagb-image--layout-default wp-block-uagb-image--effect-zoomin wp-block-uagb-image--align-center\"><figure class=\"wp-block-uagb-image__figure\"><img loading=\"lazy\" decoding=\"async\" srcset=\"https:\/\/traditionundmarkt.com\/wp-content\/uploads\/2023\/02\/Tradition-und-markt-21-1024x768.webp\n \" sizes=\"auto, (max-width: 480px) 150px\" src=\"https:\/\/traditionundmarkt.com\/wp-content\/uploads\/2023\/02\/Tradition-und-markt-21-1024x768.webp\" alt=\"\" class=\"uag-image-445\" width=\"1024\" height=\"768\" title=\"\" loading=\"lazy\" role=\"img\"><\/figure><\/div>\n<\/div>\n<\/div><\/div>\n\n<div class=\"wp-block-uagb-container uagb-block-d960906f alignfull uagb-is-root-container\"><div class=\"uagb-container-inner-blocks-wrap\">\n<div class=\"wp-block-uagb-container uagb-block-86f62ba5\">\n<div class=\"wp-block-uagb-image uagb-block-66f82e21 wp-block-uagb-image--layout-default wp-block-uagb-image--effect-zoomin wp-block-uagb-image--align-none\"><figure class=\"wp-block-uagb-image__figure\"><img loading=\"lazy\" decoding=\"async\" srcset=\"https:\/\/traditionundmarkt.com\/wp-content\/uploads\/2023\/02\/Tradition-und-markt-20-1024x768.webp ,https:\/\/traditionundmarkt.com\/wp-content\/uploads\/2023\/02\/Tradition-und-markt-20-1024x768.webp 780w\" sizes=\"auto, (max-width: 480px) 150px\" src=\"https:\/\/traditionundmarkt.com\/wp-content\/uploads\/2023\/02\/Tradition-und-markt-20-1024x768.webp\" alt=\"\" class=\"uag-image-427\" width=\"1024\" height=\"768\" title=\"\" loading=\"lazy\" role=\"img\"><\/figure><\/div>\n<\/div>\n\n\n\n<div class=\"wp-block-uagb-container uagb-block-bbe54f44\">\n<p>Dac\u0103 sunte\u021bi interesat \u0219i dori\u021bi s\u0103 face\u021bi parte din echipa noastr\u0103 entuziast\u0103, v\u0103 rug\u0103m s\u0103 aplica\u021bi prin e-mail la <a href=\"mailto:adventsdorf.eschweiler@traditionundmarkt.com\" target=\"_blank\" rel=\"noreferrer noopener\">adventsdorf.eschweiler@traditionundmarkt.com<\/a> sau s\u0103 ne contacta\u021bi prin telefon la <a href=\"tel:00491777163377\" target=\"_blank\" rel=\"noreferrer noopener\">00491777163377.<\/a> A\u0219tept\u0103m cu ner\u0103bdare s\u0103 primim aplica\u021bia dumneavoastr\u0103 \u0219i s\u0103 discut\u0103m mai multe detalii.<\/p>\n\n\n\n<p>Al\u0103tur\u00e2ndu-v\u0103 echipei noastre, ve\u021bi avea \u0219ansa s\u0103 interac\u021biona\u021bi cu oameni noi, s\u0103 \u00eenv\u0103\u021ba\u021bi despre cultura \u0219i tradi\u021biile locale \u0219i s\u0103 crea\u021bi amintiri de neuitat \u00een timpul sezonului festiv.<\/p>\n\n\n\n<p>Nu rata\u021bi ocazia de a face parte dintr-o experien\u021b\u0103 de Cr\u0103ciun unic\u0103 \u00eentr-un loc minunat. A\u0219tept\u0103m cu ner\u0103bdare s\u0103 face\u021bi parte din echipa noastr\u0103!<\/p>\n\n\n\n<p class=\"has-text-align-left\">Cu cele mai bune ur\u0103ri,<\/p>\n\n\n\n<p class=\"has-text-align-left\">Echipa Tradition und Markt Eschweiler<\/p>\n<\/div>\n<\/div><\/div>\n\n<p><\/p>\n","protected":false},"excerpt":{"rendered":"<p>Jobs &#8211; Tradition und Markt Eschweiler Dragi Colegi, Ne bucur\u0103m s\u0103 v\u0103 inform\u0103m c\u0103 avem deschise pozi\u021bii de angajare pentru standurile noastre de gust\u0103ri \u0219i taverna \u00een frumosul T\u00e2rg de Cr\u0103ciun Tradition und Markt Eschweiler. Oferim oportunit\u0103\u021bi de munc\u0103 temporar\u0103 sau cu norm\u0103 \u00eentreag\u0103 \u00eentr-un mediu de lucru atractiv. Perioada de angajare este din data [&hellip;]<\/p>\n","protected":false},"author":1,"featured_media":0,"parent":5557,"menu_order":0,"comment_status":"closed","ping_status":"closed","template":"","meta":{"_uag_custom_page_level_css":"","site-sidebar-layout":"default","site-content-layout":"","ast-site-content-layout":"default","site-content-style":"default","site-sidebar-style":"default","ast-global-header-display":"","ast-banner-title-visibility":"","ast-main-header-display":"","ast-hfb-above-header-display":"","ast-hfb-below-header-display":"","ast-hfb-mobile-header-display":"","site-post-title":"disabled","ast-breadcrumbs-content":"","ast-featured-img":"","footer-sml-layout":"","ast-disable-related-posts":"","theme-transparent-header-meta":"","adv-header-id-meta":"","stick-header-meta":"","header-above-stick-meta":"","header-main-stick-meta":"","header-below-stick-meta":"","astra-migrate-meta-layouts":"default","ast-page-background-enabled":"default","ast-page-background-meta":{"desktop":{"background-color":"var(--ast-global-color-4)","background-image":"","background-repeat":"repeat","background-position":"center center","background-size":"auto","background-attachment":"scroll","background-type":"","background-media":"","overlay-type":"","overlay-color":"","overlay-opacity":"","overlay-gradient":""},"tablet":{"background-color":"","background-image":"","background-repeat":"repeat","background-position":"center center","background-size":"auto","background-attachment":"scroll","background-type":"","background-media":"","overlay-type":"","overlay-color":"","overlay-opacity":"","overlay-gradient":""},"mobile":{"background-color":"","background-image":"","background-repeat":"repeat","background-position":"center center","background-size":"auto","background-attachment":"scroll","background-type":"","background-media":"","overlay-type":"","overlay-color":"","overlay-opacity":"","overlay-gradient":""}},"ast-content-background-meta":{"desktop":{"background-color":"var(--ast-global-color-5)","background-image":"","background-repeat":"repeat","background-position":"center center","background-size":"auto","background-attachment":"scroll","background-type":"","background-media":"","overlay-type":"","overlay-color":"","overlay-opacity":"","overlay-gradient":""},"tablet":{"background-color":"var(--ast-global-color-5)","background-image":"","background-repeat":"repeat","background-position":"center center","background-size":"auto","background-attachment":"scroll","background-type":"","background-media":"","overlay-type":"","overlay-color":"","overlay-opacity":"","overlay-gradient":""},"mobile":{"background-color":"var(--ast-global-color-5)","background-image":"","background-repeat":"repeat","background-position":"center center","background-size":"auto","background-attachment":"scroll","background-type":"","background-media":"","overlay-type":"","overlay-color":"","overlay-opacity":"","overlay-gradient":""}},"footnotes":""},"class_list":["post-5448","page","type-page","status-publish","hentry"],"yoast_head":"<!-- This site is optimized with the Yoast SEO plugin v27.4 - https:\/\/yoast.com\/product\/yoast-seo-wordpress\/ -->\n<title>Jobs Eschweiler &#8226; Tradition und Markt<\/title>\n<meta name=\"robots\" content=\"index, follow, max-snippet:-1, max-image-preview:large, max-video-preview:-1\" \/>\n<link rel=\"canonical\" href=\"https:\/\/traditionundmarkt.com\/ro\/piata-de-craciun-adventsdorf-eschweiler\/jobs-eschweiler\/\" \/>\n<meta property=\"og:locale\" content=\"ro_RO\" \/>\n<meta property=\"og:type\" content=\"article\" \/>\n<meta property=\"og:title\" content=\"Jobs Eschweiler &#8226; Tradition und Markt\" \/>\n<meta property=\"og:description\" content=\"Jobs &#8211; Tradition und Markt Eschweiler Dragi Colegi, Ne bucur\u0103m s\u0103 v\u0103 inform\u0103m c\u0103 avem deschise pozi\u021bii de angajare pentru standurile noastre de gust\u0103ri \u0219i taverna \u00een frumosul T\u00e2rg de Cr\u0103ciun Tradition und Markt Eschweiler. Oferim oportunit\u0103\u021bi de munc\u0103 temporar\u0103 sau cu norm\u0103 \u00eentreag\u0103 \u00eentr-un mediu de lucru atractiv. Perioada de angajare este din data [&hellip;]\" \/>\n<meta property=\"og:url\" content=\"https:\/\/traditionundmarkt.com\/ro\/piata-de-craciun-adventsdorf-eschweiler\/jobs-eschweiler\/\" \/>\n<meta property=\"og:site_name\" content=\"Tradition und Markt\" \/>\n<meta property=\"article:publisher\" content=\"https:\/\/www.facebook.com\/Tradition-und-Markt-Franchise-107325457788905\" \/>\n<meta property=\"article:modified_time\" content=\"2025-09-06T09:50:50+00:00\" \/>\n<meta property=\"og:image\" content=\"https:\/\/traditionundmarkt.com\/wp-content\/uploads\/2023\/02\/Tradition-und-markt-21-1024x768.webp\" \/>\n<meta name=\"twitter:card\" content=\"summary_large_image\" \/>\n<script type=\"application\/ld+json\" class=\"yoast-schema-graph\">{\"@context\":\"https:\\\/\\\/schema.org\",\"@graph\":[{\"@type\":\"WebPage\",\"@id\":\"https:\\\/\\\/traditionundmarkt.com\\\/ro\\\/piata-de-craciun-adventsdorf-eschweiler\\\/jobs-eschweiler\\\/\",\"url\":\"https:\\\/\\\/traditionundmarkt.com\\\/ro\\\/piata-de-craciun-adventsdorf-eschweiler\\\/jobs-eschweiler\\\/\",\"name\":\"Jobs Eschweiler &#8226; Tradition und Markt\",\"isPartOf\":{\"@id\":\"https:\\\/\\\/traditionundmarkt.com\\\/ro\\\/#website\"},\"primaryImageOfPage\":{\"@id\":\"https:\\\/\\\/traditionundmarkt.com\\\/ro\\\/piata-de-craciun-adventsdorf-eschweiler\\\/jobs-eschweiler\\\/#primaryimage\"},\"image\":{\"@id\":\"https:\\\/\\\/traditionundmarkt.com\\\/ro\\\/piata-de-craciun-adventsdorf-eschweiler\\\/jobs-eschweiler\\\/#primaryimage\"},\"thumbnailUrl\":\"https:\\\/\\\/traditionundmarkt.com\\\/wp-content\\\/uploads\\\/2023\\\/02\\\/Tradition-und-markt-21-1024x768.webp\",\"datePublished\":\"2025-09-04T09:45:28+00:00\",\"dateModified\":\"2025-09-06T09:50:50+00:00\",\"breadcrumb\":{\"@id\":\"https:\\\/\\\/traditionundmarkt.com\\\/ro\\\/piata-de-craciun-adventsdorf-eschweiler\\\/jobs-eschweiler\\\/#breadcrumb\"},\"inLanguage\":\"ro-RO\",\"potentialAction\":[{\"@type\":\"ReadAction\",\"target\":[\"https:\\\/\\\/traditionundmarkt.com\\\/ro\\\/piata-de-craciun-adventsdorf-eschweiler\\\/jobs-eschweiler\\\/\"]}]},{\"@type\":\"ImageObject\",\"inLanguage\":\"ro-RO\",\"@id\":\"https:\\\/\\\/traditionundmarkt.com\\\/ro\\\/piata-de-craciun-adventsdorf-eschweiler\\\/jobs-eschweiler\\\/#primaryimage\",\"url\":\"https:\\\/\\\/traditionundmarkt.com\\\/wp-content\\\/uploads\\\/2023\\\/02\\\/Tradition-und-markt-21-1024x768.webp\",\"contentUrl\":\"https:\\\/\\\/traditionundmarkt.com\\\/wp-content\\\/uploads\\\/2023\\\/02\\\/Tradition-und-markt-21-1024x768.webp\"},{\"@type\":\"BreadcrumbList\",\"@id\":\"https:\\\/\\\/traditionundmarkt.com\\\/ro\\\/piata-de-craciun-adventsdorf-eschweiler\\\/jobs-eschweiler\\\/#breadcrumb\",\"itemListElement\":[{\"@type\":\"ListItem\",\"position\":1,\"name\":\"Startseite\",\"item\":\"https:\\\/\\\/traditionundmarkt.com\\\/ro\\\/prima-pagina\\\/\"},{\"@type\":\"ListItem\",\"position\":2,\"name\":\"Pia\u021ba de Cr\u0103ciun Adventsdorf Eschweiler\",\"item\":\"https:\\\/\\\/traditionundmarkt.com\\\/ro\\\/piata-de-craciun-adventsdorf-eschweiler\\\/\"},{\"@type\":\"ListItem\",\"position\":3,\"name\":\"Jobs Eschweiler\"}]},{\"@type\":\"WebSite\",\"@id\":\"https:\\\/\\\/traditionundmarkt.com\\\/ro\\\/#website\",\"url\":\"https:\\\/\\\/traditionundmarkt.com\\\/ro\\\/\",\"name\":\"Tradition und Markt\",\"description\":\"\",\"publisher\":{\"@id\":\"https:\\\/\\\/traditionundmarkt.com\\\/ro\\\/#organization\"},\"potentialAction\":[{\"@type\":\"SearchAction\",\"target\":{\"@type\":\"EntryPoint\",\"urlTemplate\":\"https:\\\/\\\/traditionundmarkt.com\\\/ro\\\/?s={search_term_string}\"},\"query-input\":{\"@type\":\"PropertyValueSpecification\",\"valueRequired\":true,\"valueName\":\"search_term_string\"}}],\"inLanguage\":\"ro-RO\"},{\"@type\":\"Organization\",\"@id\":\"https:\\\/\\\/traditionundmarkt.com\\\/ro\\\/#organization\",\"name\":\"Tradition und Markt\",\"url\":\"https:\\\/\\\/traditionundmarkt.com\\\/ro\\\/\",\"logo\":{\"@type\":\"ImageObject\",\"inLanguage\":\"ro-RO\",\"@id\":\"https:\\\/\\\/traditionundmarkt.com\\\/ro\\\/#\\\/schema\\\/logo\\\/image\\\/\",\"url\":\"https:\\\/\\\/traditionundmarkt.com\\\/wp-content\\\/uploads\\\/2023\\\/02\\\/Logo-Tradtion-und-Markt-1.webp\",\"contentUrl\":\"https:\\\/\\\/traditionundmarkt.com\\\/wp-content\\\/uploads\\\/2023\\\/02\\\/Logo-Tradtion-und-Markt-1.webp\",\"width\":240,\"height\":239,\"caption\":\"Tradition und Markt\"},\"image\":{\"@id\":\"https:\\\/\\\/traditionundmarkt.com\\\/ro\\\/#\\\/schema\\\/logo\\\/image\\\/\"},\"sameAs\":[\"https:\\\/\\\/www.facebook.com\\\/Tradition-und-Markt-Franchise-107325457788905\",\"https:\\\/\\\/www.instagram.com\\\/tradition_und_markt\\\/\",\"https:\\\/\\\/www.youtube.com\\\/channel\\\/UCW4qQf3iVy3suXbbHzK5_dw\",\"https:\\\/\\\/www.linkedin.com\\\/company\\\/tradition-und-markt-franchise\\\/\"]}]}<\/script>\n<!-- \/ Yoast SEO plugin. -->","yoast_head_json":{"title":"Jobs Eschweiler &#8226; Tradition und Markt","robots":{"index":"index","follow":"follow","max-snippet":"max-snippet:-1","max-image-preview":"max-image-preview:large","max-video-preview":"max-video-preview:-1"},"canonical":"https:\/\/traditionundmarkt.com\/ro\/piata-de-craciun-adventsdorf-eschweiler\/jobs-eschweiler\/","og_locale":"ro_RO","og_type":"article","og_title":"Jobs Eschweiler &#8226; Tradition und Markt","og_description":"Jobs &#8211; Tradition und Markt Eschweiler Dragi Colegi, Ne bucur\u0103m s\u0103 v\u0103 inform\u0103m c\u0103 avem deschise pozi\u021bii de angajare pentru standurile noastre de gust\u0103ri \u0219i taverna \u00een frumosul T\u00e2rg de Cr\u0103ciun Tradition und Markt Eschweiler. Oferim oportunit\u0103\u021bi de munc\u0103 temporar\u0103 sau cu norm\u0103 \u00eentreag\u0103 \u00eentr-un mediu de lucru atractiv. Perioada de angajare este din data [&hellip;]","og_url":"https:\/\/traditionundmarkt.com\/ro\/piata-de-craciun-adventsdorf-eschweiler\/jobs-eschweiler\/","og_site_name":"Tradition und Markt","article_publisher":"https:\/\/www.facebook.com\/Tradition-und-Markt-Franchise-107325457788905","article_modified_time":"2025-09-06T09:50:50+00:00","og_image":[{"url":"https:\/\/traditionundmarkt.com\/wp-content\/uploads\/2023\/02\/Tradition-und-markt-21-1024x768.webp","type":"","width":"","height":""}],"twitter_card":"summary_large_image","schema":{"@context":"https:\/\/schema.org","@graph":[{"@type":"WebPage","@id":"https:\/\/traditionundmarkt.com\/ro\/piata-de-craciun-adventsdorf-eschweiler\/jobs-eschweiler\/","url":"https:\/\/traditionundmarkt.com\/ro\/piata-de-craciun-adventsdorf-eschweiler\/jobs-eschweiler\/","name":"Jobs Eschweiler &#8226; Tradition und Markt","isPartOf":{"@id":"https:\/\/traditionundmarkt.com\/ro\/#website"},"primaryImageOfPage":{"@id":"https:\/\/traditionundmarkt.com\/ro\/piata-de-craciun-adventsdorf-eschweiler\/jobs-eschweiler\/#primaryimage"},"image":{"@id":"https:\/\/traditionundmarkt.com\/ro\/piata-de-craciun-adventsdorf-eschweiler\/jobs-eschweiler\/#primaryimage"},"thumbnailUrl":"https:\/\/traditionundmarkt.com\/wp-content\/uploads\/2023\/02\/Tradition-und-markt-21-1024x768.webp","datePublished":"2025-09-04T09:45:28+00:00","dateModified":"2025-09-06T09:50:50+00:00","breadcrumb":{"@id":"https:\/\/traditionundmarkt.com\/ro\/piata-de-craciun-adventsdorf-eschweiler\/jobs-eschweiler\/#breadcrumb"},"inLanguage":"ro-RO","potentialAction":[{"@type":"ReadAction","target":["https:\/\/traditionundmarkt.com\/ro\/piata-de-craciun-adventsdorf-eschweiler\/jobs-eschweiler\/"]}]},{"@type":"ImageObject","inLanguage":"ro-RO","@id":"https:\/\/traditionundmarkt.com\/ro\/piata-de-craciun-adventsdorf-eschweiler\/jobs-eschweiler\/#primaryimage","url":"https:\/\/traditionundmarkt.com\/wp-content\/uploads\/2023\/02\/Tradition-und-markt-21-1024x768.webp","contentUrl":"https:\/\/traditionundmarkt.com\/wp-content\/uploads\/2023\/02\/Tradition-und-markt-21-1024x768.webp"},{"@type":"BreadcrumbList","@id":"https:\/\/traditionundmarkt.com\/ro\/piata-de-craciun-adventsdorf-eschweiler\/jobs-eschweiler\/#breadcrumb","itemListElement":[{"@type":"ListItem","position":1,"name":"Startseite","item":"https:\/\/traditionundmarkt.com\/ro\/prima-pagina\/"},{"@type":"ListItem","position":2,"name":"Pia\u021ba de Cr\u0103ciun Adventsdorf Eschweiler","item":"https:\/\/traditionundmarkt.com\/ro\/piata-de-craciun-adventsdorf-eschweiler\/"},{"@type":"ListItem","position":3,"name":"Jobs Eschweiler"}]},{"@type":"WebSite","@id":"https:\/\/traditionundmarkt.com\/ro\/#website","url":"https:\/\/traditionundmarkt.com\/ro\/","name":"Tradition und Markt","description":"","publisher":{"@id":"https:\/\/traditionundmarkt.com\/ro\/#organization"},"potentialAction":[{"@type":"SearchAction","target":{"@type":"EntryPoint","urlTemplate":"https:\/\/traditionundmarkt.com\/ro\/?s={search_term_string}"},"query-input":{"@type":"PropertyValueSpecification","valueRequired":true,"valueName":"search_term_string"}}],"inLanguage":"ro-RO"},{"@type":"Organization","@id":"https:\/\/traditionundmarkt.com\/ro\/#organization","name":"Tradition und Markt","url":"https:\/\/traditionundmarkt.com\/ro\/","logo":{"@type":"ImageObject","inLanguage":"ro-RO","@id":"https:\/\/traditionundmarkt.com\/ro\/#\/schema\/logo\/image\/","url":"https:\/\/traditionundmarkt.com\/wp-content\/uploads\/2023\/02\/Logo-Tradtion-und-Markt-1.webp","contentUrl":"https:\/\/traditionundmarkt.com\/wp-content\/uploads\/2023\/02\/Logo-Tradtion-und-Markt-1.webp","width":240,"height":239,"caption":"Tradition und Markt"},"image":{"@id":"https:\/\/traditionundmarkt.com\/ro\/#\/schema\/logo\/image\/"},"sameAs":["https:\/\/www.facebook.com\/Tradition-und-Markt-Franchise-107325457788905","https:\/\/www.instagram.com\/tradition_und_markt\/","https:\/\/www.youtube.com\/channel\/UCW4qQf3iVy3suXbbHzK5_dw","https:\/\/www.linkedin.com\/company\/tradition-und-markt-franchise\/"]}]}},"uagb_featured_image_src":{"full":false,"thumbnail":false,"medium":false,"medium_large":false,"large":false,"1536x1536":false,"2048x2048":false},"uagb_author_info":{"display_name":"ImpactPro","author_link":"https:\/\/traditionundmarkt.com\/ro\/author\/d549d4ea637b0b33\/"},"uagb_comment_info":0,"uagb_excerpt":"Jobs &#8211; Tradition und Markt Eschweiler Dragi Colegi, Ne bucur\u0103m s\u0103 v\u0103 inform\u0103m c\u0103 avem deschise pozi\u021bii de angajare pentru standurile noastre de gust\u0103ri \u0219i taverna \u00een frumosul T\u00e2rg de Cr\u0103ciun Tradition und Markt Eschweiler. Oferim oportunit\u0103\u021bi de munc\u0103 temporar\u0103 sau cu norm\u0103 \u00eentreag\u0103 \u00eentr-un mediu de lucru atractiv. Perioada de angajare este din data&hellip;","_links":{"self":[{"href":"https:\/\/traditionundmarkt.com\/ro\/wp-json\/wp\/v2\/pages\/5448","targetHints":{"allow":["GET"]}}],"collection":[{"href":"https:\/\/traditionundmarkt.com\/ro\/wp-json\/wp\/v2\/pages"}],"about":[{"href":"https:\/\/traditionundmarkt.com\/ro\/wp-json\/wp\/v2\/types\/page"}],"author":[{"embeddable":true,"href":"https:\/\/traditionundmarkt.com\/ro\/wp-json\/wp\/v2\/users\/1"}],"replies":[{"embeddable":true,"href":"https:\/\/traditionundmarkt.com\/ro\/wp-json\/wp\/v2\/comments?post=5448"}],"version-history":[{"count":2,"href":"https:\/\/traditionundmarkt.com\/ro\/wp-json\/wp\/v2\/pages\/5448\/revisions"}],"predecessor-version":[{"id":5671,"href":"https:\/\/traditionundmarkt.com\/ro\/wp-json\/wp\/v2\/pages\/5448\/revisions\/5671"}],"up":[{"embeddable":true,"href":"https:\/\/traditionundmarkt.com\/ro\/wp-json\/wp\/v2\/pages\/5557"}],"wp:attachment":[{"href":"https:\/\/traditionundmarkt.com\/ro\/wp-json\/wp\/v2\/media?parent=5448"}],"curies":[{"name":"wp","href":"https:\/\/api.w.org\/{rel}","templated":true}]}}