{"id":1197,"date":"2023-04-27T08:02:14","date_gmt":"2023-04-27T08:02:14","guid":{"rendered":"https:\/\/traditionundmarkt.com\/?page_id=1197"},"modified":"2023-04-27T08:17:03","modified_gmt":"2023-04-27T08:17:03","slug":"cookie-policy","status":"publish","type":"page","link":"https:\/\/traditionundmarkt.com\/sv\/cookie-policy\/","title":{"rendered":"Cookie-policy"},"content":{"rendered":"\n<p>Du kom till den h\u00e4r sidan f\u00f6r att du verkar vilja veta mer detaljer om meddelandet om cookies som du s\u00e5g p\u00e5 v\u00e5r webbplats, och enligt EU-direktiv 2009\/136\/EG &#8211; artikel 5 (3) \u00e4r vi skyldiga att visa det f\u00f6r alla bes\u00f6kare.<\/p>\n\n\n\n<p>Syftet med policyn f\u00f6r cookies \u00e4r att f\u00f6rklara vad de \u00e4r och vad de anv\u00e4nds till, men ocks\u00e5 att ge v\u00e4gledning om hur du kan v\u00e4gra eller radera cookies som genereras av denna webbplats, om du vill.<\/p>\n\n\n\n<h3 class=\"wp-block-heading\">Vad \u00e4r kakor?<\/h3>\n\n\n\n<p>Cookies \u00e4r sm\u00e5 textfiler som lagras p\u00e5 din dator, surfplatta eller mobiltelefon n\u00e4r du bes\u00f6ker en webbplats. Genom att generera dem kommer webbplatsen att komma ih\u00e5g dina bes\u00f6k. och hur du anv\u00e4nde den varje g\u00e5ng du kommer tillbaka hit. Cookien \u00e4r helt &#8221;passiv&#8221;, i den meningen att den inte inneh\u00e5ller n\u00e5gon programvara och inte p\u00e5 n\u00e5got s\u00e4tt kan f\u00e5 tillg\u00e5ng till den information som lagras p\u00e5 anv\u00e4ndarens h\u00e5rddisk.<\/p>\n\n\n\n<p>Cookies p\u00e5 webbplatsen www.traditionundmarkt.com beh\u00e5ller inte personlig information, eftersom du f\u00f6r att se all tillg\u00e4nglig information (text, foton eller video) inte beh\u00f6ver logga in med ditt anv\u00e4ndarnamn\/l\u00f6senord och du beh\u00f6ver inte heller ge oss personlig information.<\/p>\n\n\n\n<h3 class=\"wp-block-heading\">Cookies fr\u00e5n tredje part<\/h3>\n\n\n\n<p>Webbplatsen www.traditionundmarkt.com anv\u00e4nder cookies fr\u00e5n tredje part (Google Adsense, Google Analytics, Facebook, Google+, Twitter osv.) f\u00f6r att anpassa inneh\u00e5llet och de annonser som visas, f\u00f6r att tillhandah\u00e5lla funktioner f\u00f6r sociala medier och f\u00f6r att analysera den trafik som webbplatsen genererar.<\/p>\n\n\n\n<p>Den reklam som du hittar p\u00e5 den h\u00e4r webbplatsen tillh\u00f6r tredje part. Vissa av dessa parter anv\u00e4nder sina egna anonyma cookies f\u00f6r att analysera hur m\u00e5nga som tittat p\u00e5 en annons eller f\u00f6r att se hur m\u00e5nga som tittat p\u00e5 samma annons flera g\u00e5nger. De f\u00f6retag som genererar dessa cookies har sina egna sekretesspolicyer, och webbplatsen www.traditionundmarkt.com har inte tillg\u00e5ng till att l\u00e4sa eller skriva dessa cookies.<\/p>\n\n\n\n<p>N\u00e4r du till exempel delar en artikel med hj\u00e4lp av knapparna f\u00f6r sociala medier (facebook, google + eller twitter) som finns p\u00e5 den h\u00e4r webbplatsen, kommer dessa sociala n\u00e4tverk att registrera din aktivitet varje g\u00e5ng.<\/p>\n\n\n\n<h3 class=\"wp-block-heading\">Varf\u00f6r \u00e4r kakor viktiga f\u00f6r Internet?<\/h3>\n\n\n\n<p>Cookies \u00e4r en central punkt f\u00f6r att Internet ska fungera effektivt och bidra till att garantera en v\u00e4nlig surfupplevelse som \u00e4r anpassad till varje anv\u00e4ndares preferenser och intressen. Om du v\u00e4grar eller inaktiverar cookies kan det g\u00f6ra det om\u00f6jligt att anv\u00e4nda vissa webbplatser. Att avvisa eller inaktivera cookies inneb\u00e4r inte att du inte l\u00e4ngre kommer att f\u00e5 reklam p\u00e5 n\u00e4tet. Detta kommer att leda till att den annons som visas f\u00f6r dig inte l\u00e4ngre tar h\u00e4nsyn till dina preferenser och intressen, som framh\u00e4vs av ditt surfbeteende.<\/p>\n\n\n\n<h3 class=\"wp-block-heading\">Exempel p\u00e5 anv\u00e4ndning av kakor:<\/h3>\n\n\n\n<ul class=\"wp-block-list\">\n<li>Tj\u00e4nster som \u00e4r anpassade till anv\u00e4ndarens \u00f6nskem\u00e5l: nyheter, v\u00e4der, sport, kartor, offentliga tj\u00e4nster, myndighetstj\u00e4nster och resetj\u00e4nster.<\/li>\n\n\n\n<li>Spr\u00e5kpreferenser, till exempel att visa s\u00f6kresultat p\u00e5 rum\u00e4nska.<\/li>\n\n\n\n<li>Bibeh\u00e5llande av barnskyddsfilter f\u00f6r Internetinneh\u00e5ll (alternativ som &#8221;familjel\u00e4ge&#8221; eller &#8221;s\u00e4ker s\u00f6kning&#8221;).<\/li>\n\n\n\n<li>Begr\u00e4nsning av antalet visningar av en annons f\u00f6r en viss anv\u00e4ndare p\u00e5 en webbplats.<\/li>\n\n\n\n<li>tillhandah\u00e5lla reklam som \u00e4r mer relevant f\u00f6r en viss anv\u00e4ndare.<\/li>\n\n\n\n<li>M\u00e4tnings-, optimerings- och analysfunktioner &#8211; t.ex. bekr\u00e4ftelse av en viss niv\u00e5 av trafik till en webbplats, vilken typ av inneh\u00e5ll som ses och hur en anv\u00e4ndare kommer till en webbplats (via s\u00f6kmotorer, direkt fr\u00e5n l\u00e4nkar fr\u00e5n andra webbplatser etc.).<\/li>\n<\/ul>\n\n\n\n<p>F\u00f6r att garantera st\u00f6rre \u00f6ppenhet har vi valt ut n\u00e5gra webbadresser nedan s\u00e5 att du kan f\u00e5 veta mer om tredje parters hantering av cookies:<\/p>\n\n\n\n<p><a href=\"http:\/\/facebook.com\/help\/cookies\/\">Facebook<\/a><br><a href=\"https:\/\/support.twitter.com\/articles\/20170514\">Twitter<\/a><br><a href=\"https:\/\/policies.google.com\/technologies\/cookies\">Google<\/a><br><a href=\"https:\/\/policies.google.com\/technologies\/partner-sites\">Googles partner<\/a><\/p>\n\n\n\n<h3 class=\"wp-block-heading\">S\u00e4kerhets- och integritetsfr\u00e5gor<\/h3>\n\n\n\n<p>Cookies \u00e4r INTE virus, spionprogram eller skadlig kod! De anv\u00e4nder vanliga textformat. De best\u00e5r inte av delar av kod i programmeringsspr\u00e5k, s\u00e5 de kan inte exekveras eller sj\u00e4lvutf\u00f6ras, de kan inte dupliceras eller reproduceras p\u00e5 andra n\u00e4tverk f\u00f6r att k\u00f6ras eller reproduceras igen. Eftersom de inte kan utf\u00f6ra dessa funktioner kan cookies inte infektera ditt system\/din enhet.<\/p>\n\n\n\n<h3 class=\"wp-block-heading\">Hur kan jag stoppa cookies?<\/h3>\n\n\n\n<p>Uppm\u00e4rksamhet! Att inaktivera och v\u00e4gra ta emot cookies kan g\u00f6ra vissa webbplatser om\u00f6jliga eller sv\u00e5ra att bes\u00f6ka och anv\u00e4nda! Att v\u00e4gra acceptera cookies inneb\u00e4r inte heller att du inte l\u00e4ngre kommer att ta emot eller visa reklam p\u00e5 n\u00e4tet.<\/p>\n\n\n\n<p>Alla moderna webbl\u00e4sare erbjuder m\u00f6jligheten att \u00e4ndra inst\u00e4llningarna f\u00f6r cookies. Dessa inst\u00e4llningar finns vanligtvis i avsnittet &#8221;alternativ&#8221; eller i menyn &#8221;inst\u00e4llningar&#8221; i de webbl\u00e4sare som anv\u00e4nds. Anv\u00e4nd hj\u00e4lpalternativet i varje webbl\u00e4sare f\u00f6r att f\u00e5 mer information.<\/p>\n\n\n\n<p>Cookie-inst\u00e4llningar i Internet Explorer: Verktyg-&gt;Internetalternativ-&gt;Frivillighet<br>Cookie-inst\u00e4llningar i Firefox: Verktyg-&gt;Optioner-&gt;Privatliv-&gt;Cookies<br>Cookie-inst\u00e4llningar i Chrome: Verktyg-&gt;Avancerat-&gt;Inneh\u00e5llsinst\u00e4llningar-&gt;Cookies<br>Cookie-inst\u00e4llningar i Opera: Inst\u00e4llningar-&gt;Preferenser-&gt;Avancerat-&gt;Cookies<\/p>\n","protected":false},"excerpt":{"rendered":"<p>Du kom till den h\u00e4r sidan f\u00f6r att du verkar vilja veta mer detaljer om meddelandet om cookies som du s\u00e5g p\u00e5 v\u00e5r webbplats, och enligt EU-direktiv 2009\/136\/EG &#8211; artikel 5 (3) \u00e4r vi skyldiga att visa det f\u00f6r alla bes\u00f6kare. Syftet med policyn f\u00f6r cookies \u00e4r att f\u00f6rklara vad de \u00e4r och vad de [&hellip;]<\/p>\n","protected":false},"author":1,"featured_media":0,"parent":0,"menu_order":0,"comment_status":"closed","ping_status":"closed","template":"","meta":{"_uag_custom_page_level_css":"","site-sidebar-layout":"default","site-content-layout":"","ast-site-content-layout":"default","site-content-style":"default","site-sidebar-style":"default","ast-global-header-display":"","ast-banner-title-visibility":"","ast-main-header-display":"","ast-hfb-above-header-display":"","ast-hfb-below-header-display":"","ast-hfb-mobile-header-display":"","site-post-title":"","ast-breadcrumbs-content":"","ast-featured-img":"","footer-sml-layout":"","ast-disable-related-posts":"","theme-transparent-header-meta":"","adv-header-id-meta":"","stick-header-meta":"","header-above-stick-meta":"","header-main-stick-meta":"","header-below-stick-meta":"","astra-migrate-meta-layouts":"default","ast-page-background-enabled":"default","ast-page-background-meta":{"desktop":{"background-color":"var(--ast-global-color-4)","background-image":"","background-repeat":"repeat","background-position":"center center","background-size":"auto","background-attachment":"scroll","background-type":"","background-media":"","overlay-type":"","overlay-color":"","overlay-opacity":"","overlay-gradient":""},"tablet":{"background-color":"","background-image":"","background-repeat":"repeat","background-position":"center center","background-size":"auto","background-attachment":"scroll","background-type":"","background-media":"","overlay-type":"","overlay-color":"","overlay-opacity":"","overlay-gradient":""},"mobile":{"background-color":"","background-image":"","background-repeat":"repeat","background-position":"center center","background-size":"auto","background-attachment":"scroll","background-type":"","background-media":"","overlay-type":"","overlay-color":"","overlay-opacity":"","overlay-gradient":""}},"ast-content-background-meta":{"desktop":{"background-color":"var(--ast-global-color-5)","background-image":"","background-repeat":"repeat","background-position":"center center","background-size":"auto","background-attachment":"scroll","background-type":"","background-media":"","overlay-type":"","overlay-color":"","overlay-opacity":"","overlay-gradient":""},"tablet":{"background-color":"var(--ast-global-color-5)","background-image":"","background-repeat":"repeat","background-position":"center center","background-size":"auto","background-attachment":"scroll","background-type":"","background-media":"","overlay-type":"","overlay-color":"","overlay-opacity":"","overlay-gradient":""},"mobile":{"background-color":"var(--ast-global-color-5)","background-image":"","background-repeat":"repeat","background-position":"center center","background-size":"auto","background-attachment":"scroll","background-type":"","background-media":"","overlay-type":"","overlay-color":"","overlay-opacity":"","overlay-gradient":""}},"footnotes":""},"class_list":["post-1197","page","type-page","status-publish","hentry"],"yoast_head":"<!-- This site is optimized with the Yoast SEO plugin v27.6 - https:\/\/yoast.com\/product\/yoast-seo-wordpress\/ -->\n<title>Cookie-policy &#8226; Tradition und Markt<\/title>\n<meta name=\"robots\" content=\"index, follow, max-snippet:-1, max-image-preview:large, max-video-preview:-1\" \/>\n<link rel=\"canonical\" href=\"https:\/\/traditionundmarkt.com\/sv\/cookie-policy\/\" \/>\n<meta property=\"og:locale\" content=\"sv_SE\" \/>\n<meta property=\"og:type\" content=\"article\" \/>\n<meta property=\"og:title\" content=\"Cookie-policy &#8226; Tradition und Markt\" \/>\n<meta property=\"og:description\" content=\"Du kom till den h\u00e4r sidan f\u00f6r att du verkar vilja veta mer detaljer om meddelandet om cookies som du s\u00e5g p\u00e5 v\u00e5r webbplats, och enligt EU-direktiv 2009\/136\/EG &#8211; artikel 5 (3) \u00e4r vi skyldiga att visa det f\u00f6r alla bes\u00f6kare. Syftet med policyn f\u00f6r cookies \u00e4r att f\u00f6rklara vad de \u00e4r och vad de [&hellip;]\" \/>\n<meta property=\"og:url\" content=\"https:\/\/traditionundmarkt.com\/sv\/cookie-policy\/\" \/>\n<meta property=\"og:site_name\" content=\"Tradition und Markt\" \/>\n<meta property=\"article:publisher\" content=\"https:\/\/www.facebook.com\/Tradition-und-Markt-Franchise-107325457788905\" \/>\n<meta property=\"article:modified_time\" content=\"2023-04-27T08:17:03+00:00\" \/>\n<meta name=\"twitter:card\" content=\"summary_large_image\" \/>\n<script type=\"application\/ld+json\" class=\"yoast-schema-graph\">{\"@context\":\"https:\\\/\\\/schema.org\",\"@graph\":[{\"@type\":\"WebPage\",\"@id\":\"https:\\\/\\\/traditionundmarkt.com\\\/sv\\\/cookie-policy\\\/\",\"url\":\"https:\\\/\\\/traditionundmarkt.com\\\/sv\\\/cookie-policy\\\/\",\"name\":\"Cookie-policy &#8226; Tradition und Markt\",\"isPartOf\":{\"@id\":\"https:\\\/\\\/traditionundmarkt.com\\\/sv\\\/#website\"},\"datePublished\":\"2023-04-27T08:02:14+00:00\",\"dateModified\":\"2023-04-27T08:17:03+00:00\",\"breadcrumb\":{\"@id\":\"https:\\\/\\\/traditionundmarkt.com\\\/sv\\\/cookie-policy\\\/#breadcrumb\"},\"inLanguage\":\"sv-SE\",\"potentialAction\":[{\"@type\":\"ReadAction\",\"target\":[\"https:\\\/\\\/traditionundmarkt.com\\\/sv\\\/cookie-policy\\\/\"]}]},{\"@type\":\"BreadcrumbList\",\"@id\":\"https:\\\/\\\/traditionundmarkt.com\\\/sv\\\/cookie-policy\\\/#breadcrumb\",\"itemListElement\":[{\"@type\":\"ListItem\",\"position\":1,\"name\":\"Startseite\",\"item\":\"https:\\\/\\\/traditionundmarkt.com\\\/sv\\\/hemsida\\\/\"},{\"@type\":\"ListItem\",\"position\":2,\"name\":\"Cookie-policy\"}]},{\"@type\":\"WebSite\",\"@id\":\"https:\\\/\\\/traditionundmarkt.com\\\/sv\\\/#website\",\"url\":\"https:\\\/\\\/traditionundmarkt.com\\\/sv\\\/\",\"name\":\"Tradition und Markt\",\"description\":\"\",\"publisher\":{\"@id\":\"https:\\\/\\\/traditionundmarkt.com\\\/sv\\\/#organization\"},\"potentialAction\":[{\"@type\":\"SearchAction\",\"target\":{\"@type\":\"EntryPoint\",\"urlTemplate\":\"https:\\\/\\\/traditionundmarkt.com\\\/sv\\\/?s={search_term_string}\"},\"query-input\":{\"@type\":\"PropertyValueSpecification\",\"valueRequired\":true,\"valueName\":\"search_term_string\"}}],\"inLanguage\":\"sv-SE\"},{\"@type\":\"Organization\",\"@id\":\"https:\\\/\\\/traditionundmarkt.com\\\/sv\\\/#organization\",\"name\":\"Tradition und Markt\",\"url\":\"https:\\\/\\\/traditionundmarkt.com\\\/sv\\\/\",\"logo\":{\"@type\":\"ImageObject\",\"inLanguage\":\"sv-SE\",\"@id\":\"https:\\\/\\\/traditionundmarkt.com\\\/sv\\\/#\\\/schema\\\/logo\\\/image\\\/\",\"url\":\"https:\\\/\\\/traditionundmarkt.com\\\/wp-content\\\/uploads\\\/2023\\\/02\\\/Logo-Tradtion-und-Markt-1.webp\",\"contentUrl\":\"https:\\\/\\\/traditionundmarkt.com\\\/wp-content\\\/uploads\\\/2023\\\/02\\\/Logo-Tradtion-und-Markt-1.webp\",\"width\":240,\"height\":239,\"caption\":\"Tradition und Markt\"},\"image\":{\"@id\":\"https:\\\/\\\/traditionundmarkt.com\\\/sv\\\/#\\\/schema\\\/logo\\\/image\\\/\"},\"sameAs\":[\"https:\\\/\\\/www.facebook.com\\\/Tradition-und-Markt-Franchise-107325457788905\",\"https:\\\/\\\/www.instagram.com\\\/tradition_und_markt\\\/\",\"https:\\\/\\\/www.youtube.com\\\/channel\\\/UCW4qQf3iVy3suXbbHzK5_dw\",\"https:\\\/\\\/www.linkedin.com\\\/company\\\/tradition-und-markt-franchise\\\/\"]}]}<\/script>\n<!-- \/ Yoast SEO plugin. -->","yoast_head_json":{"title":"Cookie-policy &#8226; Tradition und Markt","robots":{"index":"index","follow":"follow","max-snippet":"max-snippet:-1","max-image-preview":"max-image-preview:large","max-video-preview":"max-video-preview:-1"},"canonical":"https:\/\/traditionundmarkt.com\/sv\/cookie-policy\/","og_locale":"sv_SE","og_type":"article","og_title":"Cookie-policy &#8226; Tradition und Markt","og_description":"Du kom till den h\u00e4r sidan f\u00f6r att du verkar vilja veta mer detaljer om meddelandet om cookies som du s\u00e5g p\u00e5 v\u00e5r webbplats, och enligt EU-direktiv 2009\/136\/EG &#8211; artikel 5 (3) \u00e4r vi skyldiga att visa det f\u00f6r alla bes\u00f6kare. Syftet med policyn f\u00f6r cookies \u00e4r att f\u00f6rklara vad de \u00e4r och vad de [&hellip;]","og_url":"https:\/\/traditionundmarkt.com\/sv\/cookie-policy\/","og_site_name":"Tradition und Markt","article_publisher":"https:\/\/www.facebook.com\/Tradition-und-Markt-Franchise-107325457788905","article_modified_time":"2023-04-27T08:17:03+00:00","twitter_card":"summary_large_image","schema":{"@context":"https:\/\/schema.org","@graph":[{"@type":"WebPage","@id":"https:\/\/traditionundmarkt.com\/sv\/cookie-policy\/","url":"https:\/\/traditionundmarkt.com\/sv\/cookie-policy\/","name":"Cookie-policy &#8226; Tradition und Markt","isPartOf":{"@id":"https:\/\/traditionundmarkt.com\/sv\/#website"},"datePublished":"2023-04-27T08:02:14+00:00","dateModified":"2023-04-27T08:17:03+00:00","breadcrumb":{"@id":"https:\/\/traditionundmarkt.com\/sv\/cookie-policy\/#breadcrumb"},"inLanguage":"sv-SE","potentialAction":[{"@type":"ReadAction","target":["https:\/\/traditionundmarkt.com\/sv\/cookie-policy\/"]}]},{"@type":"BreadcrumbList","@id":"https:\/\/traditionundmarkt.com\/sv\/cookie-policy\/#breadcrumb","itemListElement":[{"@type":"ListItem","position":1,"name":"Startseite","item":"https:\/\/traditionundmarkt.com\/sv\/hemsida\/"},{"@type":"ListItem","position":2,"name":"Cookie-policy"}]},{"@type":"WebSite","@id":"https:\/\/traditionundmarkt.com\/sv\/#website","url":"https:\/\/traditionundmarkt.com\/sv\/","name":"Tradition und Markt","description":"","publisher":{"@id":"https:\/\/traditionundmarkt.com\/sv\/#organization"},"potentialAction":[{"@type":"SearchAction","target":{"@type":"EntryPoint","urlTemplate":"https:\/\/traditionundmarkt.com\/sv\/?s={search_term_string}"},"query-input":{"@type":"PropertyValueSpecification","valueRequired":true,"valueName":"search_term_string"}}],"inLanguage":"sv-SE"},{"@type":"Organization","@id":"https:\/\/traditionundmarkt.com\/sv\/#organization","name":"Tradition und Markt","url":"https:\/\/traditionundmarkt.com\/sv\/","logo":{"@type":"ImageObject","inLanguage":"sv-SE","@id":"https:\/\/traditionundmarkt.com\/sv\/#\/schema\/logo\/image\/","url":"https:\/\/traditionundmarkt.com\/wp-content\/uploads\/2023\/02\/Logo-Tradtion-und-Markt-1.webp","contentUrl":"https:\/\/traditionundmarkt.com\/wp-content\/uploads\/2023\/02\/Logo-Tradtion-und-Markt-1.webp","width":240,"height":239,"caption":"Tradition und Markt"},"image":{"@id":"https:\/\/traditionundmarkt.com\/sv\/#\/schema\/logo\/image\/"},"sameAs":["https:\/\/www.facebook.com\/Tradition-und-Markt-Franchise-107325457788905","https:\/\/www.instagram.com\/tradition_und_markt\/","https:\/\/www.youtube.com\/channel\/UCW4qQf3iVy3suXbbHzK5_dw","https:\/\/www.linkedin.com\/company\/tradition-und-markt-franchise\/"]}]}},"uagb_featured_image_src":{"full":false,"thumbnail":false,"medium":false,"medium_large":false,"large":false,"1536x1536":false,"2048x2048":false},"uagb_author_info":{"display_name":"ImpactPro","author_link":"https:\/\/traditionundmarkt.com\/sv\/author\/d549d4ea637b0b33\/"},"uagb_comment_info":0,"uagb_excerpt":"Du kom till den h\u00e4r sidan f\u00f6r att du verkar vilja veta mer detaljer om meddelandet om cookies som du s\u00e5g p\u00e5 v\u00e5r webbplats, och enligt EU-direktiv 2009\/136\/EG &#8211; artikel 5 (3) \u00e4r vi skyldiga att visa det f\u00f6r alla bes\u00f6kare. Syftet med policyn f\u00f6r cookies \u00e4r att f\u00f6rklara vad de \u00e4r och vad de&hellip;","_links":{"self":[{"href":"https:\/\/traditionundmarkt.com\/sv\/wp-json\/wp\/v2\/pages\/1197","targetHints":{"allow":["GET"]}}],"collection":[{"href":"https:\/\/traditionundmarkt.com\/sv\/wp-json\/wp\/v2\/pages"}],"about":[{"href":"https:\/\/traditionundmarkt.com\/sv\/wp-json\/wp\/v2\/types\/page"}],"author":[{"embeddable":true,"href":"https:\/\/traditionundmarkt.com\/sv\/wp-json\/wp\/v2\/users\/1"}],"replies":[{"embeddable":true,"href":"https:\/\/traditionundmarkt.com\/sv\/wp-json\/wp\/v2\/comments?post=1197"}],"version-history":[{"count":1,"href":"https:\/\/traditionundmarkt.com\/sv\/wp-json\/wp\/v2\/pages\/1197\/revisions"}],"predecessor-version":[{"id":1198,"href":"https:\/\/traditionundmarkt.com\/sv\/wp-json\/wp\/v2\/pages\/1197\/revisions\/1198"}],"wp:attachment":[{"href":"https:\/\/traditionundmarkt.com\/sv\/wp-json\/wp\/v2\/media?parent=1197"}],"curies":[{"name":"wp","href":"https:\/\/api.w.org\/{rel}","templated":true}]}}