{"id":5450,"date":"2025-09-04T11:45:28","date_gmt":"2025-09-04T09:45:28","guid":{"rendered":"https:\/\/traditionundmarkt.com\/jobs-eschweiler\/"},"modified":"2025-09-06T11:51:16","modified_gmt":"2025-09-06T09:51:16","slug":"jobs-eschweiler","status":"publish","type":"page","link":"https:\/\/traditionundmarkt.com\/sv\/julmarknad-advent-village-eschweiler\/jobs-eschweiler\/","title":{"rendered":"Jobs Eschweiler"},"content":{"rendered":"\n<div class=\"wp-block-uagb-advanced-heading uagb-block-9e1dc364\"><h2 class=\"uagb-heading-text\">Jobs &#8211; Weihnachtsmarkt Adventsdorf Eschweiler<\/h2><\/div>\n\n<div class=\"wp-block-uagb-separator uagb-block-00e9e35b\"><div class=\"wp-block-uagb-separator__inner\" style=\"--my-background-image:\"><\/div><\/div>\n\n<div class=\"wp-block-uagb-container uagb-block-a3b6540f alignfull uagb-is-root-container\"><div class=\"uagb-container-inner-blocks-wrap\">\n<div class=\"wp-block-uagb-container uagb-block-7f4d1305\">\n<p>K\u00e4ra Kollegor,<\/p>\n\n\n\n<p>Vi \u00e4r glada att meddela att vi har lediga platser f\u00f6r v\u00e5ra snackst\u00e5nd och tavernan p\u00e5 den underbara Eschweiler julmarknad. Vi erbjuder tempor\u00e4ra eller heltidsanst\u00e4llningar i en attraktiv arbetsmilj\u00f6. Anst\u00e4llningsperioden str\u00e4cker sig fr\u00e5n den 10 november till den 23 december i \u00e5r och ger dig en speciell arbetsupplevelse under julens festliga period.<\/p>\n\n\n\n<p>Eftersom vi befinner oss p\u00e5 en av Tysklands vackraste julmarknader har ni m\u00f6jlighet att arbeta i en pittoresk och charmig milj\u00f6. Tradition och marknad Eschweiler julmarknad \u00e4r k\u00e4nd f\u00f6r sin magiska atmosf\u00e4r och sitt stora utbud av traditionell mat och dryck.<\/p>\n<\/div>\n\n\n\n<div class=\"wp-block-uagb-container uagb-block-6b205d77\">\n<div class=\"wp-block-uagb-image aligncenter uagb-block-42d731cb wp-block-uagb-image--layout-default wp-block-uagb-image--effect-zoomin wp-block-uagb-image--align-center\"><figure class=\"wp-block-uagb-image__figure\"><img loading=\"lazy\" decoding=\"async\" srcset=\"https:\/\/traditionundmarkt.com\/wp-content\/uploads\/2023\/02\/Tradition-und-markt-21-1024x768.webp\n \" sizes=\"auto, (max-width: 480px) 150px\" src=\"https:\/\/traditionundmarkt.com\/wp-content\/uploads\/2023\/02\/Tradition-und-markt-21-1024x768.webp\" alt=\"\" class=\"uag-image-445\" width=\"1024\" height=\"768\" title=\"\" loading=\"lazy\" role=\"img\"><\/figure><\/div>\n<\/div>\n<\/div><\/div>\n\n<div class=\"wp-block-uagb-container uagb-block-d960906f alignfull uagb-is-root-container\"><div class=\"uagb-container-inner-blocks-wrap\">\n<div class=\"wp-block-uagb-container uagb-block-86f62ba5\">\n<div class=\"wp-block-uagb-image uagb-block-66f82e21 wp-block-uagb-image--layout-default wp-block-uagb-image--effect-zoomin wp-block-uagb-image--align-none\"><figure class=\"wp-block-uagb-image__figure\"><img loading=\"lazy\" decoding=\"async\" srcset=\"https:\/\/traditionundmarkt.com\/wp-content\/uploads\/2023\/02\/Tradition-und-markt-20-1024x768.webp ,https:\/\/traditionundmarkt.com\/wp-content\/uploads\/2023\/02\/Tradition-und-markt-20-1024x768.webp 780w\" sizes=\"auto, (max-width: 480px) 150px\" src=\"https:\/\/traditionundmarkt.com\/wp-content\/uploads\/2023\/02\/Tradition-und-markt-20-1024x768.webp\" alt=\"\" class=\"uag-image-427\" width=\"1024\" height=\"768\" title=\"\" loading=\"lazy\" role=\"img\"><\/figure><\/div>\n<\/div>\n\n\n\n<div class=\"wp-block-uagb-container uagb-block-bbe54f44\">\n<p>Om du \u00e4r intresserad och vill bli en del av v\u00e5rt entusiastiska team, v\u00e4nligen ans\u00f6k via e-post p\u00e5 <a href=\"mailto:adventsdorf.eschweiler@traditionundmarkt.com\" target=\"_blank\" rel=\"noreferrer noopener\">adventsdorf.eschweiler@traditionundmarkt.com<\/a> eller kontakta oss via telefon p\u00e5 <a href=\"tel:00491777163377\" target=\"_blank\" rel=\"noreferrer noopener\">00491777163377.<\/a> Vi ser fram emot att ta emot er ans\u00f6kan och diskutera fler detaljer.<\/p>\n\n\n\n<p>Genom att ansluta er till v\u00e5rt team f\u00e5r ni m\u00f6jlighet att interagera med nya m\u00e4nniskor, l\u00e4ra er om den lokala kulturen och traditionerna samt skapa of\u00f6rgl\u00f6mliga minnen under h\u00f6gtidss\u00e4songen.<\/p>\n\n\n\n<p>Missa inte chansen att vara en del av en unik julupplevelse p\u00e5 en fantastisk plats. Vi ser fram emot att ha er med i v\u00e5rt team!<\/p>\n\n\n\n<p class=\"has-text-align-left\">Med v\u00e4nliga h\u00e4lsningar,<\/p>\n\n\n\n<p class=\"has-text-align-left\">Tradition och marknad Eschweiler-teamet<\/p>\n<\/div>\n<\/div><\/div>\n\n<p><\/p>\n","protected":false},"excerpt":{"rendered":"<p>Jobs &#8211; Weihnachtsmarkt Adventsdorf Eschweiler K\u00e4ra Kollegor, Vi \u00e4r glada att meddela att vi har lediga platser f\u00f6r v\u00e5ra snackst\u00e5nd och tavernan p\u00e5 den underbara Eschweiler julmarknad. Vi erbjuder tempor\u00e4ra eller heltidsanst\u00e4llningar i en attraktiv arbetsmilj\u00f6. Anst\u00e4llningsperioden str\u00e4cker sig fr\u00e5n den 10 november till den 23 december i \u00e5r och ger dig en speciell arbetsupplevelse [&hellip;]<\/p>\n","protected":false},"author":1,"featured_media":0,"parent":5575,"menu_order":0,"comment_status":"closed","ping_status":"closed","template":"","meta":{"_uag_custom_page_level_css":"","site-sidebar-layout":"default","site-content-layout":"","ast-site-content-layout":"default","site-content-style":"default","site-sidebar-style":"default","ast-global-header-display":"","ast-banner-title-visibility":"","ast-main-header-display":"","ast-hfb-above-header-display":"","ast-hfb-below-header-display":"","ast-hfb-mobile-header-display":"","site-post-title":"disabled","ast-breadcrumbs-content":"","ast-featured-img":"","footer-sml-layout":"","ast-disable-related-posts":"","theme-transparent-header-meta":"","adv-header-id-meta":"","stick-header-meta":"","header-above-stick-meta":"","header-main-stick-meta":"","header-below-stick-meta":"","astra-migrate-meta-layouts":"default","ast-page-background-enabled":"default","ast-page-background-meta":{"desktop":{"background-color":"var(--ast-global-color-4)","background-image":"","background-repeat":"repeat","background-position":"center center","background-size":"auto","background-attachment":"scroll","background-type":"","background-media":"","overlay-type":"","overlay-color":"","overlay-opacity":"","overlay-gradient":""},"tablet":{"background-color":"","background-image":"","background-repeat":"repeat","background-position":"center center","background-size":"auto","background-attachment":"scroll","background-type":"","background-media":"","overlay-type":"","overlay-color":"","overlay-opacity":"","overlay-gradient":""},"mobile":{"background-color":"","background-image":"","background-repeat":"repeat","background-position":"center center","background-size":"auto","background-attachment":"scroll","background-type":"","background-media":"","overlay-type":"","overlay-color":"","overlay-opacity":"","overlay-gradient":""}},"ast-content-background-meta":{"desktop":{"background-color":"var(--ast-global-color-5)","background-image":"","background-repeat":"repeat","background-position":"center center","background-size":"auto","background-attachment":"scroll","background-type":"","background-media":"","overlay-type":"","overlay-color":"","overlay-opacity":"","overlay-gradient":""},"tablet":{"background-color":"var(--ast-global-color-5)","background-image":"","background-repeat":"repeat","background-position":"center center","background-size":"auto","background-attachment":"scroll","background-type":"","background-media":"","overlay-type":"","overlay-color":"","overlay-opacity":"","overlay-gradient":""},"mobile":{"background-color":"var(--ast-global-color-5)","background-image":"","background-repeat":"repeat","background-position":"center center","background-size":"auto","background-attachment":"scroll","background-type":"","background-media":"","overlay-type":"","overlay-color":"","overlay-opacity":"","overlay-gradient":""}},"footnotes":""},"class_list":["post-5450","page","type-page","status-publish","hentry"],"yoast_head":"<!-- This site is optimized with the Yoast SEO plugin v27.4 - https:\/\/yoast.com\/product\/yoast-seo-wordpress\/ -->\n<title>Jobs Eschweiler &#8226; Tradition und Markt<\/title>\n<meta name=\"robots\" content=\"index, follow, max-snippet:-1, max-image-preview:large, max-video-preview:-1\" \/>\n<link rel=\"canonical\" href=\"https:\/\/traditionundmarkt.com\/sv\/julmarknad-advent-village-eschweiler\/jobs-eschweiler\/\" \/>\n<meta property=\"og:locale\" content=\"sv_SE\" \/>\n<meta property=\"og:type\" content=\"article\" \/>\n<meta property=\"og:title\" content=\"Jobs Eschweiler &#8226; Tradition und Markt\" \/>\n<meta property=\"og:description\" content=\"Jobs &#8211; Weihnachtsmarkt Adventsdorf Eschweiler K\u00e4ra Kollegor, Vi \u00e4r glada att meddela att vi har lediga platser f\u00f6r v\u00e5ra snackst\u00e5nd och tavernan p\u00e5 den underbara Eschweiler julmarknad. Vi erbjuder tempor\u00e4ra eller heltidsanst\u00e4llningar i en attraktiv arbetsmilj\u00f6. Anst\u00e4llningsperioden str\u00e4cker sig fr\u00e5n den 10 november till den 23 december i \u00e5r och ger dig en speciell arbetsupplevelse [&hellip;]\" \/>\n<meta property=\"og:url\" content=\"https:\/\/traditionundmarkt.com\/sv\/julmarknad-advent-village-eschweiler\/jobs-eschweiler\/\" \/>\n<meta property=\"og:site_name\" content=\"Tradition und Markt\" \/>\n<meta property=\"article:publisher\" content=\"https:\/\/www.facebook.com\/Tradition-und-Markt-Franchise-107325457788905\" \/>\n<meta property=\"article:modified_time\" content=\"2025-09-06T09:51:16+00:00\" \/>\n<meta property=\"og:image\" content=\"https:\/\/traditionundmarkt.com\/wp-content\/uploads\/2023\/02\/Tradition-und-markt-21-1024x768.webp\" \/>\n<meta name=\"twitter:card\" content=\"summary_large_image\" \/>\n<script type=\"application\/ld+json\" class=\"yoast-schema-graph\">{\"@context\":\"https:\\\/\\\/schema.org\",\"@graph\":[{\"@type\":\"WebPage\",\"@id\":\"https:\\\/\\\/traditionundmarkt.com\\\/sv\\\/julmarknad-advent-village-eschweiler\\\/jobs-eschweiler\\\/\",\"url\":\"https:\\\/\\\/traditionundmarkt.com\\\/sv\\\/julmarknad-advent-village-eschweiler\\\/jobs-eschweiler\\\/\",\"name\":\"Jobs Eschweiler &#8226; Tradition und Markt\",\"isPartOf\":{\"@id\":\"https:\\\/\\\/traditionundmarkt.com\\\/sv\\\/#website\"},\"primaryImageOfPage\":{\"@id\":\"https:\\\/\\\/traditionundmarkt.com\\\/sv\\\/julmarknad-advent-village-eschweiler\\\/jobs-eschweiler\\\/#primaryimage\"},\"image\":{\"@id\":\"https:\\\/\\\/traditionundmarkt.com\\\/sv\\\/julmarknad-advent-village-eschweiler\\\/jobs-eschweiler\\\/#primaryimage\"},\"thumbnailUrl\":\"https:\\\/\\\/traditionundmarkt.com\\\/wp-content\\\/uploads\\\/2023\\\/02\\\/Tradition-und-markt-21-1024x768.webp\",\"datePublished\":\"2025-09-04T09:45:28+00:00\",\"dateModified\":\"2025-09-06T09:51:16+00:00\",\"breadcrumb\":{\"@id\":\"https:\\\/\\\/traditionundmarkt.com\\\/sv\\\/julmarknad-advent-village-eschweiler\\\/jobs-eschweiler\\\/#breadcrumb\"},\"inLanguage\":\"sv-SE\",\"potentialAction\":[{\"@type\":\"ReadAction\",\"target\":[\"https:\\\/\\\/traditionundmarkt.com\\\/sv\\\/julmarknad-advent-village-eschweiler\\\/jobs-eschweiler\\\/\"]}]},{\"@type\":\"ImageObject\",\"inLanguage\":\"sv-SE\",\"@id\":\"https:\\\/\\\/traditionundmarkt.com\\\/sv\\\/julmarknad-advent-village-eschweiler\\\/jobs-eschweiler\\\/#primaryimage\",\"url\":\"https:\\\/\\\/traditionundmarkt.com\\\/wp-content\\\/uploads\\\/2023\\\/02\\\/Tradition-und-markt-21-1024x768.webp\",\"contentUrl\":\"https:\\\/\\\/traditionundmarkt.com\\\/wp-content\\\/uploads\\\/2023\\\/02\\\/Tradition-und-markt-21-1024x768.webp\"},{\"@type\":\"BreadcrumbList\",\"@id\":\"https:\\\/\\\/traditionundmarkt.com\\\/sv\\\/julmarknad-advent-village-eschweiler\\\/jobs-eschweiler\\\/#breadcrumb\",\"itemListElement\":[{\"@type\":\"ListItem\",\"position\":1,\"name\":\"Startseite\",\"item\":\"https:\\\/\\\/traditionundmarkt.com\\\/sv\\\/hemsida\\\/\"},{\"@type\":\"ListItem\",\"position\":2,\"name\":\"Julmarknad Advent Village Eschweiler\",\"item\":\"https:\\\/\\\/traditionundmarkt.com\\\/sv\\\/julmarknad-advent-village-eschweiler\\\/\"},{\"@type\":\"ListItem\",\"position\":3,\"name\":\"Jobs Eschweiler\"}]},{\"@type\":\"WebSite\",\"@id\":\"https:\\\/\\\/traditionundmarkt.com\\\/sv\\\/#website\",\"url\":\"https:\\\/\\\/traditionundmarkt.com\\\/sv\\\/\",\"name\":\"Tradition und Markt\",\"description\":\"\",\"publisher\":{\"@id\":\"https:\\\/\\\/traditionundmarkt.com\\\/sv\\\/#organization\"},\"potentialAction\":[{\"@type\":\"SearchAction\",\"target\":{\"@type\":\"EntryPoint\",\"urlTemplate\":\"https:\\\/\\\/traditionundmarkt.com\\\/sv\\\/?s={search_term_string}\"},\"query-input\":{\"@type\":\"PropertyValueSpecification\",\"valueRequired\":true,\"valueName\":\"search_term_string\"}}],\"inLanguage\":\"sv-SE\"},{\"@type\":\"Organization\",\"@id\":\"https:\\\/\\\/traditionundmarkt.com\\\/sv\\\/#organization\",\"name\":\"Tradition und Markt\",\"url\":\"https:\\\/\\\/traditionundmarkt.com\\\/sv\\\/\",\"logo\":{\"@type\":\"ImageObject\",\"inLanguage\":\"sv-SE\",\"@id\":\"https:\\\/\\\/traditionundmarkt.com\\\/sv\\\/#\\\/schema\\\/logo\\\/image\\\/\",\"url\":\"https:\\\/\\\/traditionundmarkt.com\\\/wp-content\\\/uploads\\\/2023\\\/02\\\/Logo-Tradtion-und-Markt-1.webp\",\"contentUrl\":\"https:\\\/\\\/traditionundmarkt.com\\\/wp-content\\\/uploads\\\/2023\\\/02\\\/Logo-Tradtion-und-Markt-1.webp\",\"width\":240,\"height\":239,\"caption\":\"Tradition und Markt\"},\"image\":{\"@id\":\"https:\\\/\\\/traditionundmarkt.com\\\/sv\\\/#\\\/schema\\\/logo\\\/image\\\/\"},\"sameAs\":[\"https:\\\/\\\/www.facebook.com\\\/Tradition-und-Markt-Franchise-107325457788905\",\"https:\\\/\\\/www.instagram.com\\\/tradition_und_markt\\\/\",\"https:\\\/\\\/www.youtube.com\\\/channel\\\/UCW4qQf3iVy3suXbbHzK5_dw\",\"https:\\\/\\\/www.linkedin.com\\\/company\\\/tradition-und-markt-franchise\\\/\"]}]}<\/script>\n<!-- \/ Yoast SEO plugin. -->","yoast_head_json":{"title":"Jobs Eschweiler &#8226; Tradition und Markt","robots":{"index":"index","follow":"follow","max-snippet":"max-snippet:-1","max-image-preview":"max-image-preview:large","max-video-preview":"max-video-preview:-1"},"canonical":"https:\/\/traditionundmarkt.com\/sv\/julmarknad-advent-village-eschweiler\/jobs-eschweiler\/","og_locale":"sv_SE","og_type":"article","og_title":"Jobs Eschweiler &#8226; Tradition und Markt","og_description":"Jobs &#8211; Weihnachtsmarkt Adventsdorf Eschweiler K\u00e4ra Kollegor, Vi \u00e4r glada att meddela att vi har lediga platser f\u00f6r v\u00e5ra snackst\u00e5nd och tavernan p\u00e5 den underbara Eschweiler julmarknad. Vi erbjuder tempor\u00e4ra eller heltidsanst\u00e4llningar i en attraktiv arbetsmilj\u00f6. Anst\u00e4llningsperioden str\u00e4cker sig fr\u00e5n den 10 november till den 23 december i \u00e5r och ger dig en speciell arbetsupplevelse [&hellip;]","og_url":"https:\/\/traditionundmarkt.com\/sv\/julmarknad-advent-village-eschweiler\/jobs-eschweiler\/","og_site_name":"Tradition und Markt","article_publisher":"https:\/\/www.facebook.com\/Tradition-und-Markt-Franchise-107325457788905","article_modified_time":"2025-09-06T09:51:16+00:00","og_image":[{"url":"https:\/\/traditionundmarkt.com\/wp-content\/uploads\/2023\/02\/Tradition-und-markt-21-1024x768.webp","type":"","width":"","height":""}],"twitter_card":"summary_large_image","schema":{"@context":"https:\/\/schema.org","@graph":[{"@type":"WebPage","@id":"https:\/\/traditionundmarkt.com\/sv\/julmarknad-advent-village-eschweiler\/jobs-eschweiler\/","url":"https:\/\/traditionundmarkt.com\/sv\/julmarknad-advent-village-eschweiler\/jobs-eschweiler\/","name":"Jobs Eschweiler &#8226; Tradition und Markt","isPartOf":{"@id":"https:\/\/traditionundmarkt.com\/sv\/#website"},"primaryImageOfPage":{"@id":"https:\/\/traditionundmarkt.com\/sv\/julmarknad-advent-village-eschweiler\/jobs-eschweiler\/#primaryimage"},"image":{"@id":"https:\/\/traditionundmarkt.com\/sv\/julmarknad-advent-village-eschweiler\/jobs-eschweiler\/#primaryimage"},"thumbnailUrl":"https:\/\/traditionundmarkt.com\/wp-content\/uploads\/2023\/02\/Tradition-und-markt-21-1024x768.webp","datePublished":"2025-09-04T09:45:28+00:00","dateModified":"2025-09-06T09:51:16+00:00","breadcrumb":{"@id":"https:\/\/traditionundmarkt.com\/sv\/julmarknad-advent-village-eschweiler\/jobs-eschweiler\/#breadcrumb"},"inLanguage":"sv-SE","potentialAction":[{"@type":"ReadAction","target":["https:\/\/traditionundmarkt.com\/sv\/julmarknad-advent-village-eschweiler\/jobs-eschweiler\/"]}]},{"@type":"ImageObject","inLanguage":"sv-SE","@id":"https:\/\/traditionundmarkt.com\/sv\/julmarknad-advent-village-eschweiler\/jobs-eschweiler\/#primaryimage","url":"https:\/\/traditionundmarkt.com\/wp-content\/uploads\/2023\/02\/Tradition-und-markt-21-1024x768.webp","contentUrl":"https:\/\/traditionundmarkt.com\/wp-content\/uploads\/2023\/02\/Tradition-und-markt-21-1024x768.webp"},{"@type":"BreadcrumbList","@id":"https:\/\/traditionundmarkt.com\/sv\/julmarknad-advent-village-eschweiler\/jobs-eschweiler\/#breadcrumb","itemListElement":[{"@type":"ListItem","position":1,"name":"Startseite","item":"https:\/\/traditionundmarkt.com\/sv\/hemsida\/"},{"@type":"ListItem","position":2,"name":"Julmarknad Advent Village Eschweiler","item":"https:\/\/traditionundmarkt.com\/sv\/julmarknad-advent-village-eschweiler\/"},{"@type":"ListItem","position":3,"name":"Jobs Eschweiler"}]},{"@type":"WebSite","@id":"https:\/\/traditionundmarkt.com\/sv\/#website","url":"https:\/\/traditionundmarkt.com\/sv\/","name":"Tradition und Markt","description":"","publisher":{"@id":"https:\/\/traditionundmarkt.com\/sv\/#organization"},"potentialAction":[{"@type":"SearchAction","target":{"@type":"EntryPoint","urlTemplate":"https:\/\/traditionundmarkt.com\/sv\/?s={search_term_string}"},"query-input":{"@type":"PropertyValueSpecification","valueRequired":true,"valueName":"search_term_string"}}],"inLanguage":"sv-SE"},{"@type":"Organization","@id":"https:\/\/traditionundmarkt.com\/sv\/#organization","name":"Tradition und Markt","url":"https:\/\/traditionundmarkt.com\/sv\/","logo":{"@type":"ImageObject","inLanguage":"sv-SE","@id":"https:\/\/traditionundmarkt.com\/sv\/#\/schema\/logo\/image\/","url":"https:\/\/traditionundmarkt.com\/wp-content\/uploads\/2023\/02\/Logo-Tradtion-und-Markt-1.webp","contentUrl":"https:\/\/traditionundmarkt.com\/wp-content\/uploads\/2023\/02\/Logo-Tradtion-und-Markt-1.webp","width":240,"height":239,"caption":"Tradition und Markt"},"image":{"@id":"https:\/\/traditionundmarkt.com\/sv\/#\/schema\/logo\/image\/"},"sameAs":["https:\/\/www.facebook.com\/Tradition-und-Markt-Franchise-107325457788905","https:\/\/www.instagram.com\/tradition_und_markt\/","https:\/\/www.youtube.com\/channel\/UCW4qQf3iVy3suXbbHzK5_dw","https:\/\/www.linkedin.com\/company\/tradition-und-markt-franchise\/"]}]}},"uagb_featured_image_src":{"full":false,"thumbnail":false,"medium":false,"medium_large":false,"large":false,"1536x1536":false,"2048x2048":false},"uagb_author_info":{"display_name":"ImpactPro","author_link":"https:\/\/traditionundmarkt.com\/sv\/author\/d549d4ea637b0b33\/"},"uagb_comment_info":0,"uagb_excerpt":"Jobs &#8211; Weihnachtsmarkt Adventsdorf Eschweiler K\u00e4ra Kollegor, Vi \u00e4r glada att meddela att vi har lediga platser f\u00f6r v\u00e5ra snackst\u00e5nd och tavernan p\u00e5 den underbara Eschweiler julmarknad. Vi erbjuder tempor\u00e4ra eller heltidsanst\u00e4llningar i en attraktiv arbetsmilj\u00f6. Anst\u00e4llningsperioden str\u00e4cker sig fr\u00e5n den 10 november till den 23 december i \u00e5r och ger dig en speciell arbetsupplevelse&hellip;","_links":{"self":[{"href":"https:\/\/traditionundmarkt.com\/sv\/wp-json\/wp\/v2\/pages\/5450","targetHints":{"allow":["GET"]}}],"collection":[{"href":"https:\/\/traditionundmarkt.com\/sv\/wp-json\/wp\/v2\/pages"}],"about":[{"href":"https:\/\/traditionundmarkt.com\/sv\/wp-json\/wp\/v2\/types\/page"}],"author":[{"embeddable":true,"href":"https:\/\/traditionundmarkt.com\/sv\/wp-json\/wp\/v2\/users\/1"}],"replies":[{"embeddable":true,"href":"https:\/\/traditionundmarkt.com\/sv\/wp-json\/wp\/v2\/comments?post=5450"}],"version-history":[{"count":2,"href":"https:\/\/traditionundmarkt.com\/sv\/wp-json\/wp\/v2\/pages\/5450\/revisions"}],"predecessor-version":[{"id":5672,"href":"https:\/\/traditionundmarkt.com\/sv\/wp-json\/wp\/v2\/pages\/5450\/revisions\/5672"}],"up":[{"embeddable":true,"href":"https:\/\/traditionundmarkt.com\/sv\/wp-json\/wp\/v2\/pages\/5575"}],"wp:attachment":[{"href":"https:\/\/traditionundmarkt.com\/sv\/wp-json\/wp\/v2\/media?parent=5450"}],"curies":[{"name":"wp","href":"https:\/\/api.w.org\/{rel}","templated":true}]}}